{"id":19751,"date":"2023-04-10T22:31:30","date_gmt":"2023-04-10T22:31:30","guid":{"rendered":"https:\/\/paymentdiscounter.com\/?post_type=product&#038;p=19751"},"modified":"2024-10-24T14:46:36","modified_gmt":"2024-10-24T14:46:36","slug":"dockingstation-pax-a77","status":"publish","type":"product","link":"https:\/\/paymentdiscounter.com\/pt\/product\/dockingstation-pax-a77\/","title":{"rendered":"Pax A77 Dockingstation"},"content":{"rendered":"","protected":false},"excerpt":{"rendered":"<p>Com uma docking station Pax A77, seu terminal de pagamento sempre ter\u00e1 a bateria cheia. Voc\u00ea pode facilmente colocar o terminal de pagamento no suporte, conect\u00e1-lo a um carregador Pax e deixar que a dockingstation fa\u00e7a o resto.<\/p>\n<p>Essa esta\u00e7\u00e3o de acoplamento ajuda a evitar problemas como baterias descarregadas ou danos causados por quebra de cabos que podem levar a curtos-circuitos. Use uma base Pax original para garantir a compatibilidade adequada e o desempenho ideal.<\/p>\n<p>A docking station Pax A77 \u00e9 um acess\u00f3rio \u00fatil para os comerciantes que precisam manter seus terminais de pagamento carregados e prontos para uso o tempo todo.<\/p>\n<p>&nbsp;<\/p>","protected":false},"featured_media":19753,"comment_status":"open","ping_status":"closed","template":"","meta":[],"product_cat":[730,1482],"product_tag":[2625,3334,690,694,728,1438,2611,1314,2609],"acf":[],"_links":{"self":[{"href":"https:\/\/paymentdiscounter.com\/pt\/wp-json\/wp\/v2\/product\/19751"}],"collection":[{"href":"https:\/\/paymentdiscounter.com\/pt\/wp-json\/wp\/v2\/product"}],"about":[{"href":"https:\/\/paymentdiscounter.com\/pt\/wp-json\/wp\/v2\/types\/product"}],"replies":[{"embeddable":true,"href":"https:\/\/paymentdiscounter.com\/pt\/wp-json\/wp\/v2\/comments?post=19751"}],"version-history":[{"count":1,"href":"https:\/\/paymentdiscounter.com\/pt\/wp-json\/wp\/v2\/product\/19751\/revisions"}],"predecessor-version":[{"id":19755,"href":"https:\/\/paymentdiscounter.com\/pt\/wp-json\/wp\/v2\/product\/19751\/revisions\/19755"}],"wp:featuredmedia":[{"embeddable":true,"href":"https:\/\/paymentdiscounter.com\/pt\/wp-json\/wp\/v2\/media\/19753"}],"wp:attachment":[{"href":"https:\/\/paymentdiscounter.com\/pt\/wp-json\/wp\/v2\/media?parent=19751"}],"wp:term":[{"taxonomy":"product_cat","embeddable":true,"href":"https:\/\/paymentdiscounter.com\/pt\/wp-json\/wp\/v2\/product_cat?post=19751"},{"taxonomy":"product_tag","embeddable":true,"href":"https:\/\/paymentdiscounter.com\/pt\/wp-json\/wp\/v2\/product_tag?post=19751"}],"curies":[{"name":"wp","href":"https:\/\/api.w.org\/{rel}","templated":true}]}}