{"id":19298,"date":"2023-04-06T09:36:56","date_gmt":"2023-04-06T09:36:56","guid":{"rendered":"https:\/\/paymentdiscounter.com\/?post_type=product&#038;p=19298"},"modified":"2026-03-07T11:53:07","modified_gmt":"2026-03-07T11:53:07","slug":"capa-protetora-pax-a920-preta","status":"publish","type":"product","link":"https:\/\/paymentdiscounter.com\/pt\/product\/capa-protetora-pax-a920-preta\/","title":{"rendered":"Pax A920 Capa protetora preta"},"content":{"rendered":"","protected":false},"excerpt":{"rendered":"<p>Usar uma capa protetora Pax A920 para seu terminal de pagamento \u00e9 uma maneira simples de evitar danos ao seu terminal de pagamento m\u00f3vel. Ela mant\u00e9m seu terminal em boas condi\u00e7\u00f5es por mais tempo e ajuda a evitar custos de reparos caros. Com a capa protetora Pax A920, voc\u00ea pode garantir que seu terminal de pagamento m\u00f3vel fique mais protegido contra danos causados por \u00e1gua, impacto e queda.<\/p>\n<p>Evite danos e custos de reparo elevados usando nossa capa protetora para terminais de pagamento m\u00f3vel. Al\u00e9m disso, a capa protetora Pax A920 \u00e9 leve e f\u00e1cil de colocar, o que a torna um acess\u00f3rio conveniente para qualquer empresa que dependa do processamento de pagamentos m\u00f3veis.<\/p>","protected":false},"featured_media":19319,"comment_status":"open","ping_status":"closed","template":"","meta":[],"product_cat":[730,1485],"product_tag":[2610,3333,3840,901,728,1488,2611,1536,891,735,3844,996],"acf":[],"_links":{"self":[{"href":"https:\/\/paymentdiscounter.com\/pt\/wp-json\/wp\/v2\/product\/19298"}],"collection":[{"href":"https:\/\/paymentdiscounter.com\/pt\/wp-json\/wp\/v2\/product"}],"about":[{"href":"https:\/\/paymentdiscounter.com\/pt\/wp-json\/wp\/v2\/types\/product"}],"replies":[{"embeddable":true,"href":"https:\/\/paymentdiscounter.com\/pt\/wp-json\/wp\/v2\/comments?post=19298"}],"version-history":[{"count":8,"href":"https:\/\/paymentdiscounter.com\/pt\/wp-json\/wp\/v2\/product\/19298\/revisions"}],"predecessor-version":[{"id":36659,"href":"https:\/\/paymentdiscounter.com\/pt\/wp-json\/wp\/v2\/product\/19298\/revisions\/36659"}],"wp:featuredmedia":[{"embeddable":true,"href":"https:\/\/paymentdiscounter.com\/pt\/wp-json\/wp\/v2\/media\/19319"}],"wp:attachment":[{"href":"https:\/\/paymentdiscounter.com\/pt\/wp-json\/wp\/v2\/media?parent=19298"}],"wp:term":[{"taxonomy":"product_cat","embeddable":true,"href":"https:\/\/paymentdiscounter.com\/pt\/wp-json\/wp\/v2\/product_cat?post=19298"},{"taxonomy":"product_tag","embeddable":true,"href":"https:\/\/paymentdiscounter.com\/pt\/wp-json\/wp\/v2\/product_tag?post=19298"}],"curies":[{"name":"wp","href":"https:\/\/api.w.org\/{rel}","templated":true}]}}