{"id":19293,"date":"2023-04-06T09:16:50","date_gmt":"2023-04-06T09:16:50","guid":{"rendered":"https:\/\/paymentdiscounter.com\/?post_type=product&#038;p=19293"},"modified":"2025-05-07T12:39:47","modified_gmt":"2025-05-07T12:39:47","slug":"tampa-da-bateria-do-pax-a920","status":"publish","type":"product","link":"https:\/\/paymentdiscounter.com\/pt\/product\/tampa-da-bateria-do-pax-a920\/","title":{"rendered":"Pax Tampa da bateria do A920"},"content":{"rendered":"<p>A tampa traseira do terminal Pax A920 pode sofrer danos na porta traseira se cair ou receber um impacto. Isso geralmente pode ser visto por meio do mecanismo deslizante na parte inferior do dispositivo de pagamento. Esse mecanismo de deslizamento garante que a bateria fique firmemente travada e n\u00e3o caia. Se voc\u00ea tiver dificuldades para fechar a tampa ou se houver danos vis\u00edveis na tampa, \u00e9 recomend\u00e1vel substituir a tampa traseira a tempo.<\/p>\n<p>Embora prender temporariamente a tampa traseira com fita adesiva possa ser uma solu\u00e7\u00e3o tempor\u00e1ria, h\u00e1 um risco significativo de ela falhar e causar um curto-circuito devido ao mau contato com a bateria. Para evitar esses riscos, \u00e9 recomend\u00e1vel encomendar uma nova tampa de bateria Pax A920 original na loja virtual. Fa\u00e7a seu pedido antes das 16:00 horas e n\u00f3s o enviaremos no mesmo dia.<\/p>","protected":false},"excerpt":{"rendered":"<p>A porta da bateria do terminal Pax A920 est\u00e1 localizada na parte inferior e serve como prote\u00e7\u00e3o para a bateria e os componentes internos. Ela pode ser aberta e fechada sem esfor\u00e7o usando o mecanismo deslizante para facilitar a substitui\u00e7\u00e3o da bateria quando necess\u00e1rio.<\/p>\n<p>Voc\u00ea pode comprar a tampa da bateria Pax A920 em nossa loja on-line. Os pedidos feitos antes das 16:00 s\u00e3o enviados no mesmo dia. Esse produto aut\u00eantico da Pax n\u00e3o \u00e9 apenas f\u00e1cil de instalar, mas tamb\u00e9m oferece prote\u00e7\u00e3o para pe\u00e7as cr\u00edticas, como o interior.<\/p>\n<h1 style=\"color: #37557a; font-size: 12px;\">*Apenas capa traseira. Terminal n\u00e3o inclu\u00eddo<\/h1>","protected":false},"featured_media":19295,"comment_status":"open","ping_status":"closed","template":"","meta":[],"product_cat":[730,1485],"product_tag":[2610,3333,1369,2612,728,1488,2611],"acf":[],"_links":{"self":[{"href":"https:\/\/paymentdiscounter.com\/pt\/wp-json\/wp\/v2\/product\/19293"}],"collection":[{"href":"https:\/\/paymentdiscounter.com\/pt\/wp-json\/wp\/v2\/product"}],"about":[{"href":"https:\/\/paymentdiscounter.com\/pt\/wp-json\/wp\/v2\/types\/product"}],"replies":[{"embeddable":true,"href":"https:\/\/paymentdiscounter.com\/pt\/wp-json\/wp\/v2\/comments?post=19293"}],"version-history":[{"count":2,"href":"https:\/\/paymentdiscounter.com\/pt\/wp-json\/wp\/v2\/product\/19293\/revisions"}],"predecessor-version":[{"id":19297,"href":"https:\/\/paymentdiscounter.com\/pt\/wp-json\/wp\/v2\/product\/19293\/revisions\/19297"}],"wp:featuredmedia":[{"embeddable":true,"href":"https:\/\/paymentdiscounter.com\/pt\/wp-json\/wp\/v2\/media\/19295"}],"wp:attachment":[{"href":"https:\/\/paymentdiscounter.com\/pt\/wp-json\/wp\/v2\/media?parent=19293"}],"wp:term":[{"taxonomy":"product_cat","embeddable":true,"href":"https:\/\/paymentdiscounter.com\/pt\/wp-json\/wp\/v2\/product_cat?post=19293"},{"taxonomy":"product_tag","embeddable":true,"href":"https:\/\/paymentdiscounter.com\/pt\/wp-json\/wp\/v2\/product_tag?post=19293"}],"curies":[{"name":"wp","href":"https:\/\/api.w.org\/{rel}","templated":true}]}}