{"id":14514,"date":"2022-05-25T11:11:01","date_gmt":"2022-05-25T11:11:01","guid":{"rendered":"https:\/\/paymentdiscounter.com\/?post_type=product&#038;p=14514"},"modified":"2023-07-22T22:04:39","modified_gmt":"2023-07-22T22:04:39","slug":"placa-traseira-do-ingenico-desk-5000","status":"publish","type":"product","link":"https:\/\/paymentdiscounter.com\/pt\/product\/placa-traseira-do-ingenico-desk-5000\/","title":{"rendered":"Placa traseira do Desk 5000 Ingenico"},"content":{"rendered":"","protected":false},"excerpt":{"rendered":"<p>A placa traseira do pacote de ped\u00e1gio Ingenico Desk 5000 tailwind \u00e9 uma placa de montagem usada para prender a m\u00e1quina ao poste de pagamento. Fixe facilmente a placa traseira na parte inferior do terminal de pagamento e encaixe o terminal de pagamento no suporte.<\/p>\n<p>Ao usar um padr\u00e3o Tailwind, voc\u00ea evita danos e custos de reparo caros.<\/p>","protected":false},"featured_media":14515,"comment_status":"open","ping_status":"closed","template":"","meta":[],"product_cat":[705,827],"product_tag":[1893,703,1161,1894,1326],"acf":[],"_links":{"self":[{"href":"https:\/\/paymentdiscounter.com\/pt\/wp-json\/wp\/v2\/product\/14514"}],"collection":[{"href":"https:\/\/paymentdiscounter.com\/pt\/wp-json\/wp\/v2\/product"}],"about":[{"href":"https:\/\/paymentdiscounter.com\/pt\/wp-json\/wp\/v2\/types\/product"}],"replies":[{"embeddable":true,"href":"https:\/\/paymentdiscounter.com\/pt\/wp-json\/wp\/v2\/comments?post=14514"}],"version-history":[{"count":3,"href":"https:\/\/paymentdiscounter.com\/pt\/wp-json\/wp\/v2\/product\/14514\/revisions"}],"predecessor-version":[{"id":15648,"href":"https:\/\/paymentdiscounter.com\/pt\/wp-json\/wp\/v2\/product\/14514\/revisions\/15648"}],"wp:featuredmedia":[{"embeddable":true,"href":"https:\/\/paymentdiscounter.com\/pt\/wp-json\/wp\/v2\/media\/14515"}],"wp:attachment":[{"href":"https:\/\/paymentdiscounter.com\/pt\/wp-json\/wp\/v2\/media?parent=14514"}],"wp:term":[{"taxonomy":"product_cat","embeddable":true,"href":"https:\/\/paymentdiscounter.com\/pt\/wp-json\/wp\/v2\/product_cat?post=14514"},{"taxonomy":"product_tag","embeddable":true,"href":"https:\/\/paymentdiscounter.com\/pt\/wp-json\/wp\/v2\/product_tag?post=14514"}],"curies":[{"name":"wp","href":"https:\/\/api.w.org\/{rel}","templated":true}]}}