{"id":14479,"date":"2022-05-24T17:28:44","date_gmt":"2022-05-24T17:28:44","guid":{"rendered":"https:\/\/paymentdiscounter.com\/?post_type=product&#038;p=14479"},"modified":"2023-04-21T10:53:45","modified_gmt":"2023-04-21T10:53:45","slug":"sunmi-v2s-plus","status":"publish","type":"product","link":"https:\/\/paymentdiscounter.com\/pt\/product\/sunmi-v2s-plus\/","title":{"rendered":"SUNMI V2s PLUS"},"content":{"rendered":"<p>O Sunmi V2s Plus \u00e9 um terminal m\u00f3vel inteligente que ultrapassa os limites para ajud\u00e1-lo a fazer mais. N\u00e3o importa se voc\u00ea trabalha com entrega, armazenamento, vendas de loteria, varejo ou atacado. O V2s Plus \u00e9 o dispositivo perfeito para ajud\u00e1-lo a levar seus neg\u00f3cios para o pr\u00f3ximo n\u00edvel. Com seus recursos inovadores e design superior, o V2s Plus \u00e9 um divisor de \u00e1guas no mundo dos terminais m\u00f3veis.<\/p>\n<p><strong>Entrega, armazenamento, vendas de loteria e varejo<\/strong><br \/>\nO V2s Plus \u00e9 um dispositivo vers\u00e1til que pode ser usado em uma variedade de setores. Com sua capacidade de ler c\u00f3digos de barras e imprimir etiquetas de entrega, o V2s Plus \u00e9 a ferramenta perfeita para servi\u00e7os de campo. Voc\u00ea n\u00e3o precisa mais carregar um PDA e uma impressora Bluetooth, pois o V2s Plus faz tudo isso. Al\u00e9m disso, o V2s Plus pode coletar e carregar informa\u00e7\u00f5es de itens e imprimir etiquetas de itens, garantindo que seu invent\u00e1rio esteja sempre atualizado. O design compacto do V2s Plus o torna ideal para vendas em lot\u00e9ricas, deixando mais espa\u00e7o para as mercadorias e aumentando os lucros. Para empresas de varejo, o V2s Plus facilita o acesso a informa\u00e7\u00f5es sobre itens e promo\u00e7\u00f5es, e os clientes podem digitalizar para pagar em vez de esperar em uma longa fila no caixa.<\/p>\n<p><strong>Inova\u00e7\u00e3o e novos add-ons<\/strong><br \/>\nO V2s Plus est\u00e1 sempre ampliando os limites da inova\u00e7\u00e3o e os novos complementos n\u00e3o s\u00e3o exce\u00e7\u00e3o. A vers\u00e3o padr\u00e3o do V2s Plus vem com 2 GB de RAM e 16 GB de ROM, enquanto a vers\u00e3o com scanner e a vers\u00e3o GMS v\u00eam com 3 GB de RAM e 32 GB de ROM. Al\u00e9m disso, o V2s Plus conta com uma impressora embutida de 80 mm, o que o torna o primeiro dispositivo port\u00e1til a integrar uma impressora desse tipo. Essa impressora permite que voc\u00ea imprima recibos, etiquetas e marcas pretas com facilidade. A tela de 6,22\u2033 com design de entalhe em forma de gota d'\u00e1gua proporciona a melhor experi\u00eancia visual, enquanto a c\u00e2mera frontal r\u00e1pida permite a identifica\u00e7\u00e3o de funcion\u00e1rios e pagamentos usando o reconhecimento facial. A c\u00e2mera traseira HD vem com op\u00e7\u00f5es de 5 MP e 13 MP, facilitando a realiza\u00e7\u00e3o de pagamentos baseados em c\u00f3digo de barras e fotos de comprova\u00e7\u00e3o.<\/p>\n<p><strong>Plant\u00e3o, 24 horas por dia<\/strong><br \/>\nO V2s Plus foi projetado para funcionar 24 horas por dia. Com sua bateria remov\u00edvel de grande capacidade de 7,7V\/3500mAh, o V2s Plus pode durar at\u00e9 14 dias no modo de espera e mais de 16 horas em uso cont\u00ednuo. O chip inteligente integrado \u00e9 equipado com o algoritmo Sunmi para prolongar a vida \u00fatil da bateria, garantindo que seu dispositivo dure o tempo que voc\u00ea precisar.<\/p>\n<p><strong>Design superior<\/strong><br \/>\nO V2s Plus ganhou o pr\u00eamio Red Dot Design Award e \u00e9 f\u00e1cil perceber por qu\u00ea. O dispositivo apresenta bot\u00f5es laranja para dar um toque de vitalidade e facilidade de uso, e o indicador LED permite verificar o n\u00edvel de carga da bateria em um piscar de olhos. Com apenas 16,5 mm em sua parte mais fina e 535 g, a V2s Plus \u00e9 mais leve do que uma garrafa de \u00e1gua, o que a torna f\u00e1cil de transportar para onde quer que voc\u00ea v\u00e1. A tampa transl\u00facida da impressora com tiras met\u00e1licas permite verificar os n\u00edveis do rolo de papel sem sacrificar o design do dispositivo e o fixador do rolo de papel permite carregar rolos de impress\u00e3o de 60 a 80 mm de largura. A tampa da impressora foi projetada com uma fivela para evitar a abertura acidental durante o uso.<\/p>","protected":false},"excerpt":{"rendered":"<p>O Sunmi V2s Plus \u00e9 um terminal m\u00f3vel inteligente que ultrapassa os limites para ajud\u00e1-lo a fazer mais. N\u00e3o importa se voc\u00ea trabalha com entrega, armazenamento, vendas de loteria, varejo ou atacado. O V2s Plus \u00e9 o dispositivo perfeito para ajud\u00e1-lo a levar seus neg\u00f3cios para o pr\u00f3ximo n\u00edvel. Com seus recursos inovadores e design superior, o V2s Plus \u00e9 um divisor de \u00e1guas no mundo dos terminais m\u00f3veis.<\/p>","protected":false},"featured_media":14495,"comment_status":"open","ping_status":"closed","template":"","meta":[],"product_cat":[1555,1706],"product_tag":[1791,715,944,1436,1874,1890],"acf":[],"_links":{"self":[{"href":"https:\/\/paymentdiscounter.com\/pt\/wp-json\/wp\/v2\/product\/14479"}],"collection":[{"href":"https:\/\/paymentdiscounter.com\/pt\/wp-json\/wp\/v2\/product"}],"about":[{"href":"https:\/\/paymentdiscounter.com\/pt\/wp-json\/wp\/v2\/types\/product"}],"replies":[{"embeddable":true,"href":"https:\/\/paymentdiscounter.com\/pt\/wp-json\/wp\/v2\/comments?post=14479"}],"version-history":[{"count":6,"href":"https:\/\/paymentdiscounter.com\/pt\/wp-json\/wp\/v2\/product\/14479\/revisions"}],"predecessor-version":[{"id":19955,"href":"https:\/\/paymentdiscounter.com\/pt\/wp-json\/wp\/v2\/product\/14479\/revisions\/19955"}],"wp:featuredmedia":[{"embeddable":true,"href":"https:\/\/paymentdiscounter.com\/pt\/wp-json\/wp\/v2\/media\/14495"}],"wp:attachment":[{"href":"https:\/\/paymentdiscounter.com\/pt\/wp-json\/wp\/v2\/media?parent=14479"}],"wp:term":[{"taxonomy":"product_cat","embeddable":true,"href":"https:\/\/paymentdiscounter.com\/pt\/wp-json\/wp\/v2\/product_cat?post=14479"},{"taxonomy":"product_tag","embeddable":true,"href":"https:\/\/paymentdiscounter.com\/pt\/wp-json\/wp\/v2\/product_tag?post=14479"}],"curies":[{"name":"wp","href":"https:\/\/api.w.org\/{rel}","templated":true}]}}