{"id":12597,"date":"2022-04-17T22:36:06","date_gmt":"2022-04-17T22:36:06","guid":{"rendered":"https:\/\/paymentdiscounter.com\/?post_type=product&#038;p=12597"},"modified":"2026-03-07T11:53:09","modified_gmt":"2026-03-07T11:53:09","slug":"fonte-de-alimentacao-nexgo-n86","status":"publish","type":"product","link":"https:\/\/paymentdiscounter.com\/pt\/product\/fonte-de-alimentacao-nexgo-n86\/","title":{"rendered":"Nexgo N86 Fonte de alimenta\u00e7\u00e3o"},"content":{"rendered":"<p>Nexgo N86 Fonte de alimenta\u00e7\u00e3o<br \/>\nVoc\u00ea precisa de um carregador para carregar o terminal de pagamento. Esse carregador est\u00e1 inclu\u00eddo por padr\u00e3o na compra de seu terminal de pagamento. Entretanto, com o tempo ou ap\u00f3s o uso frequente, podem ocorrer quebras. Como uma fonte de alimenta\u00e7\u00e3o \u00e9 essencial para o funcionamento do terminal de pagamento, uma fonte de alimenta\u00e7\u00e3o com defeito \u00e9 uma situa\u00e7\u00e3o dif\u00edcil. Afinal, sem um carregador, voc\u00ea n\u00e3o pode recarregar o terminal de pagamento, o que pode levar \u00e0 perda de faturamento.<\/p>\n<p>O Nexgo N86 \u00e9 um terminal de pagamento compacto e f\u00e1cil de usar, ideal para lojistas e empres\u00e1rios independentes com um local fixo.<\/p>\n<p>Use a fonte de alimenta\u00e7\u00e3o Nexgo N86:<br \/>\n- Conectando-o diretamente ao seu terminal<br \/>\n- Em combina\u00e7\u00e3o com uma esta\u00e7\u00e3o de acoplamento Nexgo<\/p>","protected":false},"excerpt":{"rendered":"<p>A fonte de alimenta\u00e7\u00e3o para o Nexgo N86 foi desenvolvida especialmente para uso com terminais Nexgo. Esse \u00e9 um carregador original que pode ser facilmente conectado ao seu terminal de pagamento ou esta\u00e7\u00e3o de acoplamento. Encomende seu terminal de pagamento on-line de forma r\u00e1pida e f\u00e1cil.<\/p>\n<h1 style=\"color: #37557a; font-size: 12px;\">*Somente carregador. Terminal n\u00e3o inclu\u00eddo<\/h1>","protected":false},"featured_media":12613,"comment_status":"open","ping_status":"closed","template":"","meta":[],"product_cat":[1248,1547],"product_tag":[690,1315,1548,751],"acf":[],"_links":{"self":[{"href":"https:\/\/paymentdiscounter.com\/pt\/wp-json\/wp\/v2\/product\/12597"}],"collection":[{"href":"https:\/\/paymentdiscounter.com\/pt\/wp-json\/wp\/v2\/product"}],"about":[{"href":"https:\/\/paymentdiscounter.com\/pt\/wp-json\/wp\/v2\/types\/product"}],"replies":[{"embeddable":true,"href":"https:\/\/paymentdiscounter.com\/pt\/wp-json\/wp\/v2\/comments?post=12597"}],"version-history":[{"count":5,"href":"https:\/\/paymentdiscounter.com\/pt\/wp-json\/wp\/v2\/product\/12597\/revisions"}],"predecessor-version":[{"id":29080,"href":"https:\/\/paymentdiscounter.com\/pt\/wp-json\/wp\/v2\/product\/12597\/revisions\/29080"}],"wp:featuredmedia":[{"embeddable":true,"href":"https:\/\/paymentdiscounter.com\/pt\/wp-json\/wp\/v2\/media\/12613"}],"wp:attachment":[{"href":"https:\/\/paymentdiscounter.com\/pt\/wp-json\/wp\/v2\/media?parent=12597"}],"wp:term":[{"taxonomy":"product_cat","embeddable":true,"href":"https:\/\/paymentdiscounter.com\/pt\/wp-json\/wp\/v2\/product_cat?post=12597"},{"taxonomy":"product_tag","embeddable":true,"href":"https:\/\/paymentdiscounter.com\/pt\/wp-json\/wp\/v2\/product_tag?post=12597"}],"curies":[{"name":"wp","href":"https:\/\/api.w.org\/{rel}","templated":true}]}}