{"id":12572,"date":"2022-04-17T20:16:45","date_gmt":"2022-04-17T20:16:45","guid":{"rendered":"https:\/\/paymentdiscounter.com\/?post_type=product&#038;p=12572"},"modified":"2024-03-05T01:08:27","modified_gmt":"2024-03-05T01:08:27","slug":"placa-adaptadora-do-verifone-vx820","status":"publish","type":"product","link":"https:\/\/paymentdiscounter.com\/pt\/product\/placa-adaptadora-do-verifone-vx820\/","title":{"rendered":"Placa adaptadora Verifone Vx820"},"content":{"rendered":"<p>A placa adaptadora verifone vx820 garante que o terminal de pagamento tenha um suporte firme e fique ligeiramente elevado. Isso evita danos causados por l\u00edquidos e \u00e1gua e mant\u00e9m seu terminal de pagamento em boas condi\u00e7\u00f5es por mais tempo.<\/p>\n<p>Na parte inferior da placa adaptadora, h\u00e1 v\u00e1rios p\u00e9s de borracha que proporcionam maior ader\u00eancia. Essa placa adaptadora \u00e9 compat\u00edvel com os suportes Verifone Vx820 da CCV.<\/p>","protected":false},"excerpt":{"rendered":"<p>A placa adaptadora verifone vx820 garante que o terminal de pagamento tenha um suporte firme e fique ligeiramente elevado. Isso evita danos causados por l\u00edquidos e \u00e1gua e mant\u00e9m seu terminal de pagamento em boas condi\u00e7\u00f5es por mais tempo.<\/p>\n<p>Na parte inferior da placa adaptadora, h\u00e1 v\u00e1rios p\u00e9s de borracha que proporcionam maior ader\u00eancia. Essa placa adaptadora \u00e9 compat\u00edvel com os suportes Verifone vx820 da CCV.<\/p>","protected":false},"featured_media":12574,"comment_status":"closed","ping_status":"closed","template":"","meta":[],"product_cat":[791,780],"product_tag":[1542,873,888,776,3338,781],"acf":[],"_links":{"self":[{"href":"https:\/\/paymentdiscounter.com\/pt\/wp-json\/wp\/v2\/product\/12572"}],"collection":[{"href":"https:\/\/paymentdiscounter.com\/pt\/wp-json\/wp\/v2\/product"}],"about":[{"href":"https:\/\/paymentdiscounter.com\/pt\/wp-json\/wp\/v2\/types\/product"}],"replies":[{"embeddable":true,"href":"https:\/\/paymentdiscounter.com\/pt\/wp-json\/wp\/v2\/comments?post=12572"}],"version-history":[{"count":4,"href":"https:\/\/paymentdiscounter.com\/pt\/wp-json\/wp\/v2\/product\/12572\/revisions"}],"predecessor-version":[{"id":26292,"href":"https:\/\/paymentdiscounter.com\/pt\/wp-json\/wp\/v2\/product\/12572\/revisions\/26292"}],"wp:featuredmedia":[{"embeddable":true,"href":"https:\/\/paymentdiscounter.com\/pt\/wp-json\/wp\/v2\/media\/12574"}],"wp:attachment":[{"href":"https:\/\/paymentdiscounter.com\/pt\/wp-json\/wp\/v2\/media?parent=12572"}],"wp:term":[{"taxonomy":"product_cat","embeddable":true,"href":"https:\/\/paymentdiscounter.com\/pt\/wp-json\/wp\/v2\/product_cat?post=12572"},{"taxonomy":"product_tag","embeddable":true,"href":"https:\/\/paymentdiscounter.com\/pt\/wp-json\/wp\/v2\/product_tag?post=12572"}],"curies":[{"name":"wp","href":"https:\/\/api.w.org\/{rel}","templated":true}]}}