{"id":10553,"date":"2021-12-16T19:39:00","date_gmt":"2021-12-16T19:39:00","guid":{"rendered":"https:\/\/paymentdiscounter.com\/?post_type=product&#038;p=10553"},"modified":"2025-10-31T16:51:40","modified_gmt":"2025-10-31T16:51:40","slug":"carregador-da-fonte-de-alimentacao-worldline-yoximo","status":"publish","type":"product","link":"https:\/\/paymentdiscounter.com\/pt\/product\/carregador-da-fonte-de-alimentacao-worldline-yoximo\/","title":{"rendered":"Carregador de fonte de alimenta\u00e7\u00e3o Worldline yoximo"},"content":{"rendered":"","protected":false},"excerpt":{"rendered":"<p>A fonte de alimenta\u00e7\u00e3o para o yoximo Worldline foi desenvolvida especialmente para uso com terminais de pagamento Worldline. Esse \u00e9 um carregador original que pode ser facilmente conectado ao seu terminal de pagamento ou esta\u00e7\u00e3o de acoplamento. Encomende seu terminal on-line de forma r\u00e1pida e f\u00e1cil.<\/p>","protected":false},"featured_media":10554,"comment_status":"open","ping_status":"closed","template":"","meta":[],"product_cat":[804,835],"product_tag":[690,751,933,3342,1344,1367,3346],"acf":[],"_links":{"self":[{"href":"https:\/\/paymentdiscounter.com\/pt\/wp-json\/wp\/v2\/product\/10553"}],"collection":[{"href":"https:\/\/paymentdiscounter.com\/pt\/wp-json\/wp\/v2\/product"}],"about":[{"href":"https:\/\/paymentdiscounter.com\/pt\/wp-json\/wp\/v2\/types\/product"}],"replies":[{"embeddable":true,"href":"https:\/\/paymentdiscounter.com\/pt\/wp-json\/wp\/v2\/comments?post=10553"}],"version-history":[{"count":8,"href":"https:\/\/paymentdiscounter.com\/pt\/wp-json\/wp\/v2\/product\/10553\/revisions"}],"predecessor-version":[{"id":37260,"href":"https:\/\/paymentdiscounter.com\/pt\/wp-json\/wp\/v2\/product\/10553\/revisions\/37260"}],"wp:featuredmedia":[{"embeddable":true,"href":"https:\/\/paymentdiscounter.com\/pt\/wp-json\/wp\/v2\/media\/10554"}],"wp:attachment":[{"href":"https:\/\/paymentdiscounter.com\/pt\/wp-json\/wp\/v2\/media?parent=10553"}],"wp:term":[{"taxonomy":"product_cat","embeddable":true,"href":"https:\/\/paymentdiscounter.com\/pt\/wp-json\/wp\/v2\/product_cat?post=10553"},{"taxonomy":"product_tag","embeddable":true,"href":"https:\/\/paymentdiscounter.com\/pt\/wp-json\/wp\/v2\/product_tag?post=10553"}],"curies":[{"name":"wp","href":"https:\/\/api.w.org\/{rel}","templated":true}]}}