{"id":10520,"date":"2021-12-16T18:25:06","date_gmt":"2021-12-16T18:25:06","guid":{"rendered":"https:\/\/paymentdiscounter.com\/?post_type=product&#038;p=10520"},"modified":"2026-03-07T11:53:06","modified_gmt":"2026-03-07T11:53:06","slug":"bateria-worldline-yoximo","status":"publish","type":"product","link":"https:\/\/paymentdiscounter.com\/pt\/product\/bateria-worldline-yoximo\/","title":{"rendered":"Bateria Yoximo Worldline"},"content":{"rendered":"","protected":false},"excerpt":{"rendered":"<p>Essa bateria recarreg\u00e1vel pode ser usada com o Yoximo Worldline e \u00e9 f\u00e1cil de substituir se estiver com defeito ou simplesmente acabar. Em circunst\u00e2ncias normais, uma bateria Yoximo pode durar at\u00e9 v\u00e1rios anos. Se voc\u00ea perceber que a bateria est\u00e1 se desligando ou que o terminal de pagamento precisa ser carregado com cada vez mais frequ\u00eancia, a substitui\u00e7\u00e3o pode ser uma escolha inteligente.<\/p>\n<p>&nbsp;<\/p>","protected":false},"featured_media":29089,"comment_status":"open","ping_status":"closed","template":"","meta":[],"product_cat":[804,835],"product_tag":[681,751,933,3342,1344,1367,3346],"acf":[],"_links":{"self":[{"href":"https:\/\/paymentdiscounter.com\/pt\/wp-json\/wp\/v2\/product\/10520"}],"collection":[{"href":"https:\/\/paymentdiscounter.com\/pt\/wp-json\/wp\/v2\/product"}],"about":[{"href":"https:\/\/paymentdiscounter.com\/pt\/wp-json\/wp\/v2\/types\/product"}],"replies":[{"embeddable":true,"href":"https:\/\/paymentdiscounter.com\/pt\/wp-json\/wp\/v2\/comments?post=10520"}],"version-history":[{"count":6,"href":"https:\/\/paymentdiscounter.com\/pt\/wp-json\/wp\/v2\/product\/10520\/revisions"}],"predecessor-version":[{"id":31559,"href":"https:\/\/paymentdiscounter.com\/pt\/wp-json\/wp\/v2\/product\/10520\/revisions\/31559"}],"wp:featuredmedia":[{"embeddable":true,"href":"https:\/\/paymentdiscounter.com\/pt\/wp-json\/wp\/v2\/media\/29089"}],"wp:attachment":[{"href":"https:\/\/paymentdiscounter.com\/pt\/wp-json\/wp\/v2\/media?parent=10520"}],"wp:term":[{"taxonomy":"product_cat","embeddable":true,"href":"https:\/\/paymentdiscounter.com\/pt\/wp-json\/wp\/v2\/product_cat?post=10520"},{"taxonomy":"product_tag","embeddable":true,"href":"https:\/\/paymentdiscounter.com\/pt\/wp-json\/wp\/v2\/product_tag?post=10520"}],"curies":[{"name":"wp","href":"https:\/\/api.w.org\/{rel}","templated":true}]}}