{"id":3,"date":"2021-11-24T17:49:55","date_gmt":"2021-11-24T17:49:55","guid":{"rendered":"https:\/\/paymentdiscounter.com\/?page_id=3"},"modified":"2025-11-20T20:48:48","modified_gmt":"2025-11-20T20:48:48","slug":"politica-de-privacidade","status":"publish","type":"page","link":"https:\/\/paymentdiscounter.com\/pt\/politica-de-privacidade\/","title":{"rendered":"Pol\u00edtica de privacidade"},"content":{"rendered":"<div data-elementor-type=\"wp-page\" data-elementor-id=\"3\" class=\"elementor elementor-3\" data-elementor-post-type=\"page\">\n\t\t\t\t\t\t<section class=\"elementor-section elementor-top-section elementor-element elementor-element-8f41d3f elementor-section-boxed elementor-section-height-default elementor-section-height-default\" data-id=\"8f41d3f\" data-element_type=\"section\">\n\t\t\t\t\t\t<div class=\"elementor-container elementor-column-gap-default\">\n\t\t\t\t\t<div class=\"elementor-column elementor-col-100 elementor-top-column elementor-element elementor-element-c692074\" data-id=\"c692074\" data-element_type=\"column\">\n\t\t\t<div class=\"elementor-column-wrap--c692074 elementor-widget-wrap elementor-element-populated\">\n\t\t\t\t\t\t<div class=\"elementor-element elementor-element-1d26f4a elementor-widget elementor-widget-spacer\" data-id=\"1d26f4a\" data-element_type=\"widget\" data-widget_type=\"spacer.default\">\n\t\t\t\t<div class=\"elementor-widget-container\">\n\t\t\t\t\t\t\t<div class=\"elementor-spacer\">\n\t\t\t<div class=\"elementor-spacer-inner\"><\/div>\n\t\t<\/div>\n\t\t\t\t\t\t<\/div>\n\t\t\t\t<\/div>\n\t\t\t\t<div class=\"elementor-element elementor-element-ea2b4f5 elementor-widget elementor-widget-heading\" data-id=\"ea2b4f5\" data-element_type=\"widget\" data-widget_type=\"heading.default\">\n\t\t\t\t<div class=\"elementor-widget-container\">\n\t\t\t\t\t<h2 class=\"elementor-heading-title elementor-size-default\">Pol\u00edtica de privacidade\n<\/h2>\t\t\t\t<\/div>\n\t\t\t\t<\/div>\n\t\t\t\t\t<\/div>\n\t\t<\/div>\n\t\t\t\t\t<\/div>\n\t\t<\/section>\n\t\t\t\t<section class=\"elementor-section elementor-top-section elementor-element elementor-element-e48ed7a elementor-section-boxed elementor-section-height-default elementor-section-height-default\" data-id=\"e48ed7a\" data-element_type=\"section\">\n\t\t\t\t\t\t<div class=\"elementor-container elementor-column-gap-default\">\n\t\t\t\t\t<div class=\"elementor-column elementor-col-100 elementor-top-column elementor-element elementor-element-0cfcdc9\" data-id=\"0cfcdc9\" data-element_type=\"column\">\n\t\t\t<div class=\"elementor-column-wrap--0cfcdc9 elementor-widget-wrap elementor-element-populated\">\n\t\t\t\t\t\t<div class=\"elementor-element elementor-element-0d9cf5c elementor-widget elementor-widget-spacer\" data-id=\"0d9cf5c\" data-element_type=\"widget\" data-widget_type=\"spacer.default\">\n\t\t\t\t<div class=\"elementor-widget-container\">\n\t\t\t\t\t\t\t<div class=\"elementor-spacer\">\n\t\t\t<div class=\"elementor-spacer-inner\"><\/div>\n\t\t<\/div>\n\t\t\t\t\t\t<\/div>\n\t\t\t\t<\/div>\n\t\t\t\t\t<\/div>\n\t\t<\/div>\n\t\t\t\t\t<\/div>\n\t\t<\/section>\n\t\t\t\t<section class=\"elementor-section elementor-top-section elementor-element elementor-element-47345459 elementor-section-boxed elementor-section-height-default elementor-section-height-default\" data-id=\"47345459\" data-element_type=\"section\">\n\t\t\t\t\t\t<div class=\"elementor-container elementor-column-gap-wide\">\n\t\t\t\t\t<div class=\"elementor-column elementor-col-50 elementor-top-column elementor-element elementor-element-585b38fa\" data-id=\"585b38fa\" data-element_type=\"column\">\n\t\t\t<div class=\"elementor-column-wrap--585b38fa elementor-widget-wrap elementor-element-populated\">\n\t\t\t\t\t\t<div class=\"elementor-element elementor-element-174f1b7d elementor-widget elementor-widget-text-editor\" data-id=\"174f1b7d\" data-element_type=\"widget\" data-widget_type=\"text-editor.default\">\n\t\t\t\t<div class=\"elementor-widget-container\">\n\t\t\t\t\t\t\t\t\t<p><\/p>\n<p><strong style=\"background-color: var(--body-bg-color); color: var(--body-color); font-family: var(--body-font-family),sans-serif; font-size: var(--body-font-size);\">1. Geral<br \/><\/strong><strong style=\"background-color: var(--body-bg-color); color: var(--body-color); font-family: var(--body-font-family),sans-serif; font-size: var(--body-font-size);\">1.1.<\/strong><span style=\"background-color: var(--body-bg-color); color: var(--body-color); font-family: var(--body-font-family),sans-serif; font-size: var(--body-font-size); font-weight: var(--body-font-weight);\"> O Paymentdiscounter.com \u00e9 respons\u00e1vel pelo processamento dos dados pessoais de seus Visitantes. Nossa Declara\u00e7\u00e3o de Privacidade descreve como esse processamento de dados ocorre e para quais finalidades esses dados s\u00e3o processados.<\/span><\/p>\n<p><strong>1.2.<\/strong> Ao usar o site www.paymentdiscounter.com, criando ou n\u00e3o uma conta pessoal ou celebrando um contrato com o Paymentdiscounter, o visitante concorda com as condi\u00e7\u00f5es que se aplicam a<br \/>eles. Se um Visitante n\u00e3o concordar com esta Declara\u00e7\u00e3o de Privacidade, ser\u00e1 solicitado a n\u00e3o usar o Site nem firmar um contrato.<\/p>\n<p><strong>2. Defini\u00e7\u00f5es<\/strong><br \/>Nesta declara\u00e7\u00e3o de privacidade, os termos a seguir t\u00eam o seguinte significado:<\/p>\n<p>- Aplicativo : Todos os aplicativos da Web do Paymentdiscounter<br \/>- VG: Regulamento Geral de Prote\u00e7\u00e3o de Dados<br \/>- Visitante: todo visitante do site ou usu\u00e1rio de um aplicativo<br \/>- Terceiros: Partes que n\u00e3o sejam o Paymentdiscounter, a pessoa em quest\u00e3o e possivelmente um Processador<br \/>- Declara\u00e7\u00e3o de privacidade: esta declara\u00e7\u00e3o de privacidade do Paymentdiscounter.<br \/>- Paymentdiscounter: A pessoa respons\u00e1vel pelo site www.paymentdiscounter.com e pelos aplicativos da Web associados \u00e9 a CHAINSUPPLY, estabelecida em Amsterd\u00e3 e registrada na C\u00e2mara de Com\u00e9rcio sob o n\u00famero 94665451. A Paymentdiscounter tamb\u00e9m \u00e9 a controladora, conforme mencionado no AVG.<\/p>\n<p>- Processador: uma organiza\u00e7\u00e3o que executa servi\u00e7os para o Paymentdiscounter, incluindo transmiss\u00e3o de material impresso e trabalho de manuten\u00e7\u00e3o de TI.<br \/>- Site: o site Paymentdiscounter, www.Paymentdiscounter.com<br \/>- Observador: a pessoa que se registra como observador por meio do site e\/ou aplicativo. Um observador tem uma conta pessoal e faz login com uma combina\u00e7\u00e3o exclusiva de c\u00f3digo de observador e senha.<br \/>- Contraparte: a parte com a qual o Paymentdiscounter celebra um acordo, incluindo clientes.<\/p>\n<p><strong>3. Processamento de dados pessoais<\/strong><br \/><strong>3.1.<\/strong> O Paymentdiscounter coleta dados pessoais de seus Visitantes que fornecem dados pessoais ao Paymentdiscounter por meio do Site e\/ou Aplicativo no contexto de uma solicita\u00e7\u00e3o de (mais) informa\u00e7\u00f5es, registro como<br \/>Observador e\/ou fazer um pedido com o Paymentdiscounter. Essa coleta ocorre, por exemplo, no<br \/>casos seguintes:<\/p>\n<p><strong>3.1.1.<\/strong>\u00a0Ao visitar o Site ou usar o Aplicativo, os servidores salvam automaticamente informa\u00e7\u00f5es, como URL, endere\u00e7o IP, tipo e idioma do navegador, data e hora da visita (\u201cInforma\u00e7\u00f5es do Visitante\u201d)<br \/><strong>3.1.2.<\/strong> Para solicitar (mais) informa\u00e7\u00f5es, dar feedback e\/ou inscrever-se no boletim informativo digital ou em um curso, o Paymentdiscounter processar\u00e1 os detalhes de contato fornecidos pelo Visitante (como nome, endere\u00e7o, n\u00famero de telefone e endere\u00e7o de e-mail).<br \/><strong>3.1.3.<\/strong> Para participar de contagens de p\u00e1ssaros, inserir os dados resultantes (de contagem) e disponibiliz\u00e1-los por meio do site e\/ou aplicativo e para receber o suporte do Paymentdiscounter, \u00e9 necess\u00e1rio criar uma conta pessoal para a qual um Observador:<br \/>- Solicitado a fornecer seu nome completo, endere\u00e7o, endere\u00e7o de e-mail e senha.<br \/>- Opcionalmente, pode fornecer o ano de nascimento, o g\u00eanero e o n\u00famero de telefone e\/ou informa\u00e7\u00f5es sobre habilidades espec\u00edficas relevantes para o Paymentdiscounter.<\/p>\n<p><strong>3.1.4.<\/strong> Para fazer um pedido de bens ou servi\u00e7os do Paymentdiscounter ou para solicitar uma associa\u00e7\u00e3o como Contraparte, o Paymentdiscounter processar\u00e1 os detalhes de contato e endere\u00e7o necess\u00e1rios e os dados financeiros da Contraparte relevante.<br \/><strong>3.2.<\/strong> Os dados pessoais fornecidos somente ser\u00e3o processados pelo Paymentdiscounter para o desempenho de seus objetivos.<br \/><strong>3.3.<\/strong> O Paymentdiscounter tamb\u00e9m poder\u00e1 usar os dados pessoais para informar seus Visitantes sobre produtos, servi\u00e7os e\/ou atividades do Paymentdiscounter que possam ser de interesse para o Visitante relevante. Se o Visitante se opuser a isso, ele poder\u00e1 entrar em contato pelo e-mail info@paymentdiscounter.com<\/p>\n<p><strong>4. Transfer\u00eancia para terceiros<\/strong><br \/><strong>4.1.<\/strong> Sujeito \u00e0s disposi\u00e7\u00f5es do item 4.2, somente as pessoas autorizadas pelo Paymentdiscounter a proteger dados pessoais e\/ou editar e\/ou realizar atividades de manuten\u00e7\u00e3o de TI t\u00eam acesso aos dados pessoais dos Visitantes.<br \/><strong>4.2.<\/strong> Para algumas das finalidades de processamento listadas nesta Declara\u00e7\u00e3o de Privacidade, o Paymentdiscounter poder\u00e1 contratar um Processador, com o qual o Paymentdiscounter celebrou um contrato que garante que os<br \/>O Processador oferece garantias suficientes com rela\u00e7\u00e3o a medidas de seguran\u00e7a t\u00e9cnica e organizacional com rela\u00e7\u00e3o \u00e0s opera\u00e7\u00f5es de processamento a serem realizadas. Esse contrato tamb\u00e9m declara que os dados pessoais em<br \/>A pergunta s\u00f3 pode ser usada para a finalidade descrita e deve ser imediatamente destru\u00edda ap\u00f3s o uso.<br \/><strong>4.3.<\/strong> De resto, o Paymentdiscounter n\u00e3o transmitir\u00e1 os dados pessoais de seus Visitantes a terceiros, a menos que isso seja necess\u00e1rio com base em uma prescri\u00e7\u00e3o legal ou em uma emerg\u00eancia. O fornecimento no contexto de uma emerg\u00eancia ocorre na medida em que, na opini\u00e3o razo\u00e1vel do Paymentdiscounter, seja do interesse de seus Visitantes.<br \/><strong>4.4.<\/strong> O Paymentdiscounter pode disponibilizar dados agregados que n\u00e3o podem ser rastreados at\u00e9 pessoas para inspe\u00e7\u00e3o por terceiros no contexto de pesquisas sobre o desenvolvimento de redes de observadores, na medida em que isso seja do interesse de seu Visitante, na opini\u00e3o razo\u00e1vel do Paymentdiscounter, e desde que o Paymentdiscounter esteja envolvido nessa pesquisa.<\/p>\n<p>\u00a0<\/p>\n<p><\/p>\t\t\t\t\t\t\t\t<\/div>\n\t\t\t\t<\/div>\n\t\t\t\t\t<\/div>\n\t\t<\/div>\n\t\t\t\t<div class=\"elementor-column elementor-col-50 elementor-top-column elementor-element elementor-element-bb08d14\" data-id=\"bb08d14\" data-element_type=\"column\">\n\t\t\t<div class=\"elementor-column-wrap--bb08d14 elementor-widget-wrap elementor-element-populated\">\n\t\t\t\t\t\t<div class=\"elementor-element elementor-element-dfb0ba3 elementor-widget elementor-widget-text-editor\" data-id=\"dfb0ba3\" data-element_type=\"widget\" data-widget_type=\"text-editor.default\">\n\t\t\t\t<div class=\"elementor-widget-container\">\n\t\t\t\t\t\t\t\t\t<p><\/p>\n<p><span style=\"font-weight: bold;\">5. Cookies (geral)<\/span><br><span style=\"font-weight: bold;\">5.1.<\/span>&nbsp;O Paymentdiscounter usa os chamados \u2018cookies\u2019. Cookies s\u00e3o pequenos arquivos de texto que armazenam um computador quando o site \u00e9 visitado ou o aplicativo \u00e9 usado. O cookie lembra o que o Visitante, Observador e\/ou Contraparte preenche no Site e\/ou Aplicativo para uma visita subsequente, de modo que o conte\u00fado do Site e\/ou Aplicativo possa ser adaptado ao Visitante, Observador e\/ou Contraparte relevante e n\u00e3o seja necess\u00e1rio reinserir dados pessoais.<\/p>\n<p><span style=\"font-weight: bold;\">5.2.<\/span>&nbsp;Mais informa\u00e7\u00f5es sobre a ativa\u00e7\u00e3o e desativa\u00e7\u00e3o de cookies podem ser encontradas nas instru\u00e7\u00f5es\/usando a fun\u00e7\u00e3o de ajuda de seu navegador. Algumas fun\u00e7\u00f5es do Site ou do Aplicativo poder\u00e3o deixar de funcionar se o computador n\u00e3o puder receber cookies. Se um Visitante, Observador e\/ou Outra Parte desejar obter mais informa\u00e7\u00f5es sobre isso, ele poder\u00e1 entrar em contato conosco pelo e-mail info@Paymentdiscounter .com<\/p>\n<p><span style=\"font-weight: bold;\">6. Google Analytics<\/span><br><span style=\"font-weight: bold;\">6.1.<\/span>&nbsp;O Paymentdiscounter usa o Google Analytics, um servi\u00e7o de an\u00e1lise da Web fornecido pelo Google, Inc. (\u201cGoogle\u201d). O Google Analytics usa cookies para analisar como os Visitantes usam o Site e\/ou o Aplicativo.<br><span style=\"font-weight: bold;\">6.2.<\/span>&nbsp;O Google usa as informa\u00e7\u00f5es acima mencionadas para acompanhar como os Visitantes, Observadores e Outras Partes usam o Site e\/ou o Aplicativo, para compilar relat\u00f3rios sobre a atividade do Site e do Aplicativo para o Paymentdiscounter e para oferecer outros servi\u00e7os relacionados \u00e0 atividade do Site e do Aplicativo e ao uso da Internet. O Google poder\u00e1 fornecer essas informa\u00e7\u00f5es a terceiros se for legalmente obrigado a faz\u00ea-lo, ou se esses terceiros processarem as informa\u00e7\u00f5es em nome do Google. As informa\u00e7\u00f5es s\u00e3o transferidas e armazenadas pelo Google em servidores nos Estados Unidos. O Google concorda em cumprir os regulamentos de privacidade que se aplicam l\u00e1. Isso significa que haver\u00e1 um n\u00edvel adequado de prote\u00e7\u00e3o para o processamento (dados pessoais). O Paymentdiscounter n\u00e3o \u00e9 respons\u00e1vel por isso e exclui qualquer responsabilidade a esse respeito.<\/p>\n<p><span style=\"font-weight: bold;\">7. Redes sociais<\/span><br><span style=\"font-weight: bold;\">7.1.<\/span>&nbsp;Os bot\u00f5es est\u00e3o inclu\u00eddos no Site para promover ou compartilhar sites e\/ou p\u00e1ginas da Web em redes sociais, como o Facebook da Facebook, Inc. e o Twitter da Twitter, Inc. (\u201credes sociais\u201d). Esses bot\u00f5es funcionam por meio de peda\u00e7os de c\u00f3digo provenientes das pr\u00f3prias redes sociais. Os cookies s\u00e3o colocados usando esses c\u00f3digos. O Paymentdiscounter n\u00e3o tem influ\u00eancia sobre isso. Os Visitantes, Observadores e\/ou Contrapartes s\u00e3o aconselhados a ler as declara\u00e7\u00f5es de privacidade das redes sociais (que podem mudar regularmente), para ver o que elas fazem com os dados pessoais que processam por meio desses cookies.<br><span style=\"font-weight: bold;\">7.2.<\/span>&nbsp;As informa\u00e7\u00f5es que as redes sociais coletam s\u00e3o transferidas e armazenadas pelas redes sociais em servidores nos Estados Unidos. As redes sociais afirmam que est\u00e3o em conformidade com as normas de privacidade e de cookies aplic\u00e1veis no pa\u00eds. Isso significa que haveria um n\u00edvel adequado de prote\u00e7\u00e3o para o processamento de quaisquer dados pessoais. O Paymentdiscounter n\u00e3o \u00e9 respons\u00e1vel por isso e exclui qualquer responsabilidade a esse respeito.<\/p>\n<p><span style=\"font-weight: bold;\">8. Links e cookies em sites de terceiros<\/span><br>Links para sites de terceiros est\u00e3o inclu\u00eddos no Site. Quando os Visitantes visitam esses sites, aplicam-se as declara\u00e7\u00f5es de privacidade desses terceiros. O Paymentdiscounter n\u00e3o \u00e9 respons\u00e1vel pela maneira como terceiros podem usar os dados pessoais do Visitante ou os cookies usados nesses sites de terceiros.<\/p>\n<p><span style=\"font-weight: bold;\">9. Acesso e corre\u00e7\u00e3o<\/span><br><span style=\"font-weight: bold;\">9.1.<\/span>&nbsp;O Visitante, Observador e\/ou Contraparte tem o direito de inspecionar seus dados pessoais coletados e, se necess\u00e1rio, ajust\u00e1-los, complement\u00e1-los e\/ou remov\u00ea-los. Para esse fim, voc\u00ea pode nos solicitar por meio do site info@Paymentdiscounter.com<br><span style=\"font-weight: bold;\">9.2.<\/span>&nbsp;Os visitantes podem cancelar a assinatura do boletim informativo digital do Paymentdiscounter por meio do site info@Paymentdiscounter.com<\/p>\n<p><span style=\"font-weight: bold;\">10. Per\u00edodo de armazenamento<\/span><br>O Paymentdiscounter n\u00e3o armazena dados pessoais de seus Visitantes por mais tempo do que o necess\u00e1rio para o desempenho de seus servi\u00e7os, a menos que o Paymentdiscounter seja obrigado por lei a manter os dados pessoais por mais tempo.<\/p>\n<p><span style=\"font-weight: bold;\">11. Seguran\u00e7a<\/span><br>O Paymentdiscounter tomou medidas t\u00e9cnicas e organizacionais apropriadas para proteger os dados pessoais do Visitante contra perda ou processamento ilegal, inclusive:<br>- Nomea\u00e7\u00e3o de um diretor de prote\u00e7\u00e3o de dados. Esse respons\u00e1vel \u00e9 encarregado, dentro da organiza\u00e7\u00e3o, de supervisionar o manuseio cuidadoso dos dados pessoais, incluindo as disposi\u00e7\u00f5es da Regulamenta\u00e7\u00e3o Europeia (UE 2016\/679) sobre a prote\u00e7\u00e3o de dados pessoais. Essa fun\u00e7\u00e3o \u00e9 exercida pelo chefe do Departamento de TI. Os detalhes de contato podem ser consultados em outra parte do site,<br>- Armazenamento desses dados em um banco de dados seguro com senhas criptografadas e backups seguros,<br>- Acesso aos seus pr\u00f3prios dados por meio de uma conta pessoal com um nome de usu\u00e1rio e senha exclusivos, bem como,<br>- Pagamento (s job) e para o Paymentdiscounter por meio de um protocolo de criptografia (SSL).<\/p>\n<p>Embora o Paymentdiscounter tenha tomado e tomar\u00e1 todas as medidas de seguran\u00e7a poss\u00edveis, o processamento de dados pessoais pela Internet envolve riscos inerentes ao uso da Internet na sociedade<\/p>\n<p><span style=\"font-weight: bold;\">12. Mudan\u00e7as<\/span><br>O Paymentdiscounter reserva-se o direito de alterar esta Declara\u00e7\u00e3o de Privacidade. Portanto, os Visitantes s\u00e3o incentivados a verificar esta Declara\u00e7\u00e3o de Privacidade regularmente. O uso cont\u00ednuo do Site e\/ou do Aplicativo significa que os Visitantes, Observadores e\/ou Outras Partes concordam com a Declara\u00e7\u00e3o de Privacidade modificada do Paymentdiscounter. .<\/p>\n<p><span style=\"font-weight: bold;\">14. Contato<\/span><br>Em caso de d\u00favidas ou coment\u00e1rios sobre esta Declara\u00e7\u00e3o de Privacidade ou outros aspectos de nossos servi\u00e7os, voc\u00ea pode entrar em contato com a Paymentdiscounter por meio de info@Paymentdiscounter.com ou&nbsp;<span style=\"color: rgb(72, 79, 86); background-color: var(--body-bg-color); font-family: var(--body-font-family); font-size: var(--body-font-size); font-weight: var(--body-font-weight,400);\">+31 (0)20 - 2612 399<\/span><\/p>\n<p><\/p>\t\t\t\t\t\t\t\t<\/div>\n\t\t\t\t<\/div>\n\t\t\t\t\t<\/div>\n\t\t<\/div>\n\t\t\t\t\t<\/div>\n\t\t<\/section>\n\t\t\t\t<section class=\"elementor-section elementor-top-section elementor-element elementor-element-7646339 elementor-section-boxed elementor-section-height-default elementor-section-height-default\" data-id=\"7646339\" data-element_type=\"section\">\n\t\t\t\t\t\t<div class=\"elementor-container elementor-column-gap-default\">\n\t\t\t\t\t<div class=\"elementor-column elementor-col-100 elementor-top-column elementor-element elementor-element-78d553f\" data-id=\"78d553f\" data-element_type=\"column\">\n\t\t\t<div class=\"elementor-column-wrap--78d553f elementor-widget-wrap elementor-element-populated\">\n\t\t\t\t\t\t<div class=\"elementor-element elementor-element-3abbaa6 elementor-widget elementor-widget-spacer\" data-id=\"3abbaa6\" data-element_type=\"widget\" data-widget_type=\"spacer.default\">\n\t\t\t\t<div class=\"elementor-widget-container\">\n\t\t\t\t\t\t\t<div class=\"elementor-spacer\">\n\t\t\t<div class=\"elementor-spacer-inner\"><\/div>\n\t\t<\/div>\n\t\t\t\t\t\t<\/div>\n\t\t\t\t<\/div>\n\t\t\t\t\t<\/div>\n\t\t<\/div>\n\t\t\t\t\t<\/div>\n\t\t<\/section>\n\t\t\t\t<\/div>","protected":false},"excerpt":{"rendered":"<p>Privacy Policy 1. General1.1. Paymentdiscounter.com is responsible for the processing of personal data of its Visitors. Our Privacy Statement describes how this data processing takes place and for what purposes this data is processed. 1.2. By using the Website www.paymentdiscounter.com whether or not by creating a personal account or concluding an agreement with Paymentdiscounter, a [&hellip;]<\/p>\n","protected":false},"author":1,"featured_media":0,"parent":0,"menu_order":0,"comment_status":"closed","ping_status":"open","template":"","meta":{"footnotes":""},"yst_prominent_words":[],"acf":[],"_links":{"self":[{"href":"https:\/\/paymentdiscounter.com\/pt\/wp-json\/wp\/v2\/pages\/3"}],"collection":[{"href":"https:\/\/paymentdiscounter.com\/pt\/wp-json\/wp\/v2\/pages"}],"about":[{"href":"https:\/\/paymentdiscounter.com\/pt\/wp-json\/wp\/v2\/types\/page"}],"author":[{"embeddable":true,"href":"https:\/\/paymentdiscounter.com\/pt\/wp-json\/wp\/v2\/users\/1"}],"replies":[{"embeddable":true,"href":"https:\/\/paymentdiscounter.com\/pt\/wp-json\/wp\/v2\/comments?post=3"}],"version-history":[{"count":39,"href":"https:\/\/paymentdiscounter.com\/pt\/wp-json\/wp\/v2\/pages\/3\/revisions"}],"predecessor-version":[{"id":38142,"href":"https:\/\/paymentdiscounter.com\/pt\/wp-json\/wp\/v2\/pages\/3\/revisions\/38142"}],"wp:attachment":[{"href":"https:\/\/paymentdiscounter.com\/pt\/wp-json\/wp\/v2\/media?parent=3"}],"wp:term":[{"taxonomy":"yst_prominent_words","embeddable":true,"href":"https:\/\/paymentdiscounter.com\/pt\/wp-json\/wp\/v2\/yst_prominent_words?post=3"}],"curies":[{"name":"wp","href":"https:\/\/api.w.org\/{rel}","templated":true}]}}