{"id":10123,"date":"2021-12-14T12:27:35","date_gmt":"2021-12-14T12:27:35","guid":{"rendered":"https:\/\/paymentdiscounter.com\/?page_id=10123"},"modified":"2022-04-15T13:13:22","modified_gmt":"2022-04-15T13:13:22","slug":"cookies","status":"publish","type":"page","link":"https:\/\/paymentdiscounter.com\/pt\/cookies\/","title":{"rendered":"Cookies"},"content":{"rendered":"<div data-elementor-type=\"wp-page\" data-elementor-id=\"10123\" class=\"elementor elementor-10123\" data-elementor-post-type=\"page\">\n\t\t\t\t\t\t<section class=\"elementor-section elementor-top-section elementor-element elementor-element-7722b30 elementor-section-boxed elementor-section-height-default elementor-section-height-default\" data-id=\"7722b30\" data-element_type=\"section\">\n\t\t\t\t\t\t<div class=\"elementor-container elementor-column-gap-default\">\n\t\t\t\t\t<div class=\"elementor-column elementor-col-100 elementor-top-column elementor-element elementor-element-8af1502\" data-id=\"8af1502\" data-element_type=\"column\">\n\t\t\t<div class=\"elementor-column-wrap--8af1502 elementor-widget-wrap elementor-element-populated\">\n\t\t\t\t\t\t<div class=\"elementor-element elementor-element-dd0f364 elementor-widget elementor-widget-spacer\" data-id=\"dd0f364\" data-element_type=\"widget\" data-widget_type=\"spacer.default\">\n\t\t\t\t<div class=\"elementor-widget-container\">\n\t\t\t\t\t\t\t<div class=\"elementor-spacer\">\n\t\t\t<div class=\"elementor-spacer-inner\"><\/div>\n\t\t<\/div>\n\t\t\t\t\t\t<\/div>\n\t\t\t\t<\/div>\n\t\t\t\t\t<\/div>\n\t\t<\/div>\n\t\t\t\t\t<\/div>\n\t\t<\/section>\n\t\t\t\t<section class=\"elementor-section elementor-top-section elementor-element elementor-element-aa78849 elementor-section-boxed elementor-section-height-default elementor-section-height-default\" data-id=\"aa78849\" data-element_type=\"section\">\n\t\t\t\t\t\t<div class=\"elementor-container elementor-column-gap-default\">\n\t\t\t\t\t<div class=\"elementor-column elementor-col-33 elementor-top-column elementor-element elementor-element-199710e\" data-id=\"199710e\" data-element_type=\"column\">\n\t\t\t<div class=\"elementor-column-wrap--199710e elementor-widget-wrap\">\n\t\t\t\t\t\t\t<\/div>\n\t\t<\/div>\n\t\t\t\t<div class=\"elementor-column elementor-col-33 elementor-top-column elementor-element elementor-element-068938c\" data-id=\"068938c\" data-element_type=\"column\">\n\t\t\t<div class=\"elementor-column-wrap--068938c elementor-widget-wrap elementor-element-populated\">\n\t\t\t\t\t\t<div class=\"elementor-element elementor-element-4b0097c elementor-widget elementor-widget-heading\" data-id=\"4b0097c\" data-element_type=\"widget\" data-widget_type=\"heading.default\">\n\t\t\t\t<div class=\"elementor-widget-container\">\n\t\t\t\t\t<h2 class=\"elementor-heading-title elementor-size-default\">Cookies<\/h2>\t\t\t\t<\/div>\n\t\t\t\t<\/div>\n\t\t\t\t\t<\/div>\n\t\t<\/div>\n\t\t\t\t<div class=\"elementor-column elementor-col-33 elementor-top-column elementor-element elementor-element-15d7e46\" data-id=\"15d7e46\" data-element_type=\"column\">\n\t\t\t<div class=\"elementor-column-wrap--15d7e46 elementor-widget-wrap\">\n\t\t\t\t\t\t\t<\/div>\n\t\t<\/div>\n\t\t\t\t\t<\/div>\n\t\t<\/section>\n\t\t\t\t<section class=\"elementor-section elementor-top-section elementor-element elementor-element-ebbee0b elementor-section-boxed elementor-section-height-default elementor-section-height-default\" data-id=\"ebbee0b\" data-element_type=\"section\">\n\t\t\t\t\t\t<div class=\"elementor-container elementor-column-gap-default\">\n\t\t\t\t\t<div class=\"elementor-column elementor-col-100 elementor-top-column elementor-element elementor-element-f0c4db4\" data-id=\"f0c4db4\" data-element_type=\"column\">\n\t\t\t<div class=\"elementor-column-wrap--f0c4db4 elementor-widget-wrap elementor-element-populated\">\n\t\t\t\t\t\t<div class=\"elementor-element elementor-element-9d4d990 elementor-widget elementor-widget-spacer\" data-id=\"9d4d990\" data-element_type=\"widget\" data-widget_type=\"spacer.default\">\n\t\t\t\t<div class=\"elementor-widget-container\">\n\t\t\t\t\t\t\t<div class=\"elementor-spacer\">\n\t\t\t<div class=\"elementor-spacer-inner\"><\/div>\n\t\t<\/div>\n\t\t\t\t\t\t<\/div>\n\t\t\t\t<\/div>\n\t\t\t\t\t<\/div>\n\t\t<\/div>\n\t\t\t\t\t<\/div>\n\t\t<\/section>\n\t\t\t\t<section class=\"elementor-section elementor-top-section elementor-element elementor-element-c2810c6 elementor-section-boxed elementor-section-height-default elementor-section-height-default\" data-id=\"c2810c6\" data-element_type=\"section\">\n\t\t\t\t\t\t<div class=\"elementor-container elementor-column-gap-wide\">\n\t\t\t\t\t<div class=\"elementor-column elementor-col-33 elementor-top-column elementor-element elementor-element-50196d8\" data-id=\"50196d8\" data-element_type=\"column\">\n\t\t\t<div class=\"elementor-column-wrap--50196d8 elementor-widget-wrap\">\n\t\t\t\t\t\t\t<\/div>\n\t\t<\/div>\n\t\t\t\t<div class=\"elementor-column elementor-col-33 elementor-top-column elementor-element elementor-element-68d137f\" data-id=\"68d137f\" data-element_type=\"column\">\n\t\t\t<div class=\"elementor-column-wrap--68d137f elementor-widget-wrap elementor-element-populated\">\n\t\t\t\t\t\t<div class=\"elementor-element elementor-element-bdfe6f0 elementor-widget elementor-widget-text-editor\" data-id=\"bdfe6f0\" data-element_type=\"widget\" data-widget_type=\"text-editor.default\">\n\t\t\t\t<div class=\"elementor-widget-container\">\n\t\t\t\t\t\t\t\t\t<p>Um cookie \u00e9 um pequeno arquivo com dados armazenados em seu computador ou dispositivo para ajudar sites e aplicativos m\u00f3veis a se lembrarem de informa\u00e7\u00f5es sobre seu comportamento de pesquisa. Nossos <a href=\"\/pt\/politica-de-privacidade\/\">Pol\u00edtica de privacidade<\/a> explica como coletamos e usamos informa\u00e7\u00f5es de e sobre voc\u00ea. Em nossa pol\u00edtica de cookies, voc\u00ea encontrar\u00e1 mais informa\u00e7\u00f5es sobre como isso funciona na pr\u00e1tica.<\/p><p><b>Como usamos cookies<\/b><br \/><span style=\"background-color: var(--body-bg-color); color: var(--body-color); font-family: var(--body-font-family),sans-serif; font-size: var(--body-font-size); font-weight: var(--body-font-weight);\">Como a maioria dos servi\u00e7os da Web, o www.paymentdiscounter.com usa cookies por v\u00e1rios motivos, inclusive para proteger os dados de seus pedidos e sua conta, para que possamos ver quais recursos s\u00e3o mais populares, para medir o n\u00famero de visitantes de uma p\u00e1gina, para melhorar a experi\u00eancia de nossos usu\u00e1rios, para manter nossos servi\u00e7os seguros e para oferecer uma experi\u00eancia melhor em geral. Os cookies que usamos geralmente se enquadram em uma das seguintes categorias.<\/span><\/p>\t\t\t\t\t\t\t\t<\/div>\n\t\t\t\t<\/div>\n\t\t\t\t\t<\/div>\n\t\t<\/div>\n\t\t\t\t<div class=\"elementor-column elementor-col-33 elementor-top-column elementor-element elementor-element-e09f586\" data-id=\"e09f586\" data-element_type=\"column\">\n\t\t\t<div class=\"elementor-column-wrap--e09f586 elementor-widget-wrap\">\n\t\t\t\t\t\t\t<\/div>\n\t\t<\/div>\n\t\t\t\t\t<\/div>\n\t\t<\/section>\n\t\t\t\t<section class=\"elementor-section elementor-top-section elementor-element elementor-element-488fde6 elementor-section-boxed elementor-section-height-default elementor-section-height-default\" data-id=\"488fde6\" data-element_type=\"section\">\n\t\t\t\t\t\t<div class=\"elementor-container elementor-column-gap-wide\">\n\t\t\t\t\t<div class=\"elementor-column elementor-col-33 elementor-top-column elementor-element elementor-element-3b14e0f\" data-id=\"3b14e0f\" data-element_type=\"column\">\n\t\t\t<div class=\"elementor-column-wrap--3b14e0f elementor-widget-wrap\">\n\t\t\t\t\t\t\t<\/div>\n\t\t<\/div>\n\t\t\t\t<div class=\"elementor-column elementor-col-33 elementor-top-column elementor-element elementor-element-f996c11\" data-id=\"f996c11\" data-element_type=\"column\">\n\t\t\t<div class=\"elementor-column-wrap--f996c11 elementor-widget-wrap elementor-element-populated\">\n\t\t\t\t\t\t<div class=\"elementor-element elementor-element-be6f18f elementor-widget elementor-widget-text-editor\" data-id=\"be6f18f\" data-element_type=\"widget\" data-widget_type=\"text-editor.default\">\n\t\t\t\t<div class=\"elementor-widget-container\">\n\t\t\t\t\t\t\t\t\t<p>\u00a0<\/p><table><thead><tr><th>Categoria de cookie<\/th><th>Por que usamos esses cookies<\/th><\/tr><\/thead><tbody><tr><td>Prefer\u00eancias<\/td><td><p>Usamos esses cookies para lembrar suas configura\u00e7\u00f5es e prefer\u00eancias.<\/p><p>Por exemplo, podemos usar esses cookies para lembrar suas prefer\u00eancias de idioma.<\/p><\/td><\/tr><tr><td>Seguran\u00e7a<\/td><td><p>Usamos esses cookies para ajudar a identificar e evitar riscos de seguran\u00e7a.<\/p><p>Por exemplo, podemos usar esses cookies para armazenar seus dados de sess\u00e3o para evitar que outras pessoas alterem sua senha sem seu nome de usu\u00e1rio e senha.<\/p><\/td><\/tr><tr><td>Desempenho<\/td><td><p>Usamos esses cookies para coletar informa\u00e7\u00f5es sobre como voc\u00ea usa nossos servi\u00e7os e como podemos aprimor\u00e1-los.<\/p><p>Por exemplo, podemos usar esses cookies para determinar se voc\u00ea usou uma determinada p\u00e1gina.<\/p><\/td><\/tr><tr><td>An\u00e1lise<\/td><td><p>Usamos cookies para nos ajudar a melhorar nossos servi\u00e7os.<\/p><p>Por exemplo, podemos usar esses cookies para saber mais sobre os recursos que s\u00e3o mais populares entre nossos usu\u00e1rios e quais recursos podem precisar ser ajustados.<\/p><\/td><\/tr><tr><td>Para anunciar<\/td><td>Usamos esses cookies para exibir an\u00fancios, torn\u00e1-los mais relevantes e significativos para os consumidores e para medir a efic\u00e1cia de nossas campanhas publicit\u00e1rias, tanto em nossos servi\u00e7os quanto em outros sites ou aplicativos m\u00f3veis.<\/td><\/tr><\/tbody><\/table>\t\t\t\t\t\t\t\t<\/div>\n\t\t\t\t<\/div>\n\t\t\t\t\t<\/div>\n\t\t<\/div>\n\t\t\t\t<div class=\"elementor-column elementor-col-33 elementor-top-column elementor-element elementor-element-13ee48a\" data-id=\"13ee48a\" data-element_type=\"column\">\n\t\t\t<div class=\"elementor-column-wrap--13ee48a elementor-widget-wrap\">\n\t\t\t\t\t\t\t<\/div>\n\t\t<\/div>\n\t\t\t\t\t<\/div>\n\t\t<\/section>\n\t\t\t\t<section class=\"elementor-section elementor-top-section elementor-element elementor-element-531172c elementor-section-boxed elementor-section-height-default elementor-section-height-default\" data-id=\"531172c\" data-element_type=\"section\">\n\t\t\t\t\t\t<div class=\"elementor-container elementor-column-gap-wide\">\n\t\t\t\t\t<div class=\"elementor-column elementor-col-33 elementor-top-column elementor-element elementor-element-a8cca09\" data-id=\"a8cca09\" data-element_type=\"column\">\n\t\t\t<div class=\"elementor-column-wrap--a8cca09 elementor-widget-wrap\">\n\t\t\t\t\t\t\t<\/div>\n\t\t<\/div>\n\t\t\t\t<div class=\"elementor-column elementor-col-33 elementor-top-column elementor-element elementor-element-b56ae29\" data-id=\"b56ae29\" data-element_type=\"column\">\n\t\t\t<div class=\"elementor-column-wrap--b56ae29 elementor-widget-wrap elementor-element-populated\">\n\t\t\t\t\t\t<div class=\"elementor-element elementor-element-0c16062 elementor-widget elementor-widget-text-editor\" data-id=\"0c16062\" data-element_type=\"widget\" data-widget_type=\"text-editor.default\">\n\t\t\t\t<div class=\"elementor-widget-container\">\n\t\t\t\t\t\t\t\t\t<p><strong>Suas escolhas<\/strong><br \/>Seu navegador ou dispositivo pode permitir o bloqueio ou a restri\u00e7\u00e3o do uso de cookies. Mas os cookies s\u00e3o uma parte importante do funcionamento de nossos servi\u00e7os, portanto, se voc\u00ea excluir, recusar ou restringir seu uso, isso poder\u00e1 afetar a disponibilidade e o funcionamento de nossos servi\u00e7os.<\/p><p><strong>Cookies do navegador<\/strong><br \/>Seu navegador pode lhe oferecer a possibilidade de recusar alguns ou todos os cookies do navegador. Voc\u00ea tamb\u00e9m pode excluir os cookies do seu navegador. Para obter mais informa\u00e7\u00f5es sobre o gerenciamento de cookies do navegador, siga as instru\u00e7\u00f5es do seu navegador.<\/p><p><strong>Entre em contato conosco<br \/><\/strong>Se tiver d\u00favidas sobre o uso de cookies, favor <a href=\"\/pt\/contato\/\">Entre em contato conosco<\/a>.<\/p>\t\t\t\t\t\t\t\t<\/div>\n\t\t\t\t<\/div>\n\t\t\t\t\t<\/div>\n\t\t<\/div>\n\t\t\t\t<div class=\"elementor-column elementor-col-33 elementor-top-column elementor-element elementor-element-5e78bfc\" data-id=\"5e78bfc\" data-element_type=\"column\">\n\t\t\t<div class=\"elementor-column-wrap--5e78bfc elementor-widget-wrap\">\n\t\t\t\t\t\t\t<\/div>\n\t\t<\/div>\n\t\t\t\t\t<\/div>\n\t\t<\/section>\n\t\t\t\t<section class=\"elementor-section elementor-top-section elementor-element elementor-element-ac707cd elementor-section-boxed elementor-section-height-default elementor-section-height-default\" data-id=\"ac707cd\" data-element_type=\"section\">\n\t\t\t\t\t\t<div class=\"elementor-container elementor-column-gap-default\">\n\t\t\t\t\t<div class=\"elementor-column elementor-col-100 elementor-top-column elementor-element elementor-element-b011da5\" data-id=\"b011da5\" data-element_type=\"column\">\n\t\t\t<div class=\"elementor-column-wrap--b011da5 elementor-widget-wrap elementor-element-populated\">\n\t\t\t\t\t\t<div class=\"elementor-element elementor-element-41a2acb elementor-widget elementor-widget-spacer\" data-id=\"41a2acb\" data-element_type=\"widget\" data-widget_type=\"spacer.default\">\n\t\t\t\t<div class=\"elementor-widget-container\">\n\t\t\t\t\t\t\t<div class=\"elementor-spacer\">\n\t\t\t<div class=\"elementor-spacer-inner\"><\/div>\n\t\t<\/div>\n\t\t\t\t\t\t<\/div>\n\t\t\t\t<\/div>\n\t\t\t\t\t<\/div>\n\t\t<\/div>\n\t\t\t\t\t<\/div>\n\t\t<\/section>\n\t\t\t\t<\/div>","protected":false},"excerpt":{"rendered":"<p>Cookies A cookie is a small file with data stored on your computer or device to help websites and mobile apps remember things about your search behavior.&nbsp;Our Privacy Policy explains how we collect and use information from and about you. In our cookie policy you will find more information on how this works in practice. [&hellip;]<\/p>\n","protected":false},"author":1,"featured_media":0,"parent":0,"menu_order":0,"comment_status":"closed","ping_status":"closed","template":"","meta":{"footnotes":""},"yst_prominent_words":[],"acf":[],"_links":{"self":[{"href":"https:\/\/paymentdiscounter.com\/pt\/wp-json\/wp\/v2\/pages\/10123"}],"collection":[{"href":"https:\/\/paymentdiscounter.com\/pt\/wp-json\/wp\/v2\/pages"}],"about":[{"href":"https:\/\/paymentdiscounter.com\/pt\/wp-json\/wp\/v2\/types\/page"}],"author":[{"embeddable":true,"href":"https:\/\/paymentdiscounter.com\/pt\/wp-json\/wp\/v2\/users\/1"}],"replies":[{"embeddable":true,"href":"https:\/\/paymentdiscounter.com\/pt\/wp-json\/wp\/v2\/comments?post=10123"}],"version-history":[{"count":36,"href":"https:\/\/paymentdiscounter.com\/pt\/wp-json\/wp\/v2\/pages\/10123\/revisions"}],"predecessor-version":[{"id":15847,"href":"https:\/\/paymentdiscounter.com\/pt\/wp-json\/wp\/v2\/pages\/10123\/revisions\/15847"}],"wp:attachment":[{"href":"https:\/\/paymentdiscounter.com\/pt\/wp-json\/wp\/v2\/media?parent=10123"}],"wp:term":[{"taxonomy":"yst_prominent_words","embeddable":true,"href":"https:\/\/paymentdiscounter.com\/pt\/wp-json\/wp\/v2\/yst_prominent_words?post=10123"}],"curies":[{"name":"wp","href":"https:\/\/api.w.org\/{rel}","templated":true}]}}