{"id":9911,"date":"2021-12-13T10:30:10","date_gmt":"2021-12-13T10:30:10","guid":{"rendered":"https:\/\/paymentdiscounter.com\/?post_type=product&#038;p=9911"},"modified":"2025-01-13T22:30:44","modified_gmt":"2025-01-13T22:30:44","slug":"woldline-yomova-stand-contour-tailwind","status":"publish","type":"product","link":"https:\/\/paymentdiscounter.com\/pl\/produkt\/woldline-yomova-stand-contour-tailwind\/","title":{"rendered":"Woldline Yomova Stand Contour | Tailwind"},"content":{"rendered":"<p>Woldline Yomova Stand Contour<br \/>\nWoldline Yomova Standard jest idealnym rozwi\u0105zaniem dla przedsi\u0119biorc\u00f3w ze sta\u0142\u0105 konfiguracj\u0105 lady. Obrotowa podstawa zapewnia sta\u0142\u0105 lokalizacj\u0119 terminala worldline i zmniejsza przestrze\u0144 potrzebn\u0105 na ladzie. Zmniejsza ryzyko wypadk\u00f3w i pomaga zapobiega\u0107 uszkodzeniom urz\u0105dzenia przez wod\u0119 lub upadek.<\/p>\n<p>S\u0142upek Worldline jest dost\u0119pny w modelach: Niski | Wysoki | Monta\u017c na \u015bcianie.<br \/>\nS\u0142upek Yomova mo\u017cna przymocowa\u0107 za pomoc\u0105 do\u0142\u0105czonego paska samoprzylepnego lub zestawu \u015brub.<\/p>\n<p>Korzy\u015bci<\/p>\n<ul>\n<li>Zwi\u0119kszone i wzmocnione rozwi\u0105zanie monta\u017cowe.<\/li>\n<li>Mo\u017cliwo\u015b\u0107 pochylenia do 140 stopni.<\/li>\n<li>Mo\u017cliwo\u015b\u0107 obrotu do 330 stopni.<\/li>\n<li>Dostarczany wraz z p\u0142yt\u0105 monta\u017cow\u0105.<\/li>\n<li>Mo\u017ce by\u0107 mocowany za pomoc\u0105 \u015brub lub pask\u00f3w samoprzylepnych.<\/li>\n<li>Zapobiega zerwaniu kabli.<\/li>\n<\/ul>\n<p>&nbsp;<\/p>","protected":false},"excerpt":{"rendered":"<p>S\u0142upek Woldline Yomova zapewnia \u0142atwe przymocowanie terminala p\u0142atniczego do lady lub \u015bciany. Obrotowy do 330c i \u0142atwy w obs\u0142udze zar\u00f3wno dla przedsi\u0119biorcy, jak i klienta. Pomaga zapobiega\u0107 uszkodzeniom i utrzymuje terminal p\u0142atniczy d\u0142u\u017cej w dobrym stanie.<\/p>","protected":false},"featured_media":9912,"comment_status":"closed","ping_status":"closed","template":"","meta":[],"product_cat":[804,834],"product_tag":[1917,3349,1326,768,939,940],"acf":[],"_links":{"self":[{"href":"https:\/\/paymentdiscounter.com\/pl\/wp-json\/wp\/v2\/product\/9911"}],"collection":[{"href":"https:\/\/paymentdiscounter.com\/pl\/wp-json\/wp\/v2\/product"}],"about":[{"href":"https:\/\/paymentdiscounter.com\/pl\/wp-json\/wp\/v2\/types\/product"}],"replies":[{"embeddable":true,"href":"https:\/\/paymentdiscounter.com\/pl\/wp-json\/wp\/v2\/comments?post=9911"}],"version-history":[{"count":5,"href":"https:\/\/paymentdiscounter.com\/pl\/wp-json\/wp\/v2\/product\/9911\/revisions"}],"predecessor-version":[{"id":26881,"href":"https:\/\/paymentdiscounter.com\/pl\/wp-json\/wp\/v2\/product\/9911\/revisions\/26881"}],"wp:featuredmedia":[{"embeddable":true,"href":"https:\/\/paymentdiscounter.com\/pl\/wp-json\/wp\/v2\/media\/9912"}],"wp:attachment":[{"href":"https:\/\/paymentdiscounter.com\/pl\/wp-json\/wp\/v2\/media?parent=9911"}],"wp:term":[{"taxonomy":"product_cat","embeddable":true,"href":"https:\/\/paymentdiscounter.com\/pl\/wp-json\/wp\/v2\/product_cat?post=9911"},{"taxonomy":"product_tag","embeddable":true,"href":"https:\/\/paymentdiscounter.com\/pl\/wp-json\/wp\/v2\/product_tag?post=9911"}],"curies":[{"name":"wp","href":"https:\/\/api.w.org\/{rel}","templated":true}]}}