{"id":9900,"date":"2021-12-13T10:15:54","date_gmt":"2021-12-13T10:15:54","guid":{"rendered":"https:\/\/paymentdiscounter.com\/?post_type=product&#038;p=9900"},"modified":"2025-01-13T22:29:32","modified_gmt":"2025-01-13T22:29:32","slug":"worldline-yomani-stand-compact-tailwind","status":"publish","type":"product","link":"https:\/\/paymentdiscounter.com\/pl\/produkt\/worldline-yomani-stand-compact-tailwind\/","title":{"rendered":"Worldline Yomani Stand Compact | Tailwind"},"content":{"rendered":"<p>Worldline Yomani Stand Compact | TailwindWorldline Yomani Stand Compact | TailwindWorldline Yomani Stand Compact | TailwindWorldline Yomani Stand Compact | TailwindWorldline Yomani Stand Compact | TailwindWorldline Yomani Stand Compact | TailwindWorldline Yomani Stand Compact | TailwindWorldline Yomani Stand Compact | Tailwind<\/p>\n<p>Korzy\u015bci<\/p>\n<ul>\n<li>Zwi\u0119kszone i wzmocnione rozwi\u0105zanie monta\u017cowe.<\/li>\n<li>Mo\u017cliwo\u015b\u0107 pochylenia do 140 stopni.<\/li>\n<li>Mo\u017cliwo\u015b\u0107 obrotu do 330 stopni.<\/li>\n<li>Dostarczany wraz z p\u0142yt\u0105 monta\u017cow\u0105.<\/li>\n<li>Mo\u017ce by\u0107 mocowany za pomoc\u0105 \u015brub lub pask\u00f3w samoprzylepnych.<\/li>\n<li>Zapobiega zerwaniu kabli.<\/li>\n<\/ul>\n<p>&nbsp;<\/p>","protected":false},"excerpt":{"rendered":"<p>Wystarczy przymocowa\u0107 s\u0142upek Worldline Yomani do lady lub \u015bciany, aby uzyska\u0107 wi\u0119ksz\u0105 wygod\u0119 i swobod\u0119 podczas pracy. Tyczka p\u0142atnicza zapewnia dodatkow\u0105 wygod\u0119 i bezpiecze\u0144stwo oraz obraca si\u0119 i przechyla do 330 stopni. Zobacz modele i zam\u00f3w sw\u00f3j s\u0142upek w prosty spos\u00f3b online.<\/p>","protected":false},"featured_media":9894,"comment_status":"closed","ping_status":"closed","template":"","meta":[],"product_cat":[804,833],"product_tag":[3349,1326,768,933,3342,934,1205,3343,935],"acf":[],"_links":{"self":[{"href":"https:\/\/paymentdiscounter.com\/pl\/wp-json\/wp\/v2\/product\/9900"}],"collection":[{"href":"https:\/\/paymentdiscounter.com\/pl\/wp-json\/wp\/v2\/product"}],"about":[{"href":"https:\/\/paymentdiscounter.com\/pl\/wp-json\/wp\/v2\/types\/product"}],"replies":[{"embeddable":true,"href":"https:\/\/paymentdiscounter.com\/pl\/wp-json\/wp\/v2\/comments?post=9900"}],"version-history":[{"count":5,"href":"https:\/\/paymentdiscounter.com\/pl\/wp-json\/wp\/v2\/product\/9900\/revisions"}],"predecessor-version":[{"id":26887,"href":"https:\/\/paymentdiscounter.com\/pl\/wp-json\/wp\/v2\/product\/9900\/revisions\/26887"}],"wp:featuredmedia":[{"embeddable":true,"href":"https:\/\/paymentdiscounter.com\/pl\/wp-json\/wp\/v2\/media\/9894"}],"wp:attachment":[{"href":"https:\/\/paymentdiscounter.com\/pl\/wp-json\/wp\/v2\/media?parent=9900"}],"wp:term":[{"taxonomy":"product_cat","embeddable":true,"href":"https:\/\/paymentdiscounter.com\/pl\/wp-json\/wp\/v2\/product_cat?post=9900"},{"taxonomy":"product_tag","embeddable":true,"href":"https:\/\/paymentdiscounter.com\/pl\/wp-json\/wp\/v2\/product_tag?post=9900"}],"curies":[{"name":"wp","href":"https:\/\/api.w.org\/{rel}","templated":true}]}}