{"id":9852,"date":"2021-12-12T12:31:55","date_gmt":"2021-12-12T12:31:55","guid":{"rendered":"https:\/\/paymentdiscounter.com\/?post_type=product&#038;p=9852"},"modified":"2024-01-11T22:42:08","modified_gmt":"2024-01-11T22:42:08","slug":"verifone-vx820-drive-true-stick-tailwind-2","status":"publish","type":"product","link":"https:\/\/paymentdiscounter.com\/pl\/produkt\/verifone-vx820-drive-true-stick-tailwind-2\/","title":{"rendered":"Verifone Vx820 drive true stick | Tailwind"},"content":{"rendered":"<p>Verifone Vx820 drive true stick | TailwindVerifone Vx820 drive true stick | TailwindVerifone Vx820 drive true stick | TailwindVerifone Vx820 drive true stick | TailwindVerifone Vx820 drive true stick | Tailwind<\/p>","protected":false},"excerpt":{"rendered":"<p>Dzi\u0119ki uchwytowi Verifone P400 terminal p\u0142atniczy mo\u017cna \u0142atwo przymocowa\u0107 do lady lub kontuaru. Uchwyt bankomatu mo\u017cna obraca\u0107 w zakresie do 330 cm, dzi\u0119ki czemu jest \u0142atwy w obs\u0142udze zar\u00f3wno dla klient\u00f3w, jak i pracownik\u00f3w. Pomaga r\u00f3wnie\u017c zapobiega\u0107 uszkodzeniom i zapewnia lepszy przegl\u0105d w miejscu pracy.<\/p>","protected":false},"featured_media":9855,"comment_status":"open","ping_status":"closed","template":"","meta":[],"product_cat":[791,780],"product_tag":[908,909,1326,776,911],"acf":[],"_links":{"self":[{"href":"https:\/\/paymentdiscounter.com\/pl\/wp-json\/wp\/v2\/product\/9852"}],"collection":[{"href":"https:\/\/paymentdiscounter.com\/pl\/wp-json\/wp\/v2\/product"}],"about":[{"href":"https:\/\/paymentdiscounter.com\/pl\/wp-json\/wp\/v2\/types\/product"}],"replies":[{"embeddable":true,"href":"https:\/\/paymentdiscounter.com\/pl\/wp-json\/wp\/v2\/comments?post=9852"}],"version-history":[{"count":2,"href":"https:\/\/paymentdiscounter.com\/pl\/wp-json\/wp\/v2\/product\/9852\/revisions"}],"predecessor-version":[{"id":26306,"href":"https:\/\/paymentdiscounter.com\/pl\/wp-json\/wp\/v2\/product\/9852\/revisions\/26306"}],"wp:featuredmedia":[{"embeddable":true,"href":"https:\/\/paymentdiscounter.com\/pl\/wp-json\/wp\/v2\/media\/9855"}],"wp:attachment":[{"href":"https:\/\/paymentdiscounter.com\/pl\/wp-json\/wp\/v2\/media?parent=9852"}],"wp:term":[{"taxonomy":"product_cat","embeddable":true,"href":"https:\/\/paymentdiscounter.com\/pl\/wp-json\/wp\/v2\/product_cat?post=9852"},{"taxonomy":"product_tag","embeddable":true,"href":"https:\/\/paymentdiscounter.com\/pl\/wp-json\/wp\/v2\/product_tag?post=9852"}],"curies":[{"name":"wp","href":"https:\/\/api.w.org\/{rel}","templated":true}]}}