{"id":9843,"date":"2021-12-12T12:21:58","date_gmt":"2021-12-12T12:21:58","guid":{"rendered":"https:\/\/paymentdiscounter.com\/?post_type=product&#038;p=9843"},"modified":"2025-01-13T22:30:31","modified_gmt":"2025-01-13T22:30:31","slug":"verifone-vx820-stand-compact","status":"publish","type":"product","link":"https:\/\/paymentdiscounter.com\/pl\/produkt\/verifone-vx820-stand-compact\/","title":{"rendered":"Verifone Vx820 Stand Compact"},"content":{"rendered":"<p>Verifone Vx820 Pole Compact<br \/>\nStojak Verifone Vx820 jest idealnym rozwi\u0105zaniem dla sklep\u00f3w ze sta\u0142\u0105 lad\u0105. Stojak na terminal p\u0142atniczy zapewnia sta\u0142\u0105 lokalizacj\u0119 terminala i zmniejsza przestrze\u0144 potrzebn\u0105 na ladzie.<\/p>\n<p>Zmniejsza r\u00f3wnie\u017c ryzyko wypadk\u00f3w i uszkodze\u0144. S\u0142upek p\u0142atniczy Verifone jest dost\u0119pny w modelach: Niski | Wysoki | Mocowany do \u015bciany. Mo\u017cna go przymocowa\u0107 za pomoc\u0105 paska samoprzylepnego lub zestawu \u015brub, kt\u00f3ry jest do\u0142\u0105czony do zakupu.<\/p>\n<p>Korzy\u015bci<\/p>\n<ul>\n<li>Wszystko w jednym rozwi\u0105zaniu monta\u017cowym.<\/li>\n<li>Mo\u017cliwo\u015b\u0107 pochylenia do 140 stopni.<\/li>\n<li>Mo\u017cliwo\u015b\u0107 obrotu do 330 stopni.<\/li>\n<li>P\u0142yta monta\u017cowa w zestawie.<\/li>\n<li>\u0141atwe mocowanie za pomoc\u0105 \u015brub lub paska samoprzylepnego.<\/li>\n<li>Zapobiega zerwaniu kabli.<\/li>\n<\/ul>\n<p>&nbsp;<\/p>","protected":false},"excerpt":{"rendered":"<p>S\u0142upek Verifone Vx820 zapewnia \u0142atwy monta\u017c terminala p\u0142atniczego na ladzie lub \u015bcianie. Obrotowy do 330 cm i \u0142atwy w obs\u0142udze zar\u00f3wno dla przedsi\u0119biorcy, jak i klienta. Pomaga r\u00f3wnie\u017c zapobiega\u0107 uszkodzeniom i utrzymuje terminal p\u0142atniczy d\u0142u\u017cej w lepszym stanie.<\/p>","protected":false},"featured_media":9845,"comment_status":"closed","ping_status":"closed","template":"","meta":[],"product_cat":[791,780],"product_tag":[3349,1326,768,776,3338,781,913],"acf":[],"_links":{"self":[{"href":"https:\/\/paymentdiscounter.com\/pl\/wp-json\/wp\/v2\/product\/9843"}],"collection":[{"href":"https:\/\/paymentdiscounter.com\/pl\/wp-json\/wp\/v2\/product"}],"about":[{"href":"https:\/\/paymentdiscounter.com\/pl\/wp-json\/wp\/v2\/types\/product"}],"replies":[{"embeddable":true,"href":"https:\/\/paymentdiscounter.com\/pl\/wp-json\/wp\/v2\/comments?post=9843"}],"version-history":[{"count":4,"href":"https:\/\/paymentdiscounter.com\/pl\/wp-json\/wp\/v2\/product\/9843\/revisions"}],"predecessor-version":[{"id":26308,"href":"https:\/\/paymentdiscounter.com\/pl\/wp-json\/wp\/v2\/product\/9843\/revisions\/26308"}],"wp:featuredmedia":[{"embeddable":true,"href":"https:\/\/paymentdiscounter.com\/pl\/wp-json\/wp\/v2\/media\/9845"}],"wp:attachment":[{"href":"https:\/\/paymentdiscounter.com\/pl\/wp-json\/wp\/v2\/media?parent=9843"}],"wp:term":[{"taxonomy":"product_cat","embeddable":true,"href":"https:\/\/paymentdiscounter.com\/pl\/wp-json\/wp\/v2\/product_cat?post=9843"},{"taxonomy":"product_tag","embeddable":true,"href":"https:\/\/paymentdiscounter.com\/pl\/wp-json\/wp\/v2\/product_tag?post=9843"}],"curies":[{"name":"wp","href":"https:\/\/api.w.org\/{rel}","templated":true}]}}