{"id":9611,"date":"2021-12-11T21:10:20","date_gmt":"2021-12-11T21:10:20","guid":{"rendered":"https:\/\/paymentdiscounter.com\/?post_type=product&#038;p=9611"},"modified":"2024-01-11T22:41:46","modified_gmt":"2024-01-11T22:41:46","slug":"verifone-p400-drive-true-stick-tailwind","status":"publish","type":"product","link":"https:\/\/paymentdiscounter.com\/pl\/produkt\/verifone-p400-drive-true-stick-tailwind\/","title":{"rendered":"Verifone P400 drive true stick | Tailwind"},"content":{"rendered":"<p>Verifone P400 drive true stick | TailwindVerifone P400 drive true stick | TailwindVerifone P400 drive true stick | TailwindVerifone P400 drive true stick | TailwindVerifone P400 drive true stick | TailwindVerifone P400 drive true stick | TailwindVerifone P400 drive true stick | TailwindVerifone P400 drive true stick | Tailwind<\/p>","protected":false},"excerpt":{"rendered":"<p>Dzi\u0119ki uchwytowi Verifone P400 terminal p\u0142atniczy mo\u017cna \u0142atwo przymocowa\u0107 do lady lub kontuaru. Uchwyt bankomatu mo\u017cna obraca\u0107 w zakresie do 330 cm, dzi\u0119ki czemu jest \u0142atwy w obs\u0142udze zar\u00f3wno dla klient\u00f3w, jak i pracownik\u00f3w. Pomaga r\u00f3wnie\u017c zapobiega\u0107 uszkodzeniom i zapewnia lepszy przegl\u0105d w miejscu pracy.<\/p>","protected":false},"featured_media":9615,"comment_status":"open","ping_status":"closed","template":"","meta":[],"product_cat":[791,824],"product_tag":[908,909,1326,776,911],"acf":[],"_links":{"self":[{"href":"https:\/\/paymentdiscounter.com\/pl\/wp-json\/wp\/v2\/product\/9611"}],"collection":[{"href":"https:\/\/paymentdiscounter.com\/pl\/wp-json\/wp\/v2\/product"}],"about":[{"href":"https:\/\/paymentdiscounter.com\/pl\/wp-json\/wp\/v2\/types\/product"}],"replies":[{"embeddable":true,"href":"https:\/\/paymentdiscounter.com\/pl\/wp-json\/wp\/v2\/comments?post=9611"}],"version-history":[{"count":2,"href":"https:\/\/paymentdiscounter.com\/pl\/wp-json\/wp\/v2\/product\/9611\/revisions"}],"predecessor-version":[{"id":26315,"href":"https:\/\/paymentdiscounter.com\/pl\/wp-json\/wp\/v2\/product\/9611\/revisions\/26315"}],"wp:featuredmedia":[{"embeddable":true,"href":"https:\/\/paymentdiscounter.com\/pl\/wp-json\/wp\/v2\/media\/9615"}],"wp:attachment":[{"href":"https:\/\/paymentdiscounter.com\/pl\/wp-json\/wp\/v2\/media?parent=9611"}],"wp:term":[{"taxonomy":"product_cat","embeddable":true,"href":"https:\/\/paymentdiscounter.com\/pl\/wp-json\/wp\/v2\/product_cat?post=9611"},{"taxonomy":"product_tag","embeddable":true,"href":"https:\/\/paymentdiscounter.com\/pl\/wp-json\/wp\/v2\/product_tag?post=9611"}],"curies":[{"name":"wp","href":"https:\/\/api.w.org\/{rel}","templated":true}]}}