{"id":9602,"date":"2021-12-11T20:57:09","date_gmt":"2021-12-11T20:57:09","guid":{"rendered":"https:\/\/paymentdiscounter.com\/?post_type=product&#038;p=9602"},"modified":"2025-01-13T22:35:48","modified_gmt":"2025-01-13T22:35:48","slug":"verifone-p400-stand-complete-tailwind","status":"publish","type":"product","link":"https:\/\/paymentdiscounter.com\/pl\/produkt\/verifone-p400-stand-complete-tailwind\/","title":{"rendered":"Verifone P400 Stand Complete | Tailwind"},"content":{"rendered":"<p>Verifone P400 Stand Complete | Tailwind<br \/>\nUchwyt Verifone P400 to idealny spos\u00f3b na przymocowanie bankomatu do lady lub kontuaru. Uchwyt jest wyposa\u017cony w obrotow\u0105 podstaw\u0119, dzi\u0119ki czemu terminal p\u0142atniczy mo\u017cna \u0142atwo obr\u00f3ci\u0107 w razie potrzeby. Ponadto mo\u017cna \u0142atwo ustawi\u0107 kierunek widzenia od g\u00f3ry do do\u0142u. Mo\u017ce to by\u0107 przydatny dodatek dla os\u00f3b poruszaj\u0105cych si\u0119 na w\u00f3zku inwalidzkim.<\/p>\n<p>Uchwyt Verifone jest dost\u0119pny w 3 modelach:<br \/>\n- Sta\u0142y uchwyt o wysoko\u015bci 18 cm. Jest to standardowy i najlepiej sprzedaj\u0105cy si\u0119 model.<br \/>\n- Sta\u0142y model kompaktowy o ni\u017cszej wysoko\u015bci. Model ten mo\u017ce by\u0107 obracany i jest zamocowany w 1 kierunku.<br \/>\n- Ostatni model przeznaczony jest do monta\u017cu na \u015bcianie lub murku. Jest on cz\u0119sto u\u017cywany w kawiarniach lub barach, gdzie bankomat jest umieszczony blisko kasy.<\/p>\n<p>Uchwyt pin\u00f3w Verifone P400 mo\u017cna \u0142atwo przymocowa\u0107 za pomoc\u0105 do\u0142\u0105czonego paska samoprzylepnego i zestawu \u015brub.<\/p>\n<p>Zalety<br \/>\nPodni\u00f3s\u0142 i wzmocni\u0142 sw\u00f3j bankomat.<br \/>\nUchwyt mo\u017cna przechyla\u0107 w zakresie do 140 stopni<br \/>\nMo\u017cliwo\u015b\u0107 obrotu o 330 stopni (z wyj\u0105tkiem modelu kompaktowego)<br \/>\n\u0141atwe mocowanie za pomoc\u0105 p\u0142yty monta\u017cowej.<br \/>\nOpcjonalnie do przymocowania za pomoc\u0105 okr\u0105g\u0142ego paska samoprzylepnego.<br \/>\nZapobiega uszkodzeniom kabli.<br \/>\nUchwyt Verifone P400 mo\u017cna \u0142atwo zam\u00f3wi\u0107 w naszym sklepie internetowym. Zobacz wszystkie akcesoria P400 w sklepie lub skontaktuj si\u0119 z nami, aby uzyska\u0107 wi\u0119cej informacji.<\/p>","protected":false},"excerpt":{"rendered":"<p>Dzi\u0119ki uchwytowi Verifone P400 terminal p\u0142atniczy mo\u017cna \u0142atwo przymocowa\u0107 do lady lub kontuaru. Uchwyt bankomatu mo\u017cna obraca\u0107 w zakresie do 330 cm, dzi\u0119ki czemu jest \u0142atwy w obs\u0142udze zar\u00f3wno dla klient\u00f3w, jak i pracownik\u00f3w. Pomaga r\u00f3wnie\u017c zapobiega\u0107 uszkodzeniom i zapewnia lepszy przegl\u0105d w miejscu pracy.<\/p>","protected":false},"featured_media":9603,"comment_status":"closed","ping_status":"closed","template":"","meta":[],"product_cat":[791,824],"product_tag":[3349,2615,3340,908,909,1326,776,3338,911],"acf":[],"_links":{"self":[{"href":"https:\/\/paymentdiscounter.com\/pl\/wp-json\/wp\/v2\/product\/9602"}],"collection":[{"href":"https:\/\/paymentdiscounter.com\/pl\/wp-json\/wp\/v2\/product"}],"about":[{"href":"https:\/\/paymentdiscounter.com\/pl\/wp-json\/wp\/v2\/types\/product"}],"replies":[{"embeddable":true,"href":"https:\/\/paymentdiscounter.com\/pl\/wp-json\/wp\/v2\/comments?post=9602"}],"version-history":[{"count":4,"href":"https:\/\/paymentdiscounter.com\/pl\/wp-json\/wp\/v2\/product\/9602\/revisions"}],"predecessor-version":[{"id":26329,"href":"https:\/\/paymentdiscounter.com\/pl\/wp-json\/wp\/v2\/product\/9602\/revisions\/26329"}],"wp:featuredmedia":[{"embeddable":true,"href":"https:\/\/paymentdiscounter.com\/pl\/wp-json\/wp\/v2\/media\/9603"}],"wp:attachment":[{"href":"https:\/\/paymentdiscounter.com\/pl\/wp-json\/wp\/v2\/media?parent=9602"}],"wp:term":[{"taxonomy":"product_cat","embeddable":true,"href":"https:\/\/paymentdiscounter.com\/pl\/wp-json\/wp\/v2\/product_cat?post=9602"},{"taxonomy":"product_tag","embeddable":true,"href":"https:\/\/paymentdiscounter.com\/pl\/wp-json\/wp\/v2\/product_tag?post=9602"}],"curies":[{"name":"wp","href":"https:\/\/api.w.org\/{rel}","templated":true}]}}