{"id":8791,"date":"2021-12-01T11:03:46","date_gmt":"2021-12-01T11:03:46","guid":{"rendered":"https:\/\/paymentdiscounter.com\/?post_type=product&#038;p=8791"},"modified":"2024-03-05T01:07:36","modified_gmt":"2024-03-05T01:07:36","slug":"verifone-p400-wetcover","status":"publish","type":"product","link":"https:\/\/paymentdiscounter.com\/pl\/produkt\/verifone-p400-wetcover\/","title":{"rendered":"Verifone P400 Wetcover"},"content":{"rendered":"<p>Verifone Os\u0142ona przeciwwilgociowa P400<br \/>\nTerminal p\u0142atniczy jest kosztown\u0105 cz\u0119\u015bci\u0105 firmy. Os\u0142ona P400 Wetcover zapobiega uszkodzeniom spowodowanym przez wod\u0119 i utrzymuje terminal p\u0142atniczy w dobrym stanie przez d\u0142u\u017cszy czas. Przypinanie staje si\u0119 coraz bardziej popularne, a w przypadku awarii mo\u017ce to spowodowa\u0107 utrat\u0119 obrot\u00f3w. Pokrywa ochronna P400 gwarantuje, \u017ce \u017cadna ciecz nie dostanie si\u0119 mi\u0119dzy klawisze i nie narazi Ci\u0119 na niespodziewane koszty.<\/p>\n<p>Wetcover mo\u017cna \u0142atwo przymocowa\u0107 za pomoc\u0105 paska samoprzylepnego. Dodatkowa ochrona jest szczeg\u00f3lnie zalecana w przypadku lokali gastronomicznych, takich jak kawiarnie. Os\u0142ona Wetcover chroni terminal p\u0142atniczy P400 przed kontaktem z wilgoci\u0105 lub napojami. Niezwykle przydatna dla przedsi\u0119biorc\u00f3w z bran\u017cy gastronomicznej. Zam\u00f3w P400 Wetcover online.<\/p>\n<p>Dodatkow\u0105 ochron\u0119 mo\u017ce zapewni\u0107 os\u0142ona ochronna na bankomat. Ta silikonowa os\u0142ona jest \u0142atwa do umieszczenia na bankomacie i pomaga zapobiega\u0107 uszkodzeniom terminala. Dost\u0119pna w dw\u00f3ch kombinacjach kolorystycznych.<\/p>","protected":false},"excerpt":{"rendered":"<p>Zastosowanie os\u0142ony klawiatury (os\u0142ony mokrej) chroni PIN przed p\u0142ynami, t\u0142uszczem, brudem i kurzem. Zapobiega to gromadzeniu si\u0119 bakterii i utrzymuje terminal p\u0142atniczy w dobrym stanie przez d\u0142u\u017cszy czas. Ponadto mo\u017cna j\u0105 \u0142atwo wyczy\u015bci\u0107 pod kranem lub w zmywarce. Idealne rozwi\u0105zanie dla restauracji i kawiarni!<\/p>\n<p>&nbsp;<\/p>\n<p>Zawarto\u015b\u0107: 2 szt.<\/p>","protected":false},"featured_media":9567,"comment_status":"closed","ping_status":"closed","template":"","meta":[],"product_cat":[791,824],"product_tag":[723,3340,726,776,3338,821],"acf":[],"_links":{"self":[{"href":"https:\/\/paymentdiscounter.com\/pl\/wp-json\/wp\/v2\/product\/8791"}],"collection":[{"href":"https:\/\/paymentdiscounter.com\/pl\/wp-json\/wp\/v2\/product"}],"about":[{"href":"https:\/\/paymentdiscounter.com\/pl\/wp-json\/wp\/v2\/types\/product"}],"replies":[{"embeddable":true,"href":"https:\/\/paymentdiscounter.com\/pl\/wp-json\/wp\/v2\/comments?post=8791"}],"version-history":[{"count":6,"href":"https:\/\/paymentdiscounter.com\/pl\/wp-json\/wp\/v2\/product\/8791\/revisions"}],"predecessor-version":[{"id":26328,"href":"https:\/\/paymentdiscounter.com\/pl\/wp-json\/wp\/v2\/product\/8791\/revisions\/26328"}],"wp:featuredmedia":[{"embeddable":true,"href":"https:\/\/paymentdiscounter.com\/pl\/wp-json\/wp\/v2\/media\/9567"}],"wp:attachment":[{"href":"https:\/\/paymentdiscounter.com\/pl\/wp-json\/wp\/v2\/media?parent=8791"}],"wp:term":[{"taxonomy":"product_cat","embeddable":true,"href":"https:\/\/paymentdiscounter.com\/pl\/wp-json\/wp\/v2\/product_cat?post=8791"},{"taxonomy":"product_tag","embeddable":true,"href":"https:\/\/paymentdiscounter.com\/pl\/wp-json\/wp\/v2\/product_tag?post=8791"}],"curies":[{"name":"wp","href":"https:\/\/api.w.org\/{rel}","templated":true}]}}