{"id":8787,"date":"2021-12-01T10:49:12","date_gmt":"2021-12-01T10:49:12","guid":{"rendered":"https:\/\/paymentdiscounter.com\/?post_type=product&#038;p=8787"},"modified":"2024-03-05T00:47:00","modified_gmt":"2024-03-05T00:47:00","slug":"oslona-ekranu-verifone-p400","status":"publish","type":"product","link":"https:\/\/paymentdiscounter.com\/pl\/produkt\/oslona-ekranu-verifone-p400\/","title":{"rendered":"Verifone P400 Screenprotector"},"content":{"rendered":"<p>Verifone p400 Screen Protector<br \/>\nOchraniacz ekranu jest wyj\u0105tkowo odporny na zarysowania i \u0142atwy do umieszczenia na ekranie. Wyposa\u017cony w dodatkow\u0105 pow\u0142ok\u0119 zapobiegaj\u0105c\u0105 pozostawianiu odcisk\u00f3w palc\u00f3w, kt\u00f3ra u\u0142atwia usuwanie brudu i odcisk\u00f3w palc\u00f3w z ekranu. Ponadto dzia\u0142a bezproblemowo z ekranem dotykowym.<\/p>\n<p>Korzy\u015bci z ochraniacza ekranu<br \/>\nNowo opracowana warstwa klej\u0105ca zapewnia \u0142atwe mocowanie os\u0142ony ekranu. Rezultat: os\u0142ona ekranu bez p\u0119cherzyk\u00f3w powietrza.<\/p>","protected":false},"excerpt":{"rendered":"<p>Je\u015bli u\u017cywasz telefonu kom\u00f3rkowego, naturalnie chcesz go dobrze chroni\u0107 przed wypadkami i uszkodzeniami. Ochraniacz ekranu p400 zapewnia dodatkow\u0105 ochron\u0119 bez ogranicze\u0144. Os\u0142ona ekranu zapewnia dodatkow\u0105 warstw\u0119 ochrony dla cennego bankomatu. Chroni ekran przed zarysowaniami i zapewnia d\u0142u\u017csz\u0105 \u017cywotno\u015b\u0107 terminala p\u0142atniczego.<\/p>\n<p>Krystalicznie czysty<br \/>\ntwarda pow\u0142oka<br \/>\nOdporny na zabrudzenia<br \/>\n\u0141atwy monta\u017c i demonta\u017c<\/p>","protected":false},"featured_media":9570,"comment_status":"closed","ping_status":"closed","template":"","meta":[],"product_cat":[791,824],"product_tag":[723,726,762,776,3338,821],"acf":[],"_links":{"self":[{"href":"https:\/\/paymentdiscounter.com\/pl\/wp-json\/wp\/v2\/product\/8787"}],"collection":[{"href":"https:\/\/paymentdiscounter.com\/pl\/wp-json\/wp\/v2\/product"}],"about":[{"href":"https:\/\/paymentdiscounter.com\/pl\/wp-json\/wp\/v2\/types\/product"}],"replies":[{"embeddable":true,"href":"https:\/\/paymentdiscounter.com\/pl\/wp-json\/wp\/v2\/comments?post=8787"}],"version-history":[{"count":6,"href":"https:\/\/paymentdiscounter.com\/pl\/wp-json\/wp\/v2\/product\/8787\/revisions"}],"predecessor-version":[{"id":26326,"href":"https:\/\/paymentdiscounter.com\/pl\/wp-json\/wp\/v2\/product\/8787\/revisions\/26326"}],"wp:featuredmedia":[{"embeddable":true,"href":"https:\/\/paymentdiscounter.com\/pl\/wp-json\/wp\/v2\/media\/9570"}],"wp:attachment":[{"href":"https:\/\/paymentdiscounter.com\/pl\/wp-json\/wp\/v2\/media?parent=8787"}],"wp:term":[{"taxonomy":"product_cat","embeddable":true,"href":"https:\/\/paymentdiscounter.com\/pl\/wp-json\/wp\/v2\/product_cat?post=8787"},{"taxonomy":"product_tag","embeddable":true,"href":"https:\/\/paymentdiscounter.com\/pl\/wp-json\/wp\/v2\/product_tag?post=8787"}],"curies":[{"name":"wp","href":"https:\/\/api.w.org\/{rel}","templated":true}]}}