{"id":8762,"date":"2021-11-30T17:36:27","date_gmt":"2021-11-30T17:36:27","guid":{"rendered":"https:\/\/paymentdiscounter.com\/?post_type=product&#038;p=8762"},"modified":"2025-09-17T21:15:18","modified_gmt":"2025-09-17T21:15:18","slug":"kabura-verifone-v400m","status":"publish","type":"product","link":"https:\/\/paymentdiscounter.com\/pl\/produkt\/kabura-verifone-v400m\/","title":{"rendered":"Kabura Verifone V400m"},"content":{"rendered":"<p>Kabura Verifone V400m to smuk\u0142y i niezawodny futera\u0142, kt\u00f3ry zapewnia ochron\u0119 terminala p\u0142atniczego i \u0142atwy dost\u0119p do niego przez ca\u0142y czas. Wykonana z wytrzyma\u0142ej tkaniny Cordura\u00ae, ta lekka kabura o wadze 75 g zapewnia doskona\u0142\u0105 odporno\u015b\u0107 na rozdarcia, trwa\u0142o\u015b\u0107 i trwa\u0142y komfort.<\/p>\n<p>Zaprojektowany dla standardowych modeli terminali, posiada ukryte zapi\u0119cie na rzep dla bezpiecznego mocowania, wbudowany uchwyt na d\u0142ugopis dla dodatkowej wygody i opcjonaln\u0105 kompatybilno\u015b\u0107 z paskiem na rami\u0119 dla dodatkowej elastyczno\u015bci przenoszenia.<\/p>\n<ul>\n<li>Mocna tkanina Cordura\u00ae: 5 lat gwarancji w zestawie<\/li>\n<li>Lekka konstrukcja: Tylko 75 g<\/li>\n<li>Wbudowany uchwyt na d\u0142ugopis dla wygody<\/li>\n<li>Dyskretny system zapinania na rzep<\/li>\n<li>Opcjonalny pasek na rami\u0119 gotowy<\/li>\n<li>Zaprojektowany dla klasycznych terminali p\u0142atniczych<\/li>\n<\/ul>","protected":false},"excerpt":{"rendered":"<p>Verifone V400m Holster to praktyczne i lekkie akcesorium, kt\u00f3re umo\u017cliwia przenoszenie terminala p\u0142atniczego bez u\u017cycia r\u0105k w kawiarniach, restauracjach lub na imprezach. Przy wadze zaledwie 75 gram\u00f3w oferuje bezpieczny i wygodny spos\u00f3b na trzymanie terminala w zasi\u0119gu r\u0119ki przez ca\u0142y dzie\u0144.<\/p>\n<ul>\n<li>Wysokiej jako\u015bci materia\u0142 Cordura\u00ae: Trwa\u0142y i wytrzyma\u0142y<\/li>\n<li>W zestawie wytrzyma\u0142y pasek<\/li>\n<li>Ultralekka konstrukcja: Tylko 75 g<\/li>\n<li>Opcjonalne wsparcie paska na rami\u0119<\/li>\n<li>Obj\u0119ty 5-letni\u0105 gwarancj\u0105<\/li>\n<\/ul>","protected":false},"featured_media":37764,"comment_status":"closed","ping_status":"closed","template":"","meta":[],"product_cat":[791,812],"product_tag":[873,702,770,3339,3338],"acf":[],"_links":{"self":[{"href":"https:\/\/paymentdiscounter.com\/pl\/wp-json\/wp\/v2\/product\/8762"}],"collection":[{"href":"https:\/\/paymentdiscounter.com\/pl\/wp-json\/wp\/v2\/product"}],"about":[{"href":"https:\/\/paymentdiscounter.com\/pl\/wp-json\/wp\/v2\/types\/product"}],"replies":[{"embeddable":true,"href":"https:\/\/paymentdiscounter.com\/pl\/wp-json\/wp\/v2\/comments?post=8762"}],"version-history":[{"count":9,"href":"https:\/\/paymentdiscounter.com\/pl\/wp-json\/wp\/v2\/product\/8762\/revisions"}],"predecessor-version":[{"id":37765,"href":"https:\/\/paymentdiscounter.com\/pl\/wp-json\/wp\/v2\/product\/8762\/revisions\/37765"}],"wp:featuredmedia":[{"embeddable":true,"href":"https:\/\/paymentdiscounter.com\/pl\/wp-json\/wp\/v2\/media\/37764"}],"wp:attachment":[{"href":"https:\/\/paymentdiscounter.com\/pl\/wp-json\/wp\/v2\/media?parent=8762"}],"wp:term":[{"taxonomy":"product_cat","embeddable":true,"href":"https:\/\/paymentdiscounter.com\/pl\/wp-json\/wp\/v2\/product_cat?post=8762"},{"taxonomy":"product_tag","embeddable":true,"href":"https:\/\/paymentdiscounter.com\/pl\/wp-json\/wp\/v2\/product_tag?post=8762"}],"curies":[{"name":"wp","href":"https:\/\/api.w.org\/{rel}","templated":true}]}}