{"id":6134,"date":"2018-10-05T11:25:18","date_gmt":"2018-10-05T11:25:18","guid":{"rendered":"https:\/\/paymentdiscounter.com\/?post_type=product&#038;p=3500"},"modified":"2025-10-25T14:26:46","modified_gmt":"2025-10-25T14:26:46","slug":"vx820-kabel-pinpad-3m","status":"publish","type":"product","link":"https:\/\/paymentdiscounter.com\/pl\/produkt\/vx820-kabel-pinpad-3m\/","title":{"rendered":"Kabel pinpad Vx820 3M"},"content":{"rendered":"<p>Pinpad i kabel po\u0142\u0105czeniowy terminala<br \/>\nVx820 wykorzystuje cz\u0119\u015b\u0107 kasjera i cz\u0119\u015b\u0107 klienta. Sekcja kasjera, kt\u00f3ra jest r\u00f3wnie\u017c nazywana jednostk\u0105 handlow\u0105, s\u0142u\u017cy do wprowadzania kwot.<br \/>\nPinpad to cz\u0119\u015b\u0107, kt\u00f3rej klienci u\u017cywaj\u0105 do zatwierdzania transakcji poprzez naci\u015bni\u0119cie przycisku OK.<\/p>\n<p>W przypadku konfiguracji sklepowej lub sklepowej cz\u0119sto zdarza si\u0119, \u017ce standardowy kabel pinpada okazuje si\u0119 zbyt kr\u00f3tki.<br \/>\nD\u0142u\u017cszy, 3-metrowy kabel vx820 jest szczeg\u00f3lnie przydatny w przypadku kawiarni lub restauracji lub os\u00f3b, kt\u00f3re maj\u0105 trudno\u015bci z chodzeniem.<br \/>\nW ten spos\u00f3b masz wi\u0119ksz\u0105 swobod\u0119 ruchu i mo\u017cesz trzyma\u0107 pinpad podczas transakcji.<\/p>\n<p>Dost\u0119pne w dw\u00f3ch rozmiarach<br \/>\n- 1-metrowy kabel pinpada.<br \/>\n- 3-metrowy kabel pinpada.<\/p>\n<p>Zam\u00f3w d\u0142u\u017cszy kabel pinpada \u0142atwo i szybko online. Zam\u00f3wione przed 16:00, wys\u0142ane dzisiaj.<\/p>","protected":false},"excerpt":{"rendered":"<p>Kabel Pinpad dla Verifone Vx820 s\u0142u\u017cy do przesy\u0142ania transakcji z jednostki kasjera do Pinpada. Istnieje kilka powod\u00f3w, dla kt\u00f3rych warto rozwa\u017cy\u0107 u\u017cycie d\u0142u\u017cszego kabla pinpada. Daje on wi\u0119cej miejsca na poruszanie si\u0119 i\/lub przekazywanie terminala w kawiarniach lub osobom maj\u0105cym trudno\u015bci z chodzeniem.<\/p>","protected":false},"featured_media":9829,"comment_status":"closed","ping_status":"closed","template":"","meta":[],"product_cat":[791,780,789],"product_tag":[684,897,776,1343,781],"acf":[],"_links":{"self":[{"href":"https:\/\/paymentdiscounter.com\/pl\/wp-json\/wp\/v2\/product\/6134"}],"collection":[{"href":"https:\/\/paymentdiscounter.com\/pl\/wp-json\/wp\/v2\/product"}],"about":[{"href":"https:\/\/paymentdiscounter.com\/pl\/wp-json\/wp\/v2\/types\/product"}],"replies":[{"embeddable":true,"href":"https:\/\/paymentdiscounter.com\/pl\/wp-json\/wp\/v2\/comments?post=6134"}],"version-history":[{"count":7,"href":"https:\/\/paymentdiscounter.com\/pl\/wp-json\/wp\/v2\/product\/6134\/revisions"}],"predecessor-version":[{"id":26361,"href":"https:\/\/paymentdiscounter.com\/pl\/wp-json\/wp\/v2\/product\/6134\/revisions\/26361"}],"wp:featuredmedia":[{"embeddable":true,"href":"https:\/\/paymentdiscounter.com\/pl\/wp-json\/wp\/v2\/media\/9829"}],"wp:attachment":[{"href":"https:\/\/paymentdiscounter.com\/pl\/wp-json\/wp\/v2\/media?parent=6134"}],"wp:term":[{"taxonomy":"product_cat","embeddable":true,"href":"https:\/\/paymentdiscounter.com\/pl\/wp-json\/wp\/v2\/product_cat?post=6134"},{"taxonomy":"product_tag","embeddable":true,"href":"https:\/\/paymentdiscounter.com\/pl\/wp-json\/wp\/v2\/product_tag?post=6134"}],"curies":[{"name":"wp","href":"https:\/\/api.w.org\/{rel}","templated":true}]}}