{"id":4582,"date":"2020-02-08T23:39:06","date_gmt":"2020-02-08T23:39:06","guid":{"rendered":"https:\/\/paymentdiscounter.com\/product\/v400m-beschermhoes-black\/"},"modified":"2026-04-24T16:22:09","modified_gmt":"2026-04-24T16:22:09","slug":"pokrowiec-ochronny-verifone-v400m-czarny","status":"publish","type":"product","link":"https:\/\/paymentdiscounter.com\/pl\/produkt\/pokrowiec-ochronny-verifone-v400m-czarny\/","title":{"rendered":"Pokrowiec ochronny V400m Czarny"},"content":{"rendered":"<p><strong>Verifone V400m Case Black<\/strong><br \/>\nEtui Verifone v400m to czarny model w naszej ofercie. Etui jest \u0142atwe w u\u017cyciu i zapewnia dodatkow\u0105 ochron\u0119 podczas pracy. Pokrowiec ochronny jest wykonany z przyjaznego dla \u015brodowiska silikonu i zapewnia dodatkow\u0105 kontrol\u0119 podczas przekazywania urz\u0105dzenia p\u0142atniczego. W ten spos\u00f3b mo\u017cna unikn\u0105\u0107 wypadk\u00f3w i koszt\u00f3w napraw.<\/p>\n<p>Po obu stronach pokrywy ochronnej znajduj\u0105 si\u0119 wzory uchwyt\u00f3w, dzi\u0119ki kt\u00f3rym terminal p\u0142atniczy lepiej le\u017cy w d\u0142oni. Nawet przy mokrych d\u0142oniach. Korzystanie z os\u0142ony terminala p\u0142atniczego zapewnia optymaln\u0105 ochron\u0119 terminala.<br \/>\nPoniewa\u017c ka\u017cda firma jest inna, wybrali\u015bmy r\u00f3\u017cne kolory, kt\u00f3re pasuj\u0105 do wygl\u0105du Twojej firmy.<\/p>\n<p><strong>Zalety<\/strong><br \/>\n\u0141adowanie baterii bez zdejmowania pokrywy<br \/>\nWi\u0119ksza przyczepno\u015b\u0107 podczas przekazywania terminala<br \/>\nBardzo gruby materia\u0142 dla optymalnej ochrony<br \/>\nWysoka widoczno\u015b\u0107 dzi\u0119ki wyrazistym kolorom<\/p>\n<p><strong>Warianty<\/strong><br \/>\nVerifone V400m Case Black<br \/>\nVerifone V400m Case Darkblue<br \/>\nVerifone V400m Case LightBue<br \/>\nVerifone V400m Case Grey<br \/>\nVerifone V400m Case Red<\/p>\n<p><strong>Niezwykle nadaje si\u0119 do<\/strong><br \/>\nHandlowcy rynkowi<br \/>\nDostawcy i kurierzy<br \/>\nSamozatrudniony<br \/>\nTaks\u00f3wkarze<br \/>\nTargi i kongresy<br \/>\nWydarzenia lub festiwale<\/p>\n<p>Czarny pokrowiec ochronny Verifone V400m to najciemniejszy model w naszej kolekcji. Etui v400m ma dodatkow\u0105 warstw\u0119 silikonu, dzi\u0119ki czemu terminal p\u0142atniczy jest jeszcze lepiej chroniony. Ponadto mo\u017cna \u0142atwo \u0142adowa\u0107 terminal p\u0142atniczy za pomoc\u0105 bocznego wej\u015bcia zasilania. Aby zapobiec uszkodzeniom spowodowanym wilgoci\u0105 i wod\u0105, bok i sp\u00f3d terminala p\u0142atniczego s\u0105 zamkni\u0119te.<\/p>","protected":false},"excerpt":{"rendered":"<p>Aby zapobiec uszkodzeniu mobilnego terminala p\u0142atniczego, mo\u017cna u\u017cy\u0107 os\u0142ony ochronnej. Wykonane na zam\u00f3wienie dla verifone v400m i dost\u0119pne w r\u00f3\u017cnych kolorach. Etui ochronne Verifone jest wykonane z trwa\u0142ego i przyjaznego dla \u015brodowiska silikonu. Dzi\u0119ki temu jest szorstkie i lepiej le\u017cy w d\u0142oni.<\/p>","protected":false},"featured_media":9626,"comment_status":"closed","ping_status":"closed","template":"","meta":[],"product_cat":[791,812],"product_tag":[3840,717,735,3844,749,770,775,810,811,3338,3041],"acf":[],"_links":{"self":[{"href":"https:\/\/paymentdiscounter.com\/pl\/wp-json\/wp\/v2\/product\/4582"}],"collection":[{"href":"https:\/\/paymentdiscounter.com\/pl\/wp-json\/wp\/v2\/product"}],"about":[{"href":"https:\/\/paymentdiscounter.com\/pl\/wp-json\/wp\/v2\/types\/product"}],"replies":[{"embeddable":true,"href":"https:\/\/paymentdiscounter.com\/pl\/wp-json\/wp\/v2\/comments?post=4582"}],"version-history":[{"count":8,"href":"https:\/\/paymentdiscounter.com\/pl\/wp-json\/wp\/v2\/product\/4582\/revisions"}],"predecessor-version":[{"id":36631,"href":"https:\/\/paymentdiscounter.com\/pl\/wp-json\/wp\/v2\/product\/4582\/revisions\/36631"}],"wp:featuredmedia":[{"embeddable":true,"href":"https:\/\/paymentdiscounter.com\/pl\/wp-json\/wp\/v2\/media\/9626"}],"wp:attachment":[{"href":"https:\/\/paymentdiscounter.com\/pl\/wp-json\/wp\/v2\/media?parent=4582"}],"wp:term":[{"taxonomy":"product_cat","embeddable":true,"href":"https:\/\/paymentdiscounter.com\/pl\/wp-json\/wp\/v2\/product_cat?post=4582"},{"taxonomy":"product_tag","embeddable":true,"href":"https:\/\/paymentdiscounter.com\/pl\/wp-json\/wp\/v2\/product_tag?post=4582"}],"curies":[{"name":"wp","href":"https:\/\/api.w.org\/{rel}","templated":true}]}}