{"id":39341,"date":"2026-04-18T12:25:14","date_gmt":"2026-04-18T12:25:14","guid":{"rendered":"https:\/\/paymentdiscounter.com\/"},"modified":"2026-04-18T13:20:17","modified_gmt":"2026-04-18T13:20:17","slug":"pax-a960-pokrywa-baterii","status":"publish","type":"product","link":"https:\/\/paymentdiscounter.com\/pl\/produkt\/pax-a960-pokrywa-baterii\/","title":{"rendered":"Pax A960 Pokrywa baterii"},"content":{"rendered":"<p><strong>Pokrywa baterii PAX A960<\/strong><br \/>\nMo\u017ce si\u0119 zdarzy\u0107, \u017ce terminal p\u0142atniczy dozna uszkodzenia tylnej pokrywy, na przyk\u0142ad w wyniku upadku lub uderzenia. Jest to cz\u0119sto zauwa\u017calne w mechanizmie blokuj\u0105cym na spodzie, kt\u00f3ry zwykle zapewnia bezpieczne i mocne zamkni\u0119cie baterii. Gdy mechanizm ten przestaje dzia\u0142a\u0107 prawid\u0142owo, zaleca si\u0119 szybk\u0105 wymian\u0119 tylnej pokrywy, aby zapobiec poluzowaniu si\u0119 baterii podczas u\u017cytkowania.<\/p>\n<p>Tymczasowe rozwi\u0105zanie, takie jak zabezpieczenie ta\u015bm\u0105, mo\u017ce wydawa\u0107 si\u0119 wygodne, ale ryzyko nieprawid\u0142owego dzia\u0142ania lub zwarcia pozostaje znacz\u0105ce. Szybko i \u0142atwo wymie\u0144 tyln\u0105 pokryw\u0119 na now\u0105 pokryw\u0119 baterii PAX A960, aby Tw\u00f3j terminal zn\u00f3w by\u0142 bezpieczny i niezawodny.<\/p>\n<p><strong>Kompatybilny z:<\/strong> PAX A960<br \/>\n<strong>Instalacja:<\/strong> \u0141atwa wymiana, bez u\u017cycia narz\u0119dzi<\/p>","protected":false},"excerpt":{"rendered":"<p>Mo\u017ce si\u0119 zdarzy\u0107, \u017ce terminal p\u0142atniczy dozna uszkodzenia tylnej pokrywy, na przyk\u0142ad w wyniku upadku lub uderzenia. Je\u015bli nie dzia\u0142a on ju\u017c prawid\u0142owo, zaleca si\u0119 szybk\u0105 wymian\u0119 tylnej pokrywy, aby zapobiec poluzowaniu si\u0119 baterii podczas u\u017cytkowania.<\/p>","protected":false},"featured_media":39348,"comment_status":"closed","ping_status":"closed","template":"","meta":[],"product_cat":[730,2652],"product_tag":[2654,3757,2612,728,2653,2611,3711],"acf":[],"_links":{"self":[{"href":"https:\/\/paymentdiscounter.com\/pl\/wp-json\/wp\/v2\/product\/39341"}],"collection":[{"href":"https:\/\/paymentdiscounter.com\/pl\/wp-json\/wp\/v2\/product"}],"about":[{"href":"https:\/\/paymentdiscounter.com\/pl\/wp-json\/wp\/v2\/types\/product"}],"replies":[{"embeddable":true,"href":"https:\/\/paymentdiscounter.com\/pl\/wp-json\/wp\/v2\/comments?post=39341"}],"version-history":[{"count":2,"href":"https:\/\/paymentdiscounter.com\/pl\/wp-json\/wp\/v2\/product\/39341\/revisions"}],"predecessor-version":[{"id":39369,"href":"https:\/\/paymentdiscounter.com\/pl\/wp-json\/wp\/v2\/product\/39341\/revisions\/39369"}],"wp:featuredmedia":[{"embeddable":true,"href":"https:\/\/paymentdiscounter.com\/pl\/wp-json\/wp\/v2\/media\/39348"}],"wp:attachment":[{"href":"https:\/\/paymentdiscounter.com\/pl\/wp-json\/wp\/v2\/media?parent=39341"}],"wp:term":[{"taxonomy":"product_cat","embeddable":true,"href":"https:\/\/paymentdiscounter.com\/pl\/wp-json\/wp\/v2\/product_cat?post=39341"},{"taxonomy":"product_tag","embeddable":true,"href":"https:\/\/paymentdiscounter.com\/pl\/wp-json\/wp\/v2\/product_tag?post=39341"}],"curies":[{"name":"wp","href":"https:\/\/api.w.org\/{rel}","templated":true}]}}