{"id":38574,"date":"2026-01-29T14:23:46","date_gmt":"2026-01-29T14:23:46","guid":{"rendered":"https:\/\/paymentdiscounter.com\/?post_type=product&#038;p=38574"},"modified":"2026-01-29T14:27:13","modified_gmt":"2026-01-29T14:27:13","slug":"kabura-mypos-ultra","status":"publish","type":"product","link":"https:\/\/paymentdiscounter.com\/pl\/produkt\/kabura-mypos-ultra\/","title":{"rendered":"myPOS Ultra Holster"},"content":{"rendered":"<p><strong>myPOS Ultra | Wytrzyma\u0142y, lekki i bezpieczny<\/strong><\/p>\n<p>Kabura myPOS Ultra Pouch Holster zapewnia zar\u00f3wno wygod\u0119, jak i stabilno\u015b\u0107, dostosowan\u0105 do potrzeb profesjonalist\u00f3w, kt\u00f3rzy polegaj\u0105 na sta\u0142ym dost\u0119pie do terminala p\u0142atniczego lub mobilnego urz\u0105dzenia POS. Wykonana z wytrzyma\u0142ego materia\u0142u Cordura\u00ae, oferuje ekstremaln\u0105 odporno\u015b\u0107 na zu\u017cycie i wytrzymuje do dziesi\u0119ciu razy d\u0142u\u017cej ni\u017c standardowe materia\u0142y. Nawet w wymagaj\u0105cych \u015brodowiskach pracy.<\/p>\n<p>\ud83d\udd39 <strong>Niezwykle lekki komfort:<\/strong> Wa\u017cy tylko 46 g, prawie niezauwa\u017calna podczas noszenia.<br \/>\n\ud83d\udd39 <strong>Dopasowany kr\u00f3j:<\/strong> Idealny do p\u0142askich i w\u0105skich terminali p\u0142atniczych.<br \/>\n\ud83d\udd39 <strong>Elastyczna opaska bezpiecze\u0144stwa:<\/strong> Zapewnia bezpiecze\u0144stwo urz\u0105dzenia i zapobiega przypadkowym upadkom.<br \/>\n\ud83d\udd39 <strong>Szybki dost\u0119p:<\/strong> Szybkie wsuwanie i wysuwanie zapewnia p\u0142ynne i wydajne u\u017cytkowanie.<br \/>\n\ud83d\udd39 <strong>Zintegrowany uchwyt na d\u0142ugopis:<\/strong> Zawsze miej d\u0142ugopis pod r\u0119k\u0105.<br \/>\n\ud83d\udd39 <strong>Klips do paska i p\u0119tla:<\/strong> Regulowane zapi\u0119cie, gotowe do natychmiastowego za\u0142o\u017cenia.<br \/>\n\ud83d\udd39 <strong>5 lat gwarancji:<\/strong> Trwa\u0142e, wytrzyma\u0142e i odporne na rozdarcia.<\/p>\n<p>Niezale\u017cnie od tego, czy chodzi o handel detaliczny, logistyk\u0119 czy us\u0142ugi terenowe, kabura myPOS Ultra Pouch oferuje idealne po\u0142\u0105czenie trwa\u0142o\u015bci, wygody i bezpiecze\u0144stwa.<\/p>","protected":false},"excerpt":{"rendered":"<p>Kabura myPOS Ultra Pouch Holster to lekkie i praktyczne rozwi\u0105zanie do przenoszenia smuk\u0142ych, p\u0142askich terminali p\u0142atniczych w kawiarniach, restauracjach lub magazynach. Wa\u017cy zaledwie 46 g i jest wykonana z wytrzyma\u0142ego materia\u0142u Cordura\u00ae, zapewniaj\u0105cego doskona\u0142\u0105 odporno\u015b\u0107 na rozdarcia, d\u0142ugotrwa\u0142\u0105 wytrzyma\u0142o\u015b\u0107 i bezpieczne codzienne u\u017cytkowanie.<\/p>\n<ul>\n<li>Obj\u0119ty 5-letni\u0105 gwarancj\u0105<\/li>\n<li>Dostarczany z pasem biodrowym<\/li>\n<li>Idealne dopasowanie do smuk\u0142ych, p\u0142askich terminali p\u0142atniczych<\/li>\n<li>Lekka jak pi\u00f3rko konstrukcja - zaledwie 46 g<\/li>\n<li>Elastyczny pasek dla dodatkowego bezpiecze\u0144stwa urz\u0105dzenia<\/li>\n<li>Zintegrowany uchwyt na d\u0142ugopis dla wygody<\/li>\n<\/ul>","protected":false},"featured_media":38575,"comment_status":"closed","ping_status":"closed","template":"","meta":[],"product_cat":[832,4255],"product_tag":[702,945,4253,4252,4256,4257,3816],"acf":[],"_links":{"self":[{"href":"https:\/\/paymentdiscounter.com\/pl\/wp-json\/wp\/v2\/product\/38574"}],"collection":[{"href":"https:\/\/paymentdiscounter.com\/pl\/wp-json\/wp\/v2\/product"}],"about":[{"href":"https:\/\/paymentdiscounter.com\/pl\/wp-json\/wp\/v2\/types\/product"}],"replies":[{"embeddable":true,"href":"https:\/\/paymentdiscounter.com\/pl\/wp-json\/wp\/v2\/comments?post=38574"}],"version-history":[{"count":1,"href":"https:\/\/paymentdiscounter.com\/pl\/wp-json\/wp\/v2\/product\/38574\/revisions"}],"predecessor-version":[{"id":38579,"href":"https:\/\/paymentdiscounter.com\/pl\/wp-json\/wp\/v2\/product\/38574\/revisions\/38579"}],"wp:featuredmedia":[{"embeddable":true,"href":"https:\/\/paymentdiscounter.com\/pl\/wp-json\/wp\/v2\/media\/38575"}],"wp:attachment":[{"href":"https:\/\/paymentdiscounter.com\/pl\/wp-json\/wp\/v2\/media?parent=38574"}],"wp:term":[{"taxonomy":"product_cat","embeddable":true,"href":"https:\/\/paymentdiscounter.com\/pl\/wp-json\/wp\/v2\/product_cat?post=38574"},{"taxonomy":"product_tag","embeddable":true,"href":"https:\/\/paymentdiscounter.com\/pl\/wp-json\/wp\/v2\/product_tag?post=38574"}],"curies":[{"name":"wp","href":"https:\/\/api.w.org\/{rel}","templated":true}]}}