{"id":38385,"date":"2026-01-29T12:04:45","date_gmt":"2026-01-29T12:04:45","guid":{"rendered":"https:\/\/paymentdiscounter.com\/?post_type=product&#038;p=38385"},"modified":"2026-01-29T12:06:19","modified_gmt":"2026-01-29T12:06:19","slug":"kabura-dejavoo-p5","status":"publish","type":"product","link":"https:\/\/paymentdiscounter.com\/pl\/produkt\/kabura-dejavoo-p5\/","title":{"rendered":"Kabura Dejavoo P5"},"content":{"rendered":"<p>Kabura Dejavoo P5 zapewnia bezpieczny i lekki spos\u00f3b na trzymanie terminala p\u0142atniczego pod r\u0119k\u0105 w ruchliwych kawiarniach, restauracjach lub na imprezach. Wykonana z wytrzyma\u0142ej tkaniny Cordura\u00ae i wa\u017c\u0105ca zaledwie 75 gR. \u0142\u0105czy w sobie trwa\u0142\u0105 wytrzyma\u0142o\u015b\u0107 z codziennym komfortem.<\/p>\n<p>Zaprojektowana z my\u015bl\u0105 o profesjonalnym u\u017cytkowaniu, jest wyposa\u017cona w mocny pasek na pasek zapewniaj\u0105cy wygod\u0119 bez u\u017cycia r\u0105k i opcjonalny pasek na rami\u0119 dla wi\u0119kszej elastyczno\u015bci. Obj\u0119ta 5-letni\u0105 gwarancj\u0105 kabura jest stworzona, aby sprosta\u0107 wymaganiom intensywnej codziennej pracy.<\/p>\n<ul>\n<li>Wytrzyma\u0142y materia\u0142 Cordura\u00ae dla maksymalnej wytrzyma\u0142o\u015bci<\/li>\n<li>Solidny pasek na pasek w zestawie<\/li>\n<li>Lekka jak pi\u00f3rko konstrukcja - zaledwie 75 g<\/li>\n<li>Kompatybilny z paskiem na rami\u0119<\/li>\n<li>Chroniony 5-letni\u0105 gwarancj\u0105<\/li>\n<\/ul>","protected":false},"excerpt":{"rendered":"<p>Pracuj wydajniej dzi\u0119ki kaburze Dejavoo P5 zaprojektowanej do obs\u0142ugi p\u0142atno\u015bci bez u\u017cycia r\u0105k w restauracjach, kawiarniach lub \u015brodowiskach eventowych. Wykonana z wysokiej jako\u015bci materia\u0142u Cordura\u00ae kabura o wadze 75 g zapewnia niezawodn\u0105 trwa\u0142o\u015b\u0107, a jednocze\u015bnie jest wyj\u0105tkowo lekka i wygodna w noszeniu.<\/p>\n<p>Jest wyposa\u017cony w mocny pasek do bezpiecznego mocowania i mo\u017ce by\u0107 sparowany z opcjonalnym paskiem na rami\u0119 dla dodatkowej elastyczno\u015bci. Obj\u0119ty 5-letni\u0105 gwarancj\u0105, zapewnia ochron\u0119 urz\u0105dzenia i sprawia, \u017ce jest ono zawsze pod r\u0119k\u0105.<\/p>\n<ul>\n<li>Wytrzyma\u0142a tkanina Cordura\u00ae zapewnia d\u0142ugotrwa\u0142e u\u017cytkowanie<\/li>\n<li>Bezpieczny pasek na pasek w zestawie<\/li>\n<li>Lekka konstrukcja - zaledwie 75 g<\/li>\n<li>Opcjonalne wsparcie paska na rami\u0119<\/li>\n<li>Obj\u0119ty 5-letni\u0105 gwarancj\u0105<\/li>\n<\/ul>","protected":false},"featured_media":38386,"comment_status":"closed","ping_status":"closed","template":"","meta":[],"product_cat":[1720,1723],"product_tag":[1843,4173,4172,1845,702,3816],"acf":[],"_links":{"self":[{"href":"https:\/\/paymentdiscounter.com\/pl\/wp-json\/wp\/v2\/product\/38385"}],"collection":[{"href":"https:\/\/paymentdiscounter.com\/pl\/wp-json\/wp\/v2\/product"}],"about":[{"href":"https:\/\/paymentdiscounter.com\/pl\/wp-json\/wp\/v2\/types\/product"}],"replies":[{"embeddable":true,"href":"https:\/\/paymentdiscounter.com\/pl\/wp-json\/wp\/v2\/comments?post=38385"}],"version-history":[{"count":1,"href":"https:\/\/paymentdiscounter.com\/pl\/wp-json\/wp\/v2\/product\/38385\/revisions"}],"predecessor-version":[{"id":38393,"href":"https:\/\/paymentdiscounter.com\/pl\/wp-json\/wp\/v2\/product\/38385\/revisions\/38393"}],"wp:featuredmedia":[{"embeddable":true,"href":"https:\/\/paymentdiscounter.com\/pl\/wp-json\/wp\/v2\/media\/38386"}],"wp:attachment":[{"href":"https:\/\/paymentdiscounter.com\/pl\/wp-json\/wp\/v2\/media?parent=38385"}],"wp:term":[{"taxonomy":"product_cat","embeddable":true,"href":"https:\/\/paymentdiscounter.com\/pl\/wp-json\/wp\/v2\/product_cat?post=38385"},{"taxonomy":"product_tag","embeddable":true,"href":"https:\/\/paymentdiscounter.com\/pl\/wp-json\/wp\/v2\/product_tag?post=38385"}],"curies":[{"name":"wp","href":"https:\/\/api.w.org\/{rel}","templated":true}]}}