{"id":37998,"date":"2025-09-21T16:09:23","date_gmt":"2025-09-21T16:09:23","guid":{"rendered":"https:\/\/paymentdiscounter.com\/?post_type=product&#038;p=37998"},"modified":"2025-09-21T16:13:53","modified_gmt":"2025-09-21T16:13:53","slug":"ingenico-move-5000-kabura-2","status":"publish","type":"product","link":"https:\/\/paymentdiscounter.com\/pl\/produkt\/ingenico-move-5000-kabura-2\/","title":{"rendered":"Kabura Ingenico Move 5000"},"content":{"rendered":"<p>Kabura Ingenico Move 5000 Holster oferuje bezpieczny i lekki spos\u00f3b przenoszenia terminala p\u0142atniczego. Wykonana z mocnej tkaniny Cordura\u00ae wa\u017cy zaledwie 75 g, a jednocze\u015bnie zapewnia doskona\u0142\u0105 trwa\u0142o\u015b\u0107 i odporno\u015b\u0107 na rozdarcia podczas intensywnego codziennego u\u017cytkowania w handlu detalicznym, hotelarstwie lub logistyce.<\/p>\n<p>Dzi\u0119ki dyskretnemu zapi\u0119ciu na rzep, wbudowanemu uchwytowi na d\u0142ugopis i opcjonalnej kompatybilno\u015bci z paskiem na rami\u0119, kabura ta zosta\u0142a zaprojektowana z my\u015bl\u0105 zar\u00f3wno o praktyczno\u015bci, jak i wygodzie. Obj\u0119ta 5-letni\u0105 gwarancj\u0105 jest niezawodnym wyborem dla profesjonalist\u00f3w.<\/p>\n<ul>\n<li>Wytrzyma\u0142a tkanina Cordura\u00ae z 5-letni\u0105 gwarancj\u0105<\/li>\n<li>Ultralekka waga: tylko 75 g<\/li>\n<li>Wygodny zintegrowany uchwyt na d\u0142ugopis<\/li>\n<li>Dyskretne zapi\u0119cie na rzep<\/li>\n<li>Opcjonalny pasek na rami\u0119 gotowy<\/li>\n<li>Pasuje do standardowych terminali p\u0142atniczych<\/li>\n<\/ul>","protected":false},"excerpt":{"rendered":"<p>Kabura Ingenico Move 5000 zapewnia bezpieczne, lekkie i praktyczne rozwi\u0105zanie do przenoszenia terminala p\u0142atniczego. Wykonany z wytrzyma\u0142ej tkaniny Cordura\u00ae i wa\u017c\u0105cy zaledwie 75 g, jest idealny do kawiarni, restauracji i dynamicznych \u015brodowisk eventowych, w kt\u00f3rych szybko\u015b\u0107 i niezawodno\u015b\u0107 s\u0105 niezb\u0119dne.<\/p>\n<ul>\n<li>Wytrzyma\u0142y materia\u0142 Cordura<\/li>\n<li>Wzmocniony pasek w zestawie<\/li>\n<li>Lekka konstrukcja: zaledwie 75 g<\/li>\n<li>Opcjonalny kompatybilny pasek na rami\u0119<\/li>\n<li>5-letnia gwarancja w zestawie<\/li>\n<\/ul>","protected":false},"featured_media":38003,"comment_status":"closed","ping_status":"closed","template":"","meta":[],"product_cat":[705,1470,826],"product_tag":[702,703,3411,4111,1023,4121,2831,4122,3816],"acf":[],"_links":{"self":[{"href":"https:\/\/paymentdiscounter.com\/pl\/wp-json\/wp\/v2\/product\/37998"}],"collection":[{"href":"https:\/\/paymentdiscounter.com\/pl\/wp-json\/wp\/v2\/product"}],"about":[{"href":"https:\/\/paymentdiscounter.com\/pl\/wp-json\/wp\/v2\/types\/product"}],"replies":[{"embeddable":true,"href":"https:\/\/paymentdiscounter.com\/pl\/wp-json\/wp\/v2\/comments?post=37998"}],"version-history":[{"count":1,"href":"https:\/\/paymentdiscounter.com\/pl\/wp-json\/wp\/v2\/product\/37998\/revisions"}],"predecessor-version":[{"id":38006,"href":"https:\/\/paymentdiscounter.com\/pl\/wp-json\/wp\/v2\/product\/37998\/revisions\/38006"}],"wp:featuredmedia":[{"embeddable":true,"href":"https:\/\/paymentdiscounter.com\/pl\/wp-json\/wp\/v2\/media\/38003"}],"wp:attachment":[{"href":"https:\/\/paymentdiscounter.com\/pl\/wp-json\/wp\/v2\/media?parent=37998"}],"wp:term":[{"taxonomy":"product_cat","embeddable":true,"href":"https:\/\/paymentdiscounter.com\/pl\/wp-json\/wp\/v2\/product_cat?post=37998"},{"taxonomy":"product_tag","embeddable":true,"href":"https:\/\/paymentdiscounter.com\/pl\/wp-json\/wp\/v2\/product_tag?post=37998"}],"curies":[{"name":"wp","href":"https:\/\/api.w.org\/{rel}","templated":true}]}}