{"id":37989,"date":"2025-09-21T16:01:59","date_gmt":"2025-09-21T16:01:59","guid":{"rendered":"https:\/\/paymentdiscounter.com\/?post_type=product&#038;p=37989"},"modified":"2025-09-21T16:09:12","modified_gmt":"2025-09-21T16:09:12","slug":"kabura-ingenico-move-2600","status":"publish","type":"product","link":"https:\/\/paymentdiscounter.com\/pl\/produkt\/kabura-ingenico-move-2600\/","title":{"rendered":"Kabura Ingenico Move 2600"},"content":{"rendered":"<p>Kabura Ingenico Move 2600 Holster oferuje bezpieczny i lekki spos\u00f3b przenoszenia terminala p\u0142atniczego podczas codziennego u\u017cytku biznesowego. Wykonana z wytrzyma\u0142ej tkaniny Cordura\u00ae, wa\u017cy zaledwie 75 g, zapewniaj\u0105c jednocze\u015bnie doskona\u0142\u0105 odporno\u015b\u0107 na rozdarcia i d\u0142ugotrwa\u0142\u0105 wytrzyma\u0142o\u015b\u0107. Idealny do handlu detalicznego, hotelarstwa lub logistyki. Zapewnia bezpiecze\u0144stwo i \u0142atwy dost\u0119p do urz\u0105dzenia.<\/p>\n<p>Ta kabura zosta\u0142a zaprojektowana tak, aby pasowa\u0142a do tradycyjnych modeli terminali i jest wyposa\u017cona w dyskretne zamkni\u0119cie na rzep, praktyczny uchwyt na pi\u00f3ro i opcj\u0119 do\u0142\u0105czenia paska na rami\u0119. Dzi\u0119ki 5-letniej gwarancji jest to niezawodny wyb\u00f3r dla profesjonalist\u00f3w.<\/p>\n<ul>\n<li>Mocna tkanina Cordura\u00ae z 5-letni\u0105 gwarancj\u0105<\/li>\n<li>Ultralekki: tylko 75 g<\/li>\n<li>Wygodny zintegrowany uchwyt na d\u0142ugopis<\/li>\n<li>Dyskretne zapi\u0119cie na rzep<\/li>\n<li>Opcjonalny kompatybilny pasek na rami\u0119<\/li>\n<li>Pasuje do standardowych zacisk\u00f3w<\/li>\n<\/ul>","protected":false},"excerpt":{"rendered":"<p>Kabura Ingenico Move 2600 to niezawodne rozwi\u0105zanie do przenoszenia terminala p\u0142atniczego bez u\u017cycia r\u0105k. Wykonana z wytrzyma\u0142ej tkaniny Cordura\u00ae i wa\u017c\u0105ca zaledwie 75 gram\u00f3w, zapewnia trwa\u0142\u0105 trwa\u0142o\u015b\u0107 i wygod\u0119 w kawiarniach, restauracjach i ruchliwych \u015brodowiskach eventowych.<\/p>\n<p>Dzi\u0119ki wytrzyma\u0142emu paskowi na pasek, opcjonalnej kompatybilno\u015bci z paskiem na rami\u0119 i 5-letniej gwarancji kabura ta jest stworzona do codziennego profesjonalnego u\u017cytku.<\/p>\n<ul>\n<li>Wytrzyma\u0142y materia\u0142 Cordura<\/li>\n<li>Wzmocniony pasek w zestawie<\/li>\n<li>Opcjonalny kompatybilny pasek na rami\u0119<\/li>\n<li>5-letnia gwarancja w zestawie<\/li>\n<\/ul>","protected":false},"featured_media":37994,"comment_status":"closed","ping_status":"closed","template":"","meta":[],"product_cat":[705,2828],"product_tag":[702,703,3411,4111,2829,4119,2830,4120,3816],"acf":[],"_links":{"self":[{"href":"https:\/\/paymentdiscounter.com\/pl\/wp-json\/wp\/v2\/product\/37989"}],"collection":[{"href":"https:\/\/paymentdiscounter.com\/pl\/wp-json\/wp\/v2\/product"}],"about":[{"href":"https:\/\/paymentdiscounter.com\/pl\/wp-json\/wp\/v2\/types\/product"}],"replies":[{"embeddable":true,"href":"https:\/\/paymentdiscounter.com\/pl\/wp-json\/wp\/v2\/comments?post=37989"}],"version-history":[{"count":1,"href":"https:\/\/paymentdiscounter.com\/pl\/wp-json\/wp\/v2\/product\/37989\/revisions"}],"predecessor-version":[{"id":37997,"href":"https:\/\/paymentdiscounter.com\/pl\/wp-json\/wp\/v2\/product\/37989\/revisions\/37997"}],"wp:featuredmedia":[{"embeddable":true,"href":"https:\/\/paymentdiscounter.com\/pl\/wp-json\/wp\/v2\/media\/37994"}],"wp:attachment":[{"href":"https:\/\/paymentdiscounter.com\/pl\/wp-json\/wp\/v2\/media?parent=37989"}],"wp:term":[{"taxonomy":"product_cat","embeddable":true,"href":"https:\/\/paymentdiscounter.com\/pl\/wp-json\/wp\/v2\/product_cat?post=37989"},{"taxonomy":"product_tag","embeddable":true,"href":"https:\/\/paymentdiscounter.com\/pl\/wp-json\/wp\/v2\/product_tag?post=37989"}],"curies":[{"name":"wp","href":"https:\/\/api.w.org\/{rel}","templated":true}]}}