{"id":37980,"date":"2025-09-21T15:54:02","date_gmt":"2025-09-21T15:54:02","guid":{"rendered":"https:\/\/paymentdiscounter.com\/?post_type=product&#038;p=37980"},"modified":"2025-09-21T16:01:48","modified_gmt":"2025-09-21T16:01:48","slug":"ingenico-apos-a8-kabura-2","status":"publish","type":"product","link":"https:\/\/paymentdiscounter.com\/pl\/produkt\/ingenico-apos-a8-kabura-2\/","title":{"rendered":"Kabura Ingenico APOS A8"},"content":{"rendered":"<p>Kabura Ingenico APOS A8 \u0142\u0105czy wytrzyma\u0142o\u015b\u0107, wygod\u0119 i praktyczno\u015b\u0107 w jednej lekkiej konstrukcji. Zbudowana z wytrzyma\u0142ej tkaniny Cordura\u00ae zapewnia odporno\u015b\u0107 na rozdarcia i trwa\u0142o\u015b\u0107, wa\u017c\u0105c zaledwie 75 g. Niezale\u017cnie od tego, czy chodzi o handel detaliczny, hotelarstwo czy logistyk\u0119, ta kabura zapewnia, \u017ce terminal p\u0142atniczy jest zawsze chroniony i w zasi\u0119gu r\u0119ki.<\/p>\n<p>Zaprojektowany tak, aby pasowa\u0142 do standardowych modeli terminali, posiada dyskretne zapi\u0119cie na rzep zapewniaj\u0105ce szybki dost\u0119p, zintegrowany uchwyt na pi\u00f3ro dla dodatkowej wygody oraz punkty mocowania opcjonalnego paska na rami\u0119. Obj\u0119ty solidn\u0105 5-letni\u0105 gwarancj\u0105, jest niezawodnym rozwi\u0105zaniem do codziennego u\u017cytku biznesowego.<\/p>\n<ul>\n<li>Wytrzyma\u0142a konstrukcja Cordura\u00ae z 5-letni\u0105 gwarancj\u0105<\/li>\n<li>Lekka konstrukcja: tylko 75 g<\/li>\n<li>Zintegrowany uchwyt na d\u0142ugopis do codziennego u\u017cytku<\/li>\n<li>Ukryty system zapinania na rzep<\/li>\n<li>Opcjonalny kompatybilny pasek na rami\u0119<\/li>\n<li>Pasuje do tradycyjnych terminali p\u0142atniczych<\/li>\n<\/ul>","protected":false},"excerpt":{"rendered":"<p>Kabura Ingenico APOS A8 zapewnia ochron\u0119 terminala p\u0142atniczego. Wykonany z wytrzyma\u0142ej tkaniny Cordura\u00ae i wa\u017c\u0105cy zaledwie 75 gram\u00f3w, jest przeznaczony do kawiarni, restauracji i ruchliwych miejsc, w kt\u00f3rych liczy si\u0119 szybko\u015b\u0107 i wygoda.<\/p>\n<p>Wyposa\u017cony w mocny pasek, opcjonalne wsparcie paska na rami\u0119 i obj\u0119ty 5-letni\u0105 gwarancj\u0105.<\/p>\n<ul>\n<li>Wytrzyma\u0142a konstrukcja z Cordury<\/li>\n<li>W zestawie mocny pasek do paska<\/li>\n<li>Niezwykle lekki: tylko 75 g<\/li>\n<li>Opcjonalny pasek na rami\u0119 gotowy<\/li>\n<li>5-letnia gwarancja w zestawie<\/li>\n<\/ul>","protected":false},"featured_media":37985,"comment_status":"closed","ping_status":"closed","template":"","meta":[],"product_cat":[705,1371],"product_tag":[2805,702,703,3411,2804,4111,3816],"acf":[],"_links":{"self":[{"href":"https:\/\/paymentdiscounter.com\/pl\/wp-json\/wp\/v2\/product\/37980"}],"collection":[{"href":"https:\/\/paymentdiscounter.com\/pl\/wp-json\/wp\/v2\/product"}],"about":[{"href":"https:\/\/paymentdiscounter.com\/pl\/wp-json\/wp\/v2\/types\/product"}],"replies":[{"embeddable":true,"href":"https:\/\/paymentdiscounter.com\/pl\/wp-json\/wp\/v2\/comments?post=37980"}],"version-history":[{"count":2,"href":"https:\/\/paymentdiscounter.com\/pl\/wp-json\/wp\/v2\/product\/37980\/revisions"}],"predecessor-version":[{"id":37988,"href":"https:\/\/paymentdiscounter.com\/pl\/wp-json\/wp\/v2\/product\/37980\/revisions\/37988"}],"wp:featuredmedia":[{"embeddable":true,"href":"https:\/\/paymentdiscounter.com\/pl\/wp-json\/wp\/v2\/media\/37985"}],"wp:attachment":[{"href":"https:\/\/paymentdiscounter.com\/pl\/wp-json\/wp\/v2\/media?parent=37980"}],"wp:term":[{"taxonomy":"product_cat","embeddable":true,"href":"https:\/\/paymentdiscounter.com\/pl\/wp-json\/wp\/v2\/product_cat?post=37980"},{"taxonomy":"product_tag","embeddable":true,"href":"https:\/\/paymentdiscounter.com\/pl\/wp-json\/wp\/v2\/product_tag?post=37980"}],"curies":[{"name":"wp","href":"https:\/\/api.w.org\/{rel}","templated":true}]}}