{"id":37896,"date":"2025-09-21T14:29:13","date_gmt":"2025-09-21T14:29:13","guid":{"rendered":"https:\/\/paymentdiscounter.com\/?post_type=product&#038;p=37896"},"modified":"2025-09-21T15:05:21","modified_gmt":"2025-09-21T15:05:21","slug":"kabura-axium-ex4000-compact","status":"publish","type":"product","link":"https:\/\/paymentdiscounter.com\/pl\/produkt\/kabura-axium-ex4000-compact\/","title":{"rendered":"Kabura AXIUM EX4000 Compact"},"content":{"rendered":"<p>Kabura AXIUM EX4000 Holster Compact zosta\u0142a zaprojektowana dla profesjonalist\u00f3w, kt\u00f3rzy potrzebuj\u0105 inteligentnego i niezawodnego sposobu przenoszenia mobilnych urz\u0105dze\u0144 p\u0142atniczych. Niezale\u017cnie od tego, czy chodzi o handel detaliczny, logistyk\u0119 czy dostawy, ta kabura \u0142\u0105czy w sobie wygod\u0119, trwa\u0142o\u015b\u0107 i funkcjonalno\u015b\u0107 w kompaktowej konstrukcji.<\/p>\n<p>Wa\u017c\u0105ca zaledwie 66 gram\u00f3w kabura jest prawie niewa\u017cka, a jednocze\u015bnie zapewnia niezawodn\u0105 codzienn\u0105 ochron\u0119. Wykonana z wysokiej jako\u015bci materia\u0142u Cordura\u00ae kabura jest odporna na zu\u017cycie. Nawet w wymagaj\u0105cych \u015brodowiskach pracy.<\/p>\n<p>Praktyczne elementy, takie jak bezpieczne zapi\u0119cie na rzep, zintegrowany uchwyt na d\u0142ugopis i dodatkowa kiesze\u0144 na drobne akcesoria lub notatki sprawiaj\u0105, \u017ce jest bardzo funkcjonalny w codziennym u\u017cytkowaniu.<\/p>\n<p>Kabura jest wyposa\u017cona w 30 mm pas biodrowy do natychmiastowego u\u017cycia i mo\u017ce by\u0107 sparowana z opcjonalnym paskiem na rami\u0119 dla dodatkowej elastyczno\u015bci noszenia. Dzi\u0119ki 5-letniej gwarancji zapewnia trwa\u0142\u0105 niezawodno\u015b\u0107 i spok\u00f3j ducha.<\/p>\n<ul>\n<li>Ultralekka konstrukcja - zaledwie 66 g<\/li>\n<li>Wytrzyma\u0142a tkanina Cordura\u00ae odporna na rozdarcia<\/li>\n<li>Bezpieczne zapi\u0119cie na rzep dla szybkiego dost\u0119pu<\/li>\n<li>Wbudowany uchwyt na d\u0142ugopis i dodatkowa kiesze\u0144<\/li>\n<li>Zawiera pas biodrowy 30 mm, opcjonalnie kompatybilny z paskiem na rami\u0119<\/li>\n<li>Pasuje do terminali p\u0142atniczych wielko\u015bci smartfona<\/li>\n<li>Obj\u0119ty 5-letni\u0105 gwarancj\u0105<\/li>\n<\/ul>","protected":false},"excerpt":{"rendered":"<p>Kompaktowa kabura AXIUM EX4000 zapewnia bezpiecze\u0144stwo i dost\u0119p do terminala w handlu detalicznym, dostawach i magazynach. Wykonana z wytrzyma\u0142ej Cordury\u00ae, wa\u017cy zaledwie 66 g i jest wyposa\u017cona w pas biodrowy, uchwyt na d\u0142ugopis i dodatkow\u0105 kiesze\u0144. Dost\u0119pny opcjonalny pasek na rami\u0119.<\/p>\n<ul>\n<li>Tylko 66 g, ultralekki<\/li>\n<li>Wytrzyma\u0142a konstrukcja z Cordury<\/li>\n<li>Zapi\u0119cie na rzep z dodatkow\u0105 kieszeni\u0105<\/li>\n<li>Zintegrowany uchwyt na pi\u00f3ro<\/li>\n<li>W zestawie pas biodrowy 30 mm<\/li>\n<li>Opcjonalny pasek na rami\u0119<\/li>\n<li>5 lat gwarancji<\/li>\n<\/ul>","protected":false},"featured_media":37902,"comment_status":"closed","ping_status":"closed","template":"","meta":[],"product_cat":[705,3260],"product_tag":[2662,3413,3261,4102,4104,3262,4103,702,703,3816],"acf":[],"_links":{"self":[{"href":"https:\/\/paymentdiscounter.com\/pl\/wp-json\/wp\/v2\/product\/37896"}],"collection":[{"href":"https:\/\/paymentdiscounter.com\/pl\/wp-json\/wp\/v2\/product"}],"about":[{"href":"https:\/\/paymentdiscounter.com\/pl\/wp-json\/wp\/v2\/types\/product"}],"replies":[{"embeddable":true,"href":"https:\/\/paymentdiscounter.com\/pl\/wp-json\/wp\/v2\/comments?post=37896"}],"version-history":[{"count":1,"href":"https:\/\/paymentdiscounter.com\/pl\/wp-json\/wp\/v2\/product\/37896\/revisions"}],"predecessor-version":[{"id":37904,"href":"https:\/\/paymentdiscounter.com\/pl\/wp-json\/wp\/v2\/product\/37896\/revisions\/37904"}],"wp:featuredmedia":[{"embeddable":true,"href":"https:\/\/paymentdiscounter.com\/pl\/wp-json\/wp\/v2\/media\/37902"}],"wp:attachment":[{"href":"https:\/\/paymentdiscounter.com\/pl\/wp-json\/wp\/v2\/media?parent=37896"}],"wp:term":[{"taxonomy":"product_cat","embeddable":true,"href":"https:\/\/paymentdiscounter.com\/pl\/wp-json\/wp\/v2\/product_cat?post=37896"},{"taxonomy":"product_tag","embeddable":true,"href":"https:\/\/paymentdiscounter.com\/pl\/wp-json\/wp\/v2\/product_tag?post=37896"}],"curies":[{"name":"wp","href":"https:\/\/api.w.org\/{rel}","templated":true}]}}