{"id":37726,"date":"2025-09-17T18:31:55","date_gmt":"2025-09-17T18:31:55","guid":{"rendered":"https:\/\/paymentdiscounter.com\/?post_type=product&#038;p=37726"},"modified":"2025-09-17T18:40:40","modified_gmt":"2025-09-17T18:40:40","slug":"kabura-verifone-t650p-duza","status":"publish","type":"product","link":"https:\/\/paymentdiscounter.com\/pl\/produkt\/kabura-verifone-t650p-duza\/","title":{"rendered":"Verifone T650p Kabura du\u017ca"},"content":{"rendered":"<p>Kabura Verifone T650p chroni terminal p\u0142atniczy, jest lekka i zawsze gotowa do u\u017cycia. Ta smuk\u0142a kabura o wadze zaledwie 75 gram\u00f3w jest wykonana z wytrzyma\u0142ej tkaniny Cordura\u00ae, zapewniaj\u0105cej doskona\u0142\u0105 odporno\u015b\u0107 na rozdarcia.<\/p>\n<p>Zaprojektowany dla tradycyjnych terminali p\u0142atniczych, posiada ukryte zapi\u0119cie na rzep dla bezpiecznego zapi\u0119cia, wbudowany uchwyt na d\u0142ugopis dla dodatkowej wygody i opcjonaln\u0105 kompatybilno\u015b\u0107 z paskiem na rami\u0119 dla elastycznego przenoszenia. Obj\u0119ty 5-letni\u0105 gwarancj\u0105.<\/p>\n<ul>\n<li>Mocna tkanina Cordura\u00ae: 5 lat gwarancji w zestawie<\/li>\n<li>Lekka konstrukcja: Tylko 75 g<\/li>\n<li>Zintegrowany uchwyt na d\u0142ugopis dla wygody<\/li>\n<li>Bezpieczne ukryte zapi\u0119cie na rzep<\/li>\n<li>Opcjonalny kompatybilny pasek na rami\u0119<\/li>\n<li>Idealne dopasowanie do klasycznych terminali p\u0142atniczych<\/li>\n<\/ul>","protected":false},"excerpt":{"rendered":"<p>Kabura Verifone T650p to praktyczne akcesorium do przenoszenia terminali p\u0142atniczych w kawiarniach, restauracjach i na imprezach. Wykonana z wysokiej jako\u015bci materia\u0142u Cordura\u00ae, \u0142\u0105czy trwa\u0142o\u015b\u0107 z lekko\u015bci\u0105 i wygod\u0105.<\/p>\n<ul>\n<li>Trwa\u0142a tkanina Cordura\u00ae klasy premium<\/li>\n<li>Zawiera wytrzyma\u0142y pasek na pasek<\/li>\n<li>Lekka jak pi\u00f3rko konstrukcja: Tylko 75 g<\/li>\n<li>Opcjonalny kompatybilny pasek na rami\u0119<\/li>\n<li>5-letnia gwarancja w zestawie<\/li>\n<\/ul>","protected":false},"featured_media":37730,"comment_status":"closed","ping_status":"closed","template":"","meta":[],"product_cat":[791,1601],"product_tag":[702,3816,3373,4063,3338,4032,1786,4062],"acf":[],"_links":{"self":[{"href":"https:\/\/paymentdiscounter.com\/pl\/wp-json\/wp\/v2\/product\/37726"}],"collection":[{"href":"https:\/\/paymentdiscounter.com\/pl\/wp-json\/wp\/v2\/product"}],"about":[{"href":"https:\/\/paymentdiscounter.com\/pl\/wp-json\/wp\/v2\/types\/product"}],"replies":[{"embeddable":true,"href":"https:\/\/paymentdiscounter.com\/pl\/wp-json\/wp\/v2\/comments?post=37726"}],"version-history":[{"count":1,"href":"https:\/\/paymentdiscounter.com\/pl\/wp-json\/wp\/v2\/product\/37726\/revisions"}],"predecessor-version":[{"id":37733,"href":"https:\/\/paymentdiscounter.com\/pl\/wp-json\/wp\/v2\/product\/37726\/revisions\/37733"}],"wp:featuredmedia":[{"embeddable":true,"href":"https:\/\/paymentdiscounter.com\/pl\/wp-json\/wp\/v2\/media\/37730"}],"wp:attachment":[{"href":"https:\/\/paymentdiscounter.com\/pl\/wp-json\/wp\/v2\/media?parent=37726"}],"wp:term":[{"taxonomy":"product_cat","embeddable":true,"href":"https:\/\/paymentdiscounter.com\/pl\/wp-json\/wp\/v2\/product_cat?post=37726"},{"taxonomy":"product_tag","embeddable":true,"href":"https:\/\/paymentdiscounter.com\/pl\/wp-json\/wp\/v2\/product_tag?post=37726"}],"curies":[{"name":"wp","href":"https:\/\/api.w.org\/{rel}","templated":true}]}}