{"id":37720,"date":"2025-09-17T18:24:42","date_gmt":"2025-09-17T18:24:42","guid":{"rendered":"https:\/\/paymentdiscounter.com\/?post_type=product&#038;p=37720"},"modified":"2025-09-17T18:31:51","modified_gmt":"2025-09-17T18:31:51","slug":"kabura-verifone-t650c-duza","status":"publish","type":"product","link":"https:\/\/paymentdiscounter.com\/pl\/produkt\/kabura-verifone-t650c-duza\/","title":{"rendered":"Kabura Verifone T650c du\u017ca"},"content":{"rendered":"<p>Kabura Verifone T650c zapewnia bezpieczny i lekki spos\u00f3b przenoszenia terminala p\u0142atniczego. Ta wa\u017c\u0105ca zaledwie 75 gram\u00f3w kabura zosta\u0142a wykonana z wytrzyma\u0142ej tkaniny Cordura\u00ae, zapewniaj\u0105cej doskona\u0142\u0105 odporno\u015b\u0107 na rozdarcia, trwa\u0142o\u015b\u0107 i codzienn\u0105 wygod\u0119 w profesjonalnym u\u017cytkowaniu.<\/p>\n<p>Zaprojektowany dla tradycyjnych modeli terminali, posiada dyskretne zamkni\u0119cie na rzep dla dodatkowego bezpiecze\u0144stwa, wbudowany uchwyt na pi\u00f3ro i opcj\u0119 do\u0142\u0105czenia paska na rami\u0119 do wszechstronnego przenoszenia. Obj\u0119ty 5-letni\u0105 gwarancj\u0105.<\/p>\n<ul>\n<li>Wysokiej jako\u015bci materia\u0142 Cordura\u00ae: 5 lat gwarancji w zestawie<\/li>\n<li>Lekka konstrukcja: Zaledwie 75 g<\/li>\n<li>Wbudowany uchwyt na d\u0142ugopis dla wygody<\/li>\n<li>Ukryty system zapinania na rzep<\/li>\n<li>Opcjonalny kompatybilny pasek na rami\u0119<\/li>\n<li>Idealny do klasycznych terminali p\u0142atniczych<\/li>\n<\/ul>","protected":false},"excerpt":{"rendered":"<p>Kabura Verifone T650c to praktyczne, niewymagaj\u0105ce u\u017cycia r\u0105k rozwi\u0105zanie do przenoszenia terminali p\u0142atniczych w kawiarniach, restauracjach i na imprezach. Wykonana z wytrzyma\u0142ego materia\u0142u Cordura\u00ae zapewnia d\u0142ugotrwa\u0142\u0105 wytrzyma\u0142o\u015b\u0107 i odporno\u015b\u0107 na zu\u017cycie, pozostaj\u0105c jednocze\u015bnie lekk\u0105 i wygodn\u0105.<\/p>\n<ul>\n<li>Wytrzyma\u0142a konstrukcja Cordura\u00ae - stworzona z my\u015bl\u0105 o trwa\u0142o\u015bci<\/li>\n<li>W zestawie bezpieczny pasek do paska<\/li>\n<li>Lekka konstrukcja - zaledwie 75 g<\/li>\n<li>Opcjonalna kompatybilno\u015b\u0107 z paskiem na rami\u0119<\/li>\n<li>Obj\u0119ty 5-letni\u0105 gwarancj\u0105<\/li>\n<\/ul>","protected":false},"featured_media":37723,"comment_status":"closed","ping_status":"closed","template":"","meta":[],"product_cat":[791,1596],"product_tag":[702,3816,3481,4061,3338,4032,1785,4060],"acf":[],"_links":{"self":[{"href":"https:\/\/paymentdiscounter.com\/pl\/wp-json\/wp\/v2\/product\/37720"}],"collection":[{"href":"https:\/\/paymentdiscounter.com\/pl\/wp-json\/wp\/v2\/product"}],"about":[{"href":"https:\/\/paymentdiscounter.com\/pl\/wp-json\/wp\/v2\/types\/product"}],"replies":[{"embeddable":true,"href":"https:\/\/paymentdiscounter.com\/pl\/wp-json\/wp\/v2\/comments?post=37720"}],"version-history":[{"count":1,"href":"https:\/\/paymentdiscounter.com\/pl\/wp-json\/wp\/v2\/product\/37720\/revisions"}],"predecessor-version":[{"id":37725,"href":"https:\/\/paymentdiscounter.com\/pl\/wp-json\/wp\/v2\/product\/37720\/revisions\/37725"}],"wp:featuredmedia":[{"embeddable":true,"href":"https:\/\/paymentdiscounter.com\/pl\/wp-json\/wp\/v2\/media\/37723"}],"wp:attachment":[{"href":"https:\/\/paymentdiscounter.com\/pl\/wp-json\/wp\/v2\/media?parent=37720"}],"wp:term":[{"taxonomy":"product_cat","embeddable":true,"href":"https:\/\/paymentdiscounter.com\/pl\/wp-json\/wp\/v2\/product_cat?post=37720"},{"taxonomy":"product_tag","embeddable":true,"href":"https:\/\/paymentdiscounter.com\/pl\/wp-json\/wp\/v2\/product_tag?post=37720"}],"curies":[{"name":"wp","href":"https:\/\/api.w.org\/{rel}","templated":true}]}}