{"id":37584,"date":"2025-09-17T10:26:39","date_gmt":"2025-09-17T10:26:39","guid":{"rendered":"https:\/\/paymentdiscounter.com\/?post_type=product&#038;p=37584"},"modified":"2025-09-17T10:32:31","modified_gmt":"2025-09-17T10:32:31","slug":"kabura-verifone-v640m-compact","status":"publish","type":"product","link":"https:\/\/paymentdiscounter.com\/pl\/produkt\/kabura-verifone-v640m-compact\/","title":{"rendered":"Kabura Verifone V640m Compact"},"content":{"rendered":"<p>Kabura Verifone V640m Holster Compact zosta\u0142a zaprojektowana z my\u015bl\u0105 o bezpiecznym, praktycznym i \u0142atwym przenoszeniu terminali p\u0142atniczych wielko\u015bci smartfona. Wa\u017c\u0105ca zaledwie 66 gram\u00f3w kabura zosta\u0142a wykonana z oryginalnej Cordury\u00ae. (nawet dziesi\u0119ciokrotnie bardziej wytrzyma\u0142ej ni\u017c standardowe tkaniny), zapewniaj\u0105cej doskona\u0142\u0105 trwa\u0142o\u015b\u0107 i d\u0142ugotrwa\u0142\u0105 odporno\u015b\u0107 na zu\u017cycie. Idealna dla profesjonalist\u00f3w w handlu detalicznym, logistyce i us\u0142ugach p\u0142atno\u015bci mobilnych, kt\u00f3rzy potrzebuj\u0105 niezawodnej ochrony ka\u017cdego dnia.<\/p>\n<p>Posiada dyskretne zapi\u0119cie na rzep dla bezpiecznego zamkni\u0119cia, wbudowany uchwyt na d\u0142ugopis i dodatkow\u0105 kiesze\u0144 na paragony lub akcesoria. Dostarczany z 30 mm pasem biodrowym i kompatybilny z opcjonalnym paskiem na rami\u0119, \u0142\u0105czy w sobie wygod\u0119, elastyczno\u015b\u0107 i profesjonaln\u0105 funkcjonalno\u015b\u0107.<\/p>\n<p><strong>Specyfikacja techniczna<\/strong><\/p>\n<ul>\n<li>Wykonana z oryginalnej Cordury\u00ae - do 10 razy mocniejszej ni\u017c zwyk\u0142e tkaniny<\/li>\n<li>Super lekki - zaledwie 66 g<\/li>\n<li>5 lat gwarancji z gwarancj\u0105 odporno\u015bci na rozdarcie<\/li>\n<li>Pasuje do kompaktowych terminali p\u0142atniczych wielko\u015bci smartfona<\/li>\n<li>Bezpieczne i dyskretne zapi\u0119cie na rzep<\/li>\n<li>Dostarczany z pasem biodrowym 30 mm<\/li>\n<li>Dost\u0119pny opcjonalny pasek na rami\u0119<\/li>\n<li>Dodatkowa kiesze\u0144 na notatki lub akcesoria<\/li>\n<li>Zintegrowany uchwyt na d\u0142ugopis do codziennego u\u017cytku<\/li>\n<\/ul>","protected":false},"excerpt":{"rendered":"<p>Kabura Verifone V640m Holster Compact zapewnia bezpieczne i wygodne przenoszenie terminali p\u0142atniczych wielko\u015bci smartfona przy ultralekkiej wadze zaledwie 66 g. Wykonana z wytrzyma\u0142ej Cordury\u00ae zapewnia wyj\u0105tkow\u0105 odporno\u015b\u0107 na rozdarcia, wytrzyma\u0142o\u015b\u0107 i trwa\u0142o\u015b\u0107. Idealny do wymagaj\u0105cych zastosowa\u0144 w handlu detalicznym, us\u0142ugach dostawczych i transakcjach mobilnych.<\/p>\n<ul>\n<li>Ultralekka konstrukcja - tylko 66 g<\/li>\n<li>Wytrzyma\u0142a Cordura\u00ae do d\u0142ugotrwa\u0142ego u\u017cytkowania<\/li>\n<li>Mocne zapi\u0119cie na rzep dla dodatkowego bezpiecze\u0144stwa<\/li>\n<li>W zestawie z pasem biodrowym<\/li>\n<li>Opcjonalny kompatybilny pasek na rami\u0119<\/li>\n<li>5-letnia gwarancja zapewniaj\u0105ca d\u0142ugotrwa\u0142\u0105 wydajno\u015b\u0107<\/li>\n<\/ul>","protected":false},"featured_media":37585,"comment_status":"closed","ping_status":"closed","template":"","meta":[],"product_cat":[791,3243],"product_tag":[702,3816,3245,4040,3338,4032,3244,4039],"acf":[],"_links":{"self":[{"href":"https:\/\/paymentdiscounter.com\/pl\/wp-json\/wp\/v2\/product\/37584"}],"collection":[{"href":"https:\/\/paymentdiscounter.com\/pl\/wp-json\/wp\/v2\/product"}],"about":[{"href":"https:\/\/paymentdiscounter.com\/pl\/wp-json\/wp\/v2\/types\/product"}],"replies":[{"embeddable":true,"href":"https:\/\/paymentdiscounter.com\/pl\/wp-json\/wp\/v2\/comments?post=37584"}],"version-history":[{"count":1,"href":"https:\/\/paymentdiscounter.com\/pl\/wp-json\/wp\/v2\/product\/37584\/revisions"}],"predecessor-version":[{"id":37589,"href":"https:\/\/paymentdiscounter.com\/pl\/wp-json\/wp\/v2\/product\/37584\/revisions\/37589"}],"wp:featuredmedia":[{"embeddable":true,"href":"https:\/\/paymentdiscounter.com\/pl\/wp-json\/wp\/v2\/media\/37585"}],"wp:attachment":[{"href":"https:\/\/paymentdiscounter.com\/pl\/wp-json\/wp\/v2\/media?parent=37584"}],"wp:term":[{"taxonomy":"product_cat","embeddable":true,"href":"https:\/\/paymentdiscounter.com\/pl\/wp-json\/wp\/v2\/product_cat?post=37584"},{"taxonomy":"product_tag","embeddable":true,"href":"https:\/\/paymentdiscounter.com\/pl\/wp-json\/wp\/v2\/product_tag?post=37584"}],"curies":[{"name":"wp","href":"https:\/\/api.w.org\/{rel}","templated":true}]}}