{"id":37570,"date":"2025-09-16T19:41:01","date_gmt":"2025-09-16T19:41:01","guid":{"rendered":"https:\/\/paymentdiscounter.com\/?post_type=product&#038;p=37570"},"modified":"2025-09-16T19:50:56","modified_gmt":"2025-09-16T19:50:56","slug":"kabura-verifone-e285-compact","status":"publish","type":"product","link":"https:\/\/paymentdiscounter.com\/pl\/produkt\/kabura-verifone-e285-compact\/","title":{"rendered":"Verifone E285 Holster Compact"},"content":{"rendered":"<p>Verifone E285 Holster Compact to lekki, wa\u017c\u0105cy zaledwie 66 gram\u00f3w futera\u0142 zaprojektowany z my\u015bl\u0105 o bezpiecznym przechowywaniu i dost\u0119pie do terminali p\u0142atniczych wielko\u015bci smartfona. Wykonany ze spr\u0119\u017cystej Cordury\u00ae (do 10 razy mocniejszej ni\u017c zwyk\u0142e tkaniny) \u0142\u0105czy w sobie wytrzyma\u0142o\u015b\u0107 z d\u0142ugotrwa\u0142\u0105 ochron\u0105, dzi\u0119ki czemu idealnie nadaje si\u0119 do codziennego u\u017cytku w handlu detalicznym, kurierskim i sprzeda\u017cy mobilnej.<\/p>\n<p>Kabura posiada ukryte zapi\u0119cie na rzep zapewniaj\u0105ce bezpieczne zamkni\u0119cie, zintegrowany uchwyt na d\u0142ugopis oraz dodatkow\u0105 przegrod\u0119 na drobne przedmioty, takie jak notatki lub paragony. Dostarczana z 30 mm pasem biodrowym i kompatybilna z opcjonalnym paskiem na rami\u0119.<\/p>\n<p><strong>Specyfikacja techniczna<\/strong><\/p>\n<ul>\n<li>Oryginalna konstrukcja Cordura\u00ae - do 10 razy mocniejsza ni\u017c zwyk\u0142e tkaniny<\/li>\n<li>Ultralekka - wa\u017cy zaledwie 66 g<\/li>\n<li>Obj\u0119ty 5-letni\u0105 gwarancj\u0105, odporny na rozdarcia<\/li>\n<li>Pasuje do kompaktowych urz\u0105dze\u0144 p\u0142atniczych wielko\u015bci smartfona<\/li>\n<li>Bezpieczne, ukryte zapi\u0119cie na rzep<\/li>\n<li>Dostarczany z pasem biodrowym 30 mm<\/li>\n<li>Opcjonalne mocowanie paska na rami\u0119<\/li>\n<li>Dodatkowa kiesze\u0144 na notatki lub akcesoria<\/li>\n<li>Zintegrowany uchwyt na d\u0142ugopis dla wygody<\/li>\n<\/ul>","protected":false},"excerpt":{"rendered":"<p>Kabura Verifone E285 Holster Compact zapewnia ochron\u0119 terminala p\u0142atniczego wielko\u015bci smartfona, a jednocze\u015bnie jest lekka i praktyczna - wa\u017cy zaledwie 66 g. Wykonana z wytrzyma\u0142ej Cordury\u00ae zosta\u0142a zaprojektowana do codziennego u\u017cytku w wymagaj\u0105cych \u015brodowiskach handlu detalicznego, kurierskich i p\u0142atno\u015bci mobilnych.<\/p>\n<p>Kabura posiada bezpieczne zapi\u0119cie na rzep, jest wyposa\u017cona w pas biodrowy i mo\u017ce by\u0107 sparowana z opcjonalnym paskiem na rami\u0119 dla dodatkowej elastyczno\u015bci. Zaprojektowana dla profesjonalist\u00f3w, kt\u00f3rzy s\u0105 zawsze w ruchu, oferuje zar\u00f3wno komfort noszenia, jak i d\u0142ugotrwa\u0142\u0105 niezawodno\u015b\u0107.<\/p>\n<ul>\n<li>Ultralekka konstrukcja - tylko 66 g<\/li>\n<li>Wytrzyma\u0142a Cordura\u00ae odporna na rozdarcia<\/li>\n<li>Mocne zapi\u0119cie na rzep dla bezpiecznego dopasowania<\/li>\n<li>Zawiera pas biodrowy do codziennego noszenia<\/li>\n<li>Kompatybilny z opcjonalnym paskiem na rami\u0119<\/li>\n<li>Chroniony 5-letni\u0105 gwarancj\u0105<\/li>\n<\/ul>","protected":false},"featured_media":37572,"comment_status":"closed","ping_status":"closed","template":"","meta":[],"product_cat":[791,1502],"product_tag":[4036,702,3816,3338,4033,1505,4035,4032],"acf":[],"_links":{"self":[{"href":"https:\/\/paymentdiscounter.com\/pl\/wp-json\/wp\/v2\/product\/37570"}],"collection":[{"href":"https:\/\/paymentdiscounter.com\/pl\/wp-json\/wp\/v2\/product"}],"about":[{"href":"https:\/\/paymentdiscounter.com\/pl\/wp-json\/wp\/v2\/types\/product"}],"replies":[{"embeddable":true,"href":"https:\/\/paymentdiscounter.com\/pl\/wp-json\/wp\/v2\/comments?post=37570"}],"version-history":[{"count":1,"href":"https:\/\/paymentdiscounter.com\/pl\/wp-json\/wp\/v2\/product\/37570\/revisions"}],"predecessor-version":[{"id":37575,"href":"https:\/\/paymentdiscounter.com\/pl\/wp-json\/wp\/v2\/product\/37570\/revisions\/37575"}],"wp:featuredmedia":[{"embeddable":true,"href":"https:\/\/paymentdiscounter.com\/pl\/wp-json\/wp\/v2\/media\/37572"}],"wp:attachment":[{"href":"https:\/\/paymentdiscounter.com\/pl\/wp-json\/wp\/v2\/media?parent=37570"}],"wp:term":[{"taxonomy":"product_cat","embeddable":true,"href":"https:\/\/paymentdiscounter.com\/pl\/wp-json\/wp\/v2\/product_cat?post=37570"},{"taxonomy":"product_tag","embeddable":true,"href":"https:\/\/paymentdiscounter.com\/pl\/wp-json\/wp\/v2\/product_tag?post=37570"}],"curies":[{"name":"wp","href":"https:\/\/api.w.org\/{rel}","templated":true}]}}