{"id":37564,"date":"2025-09-16T19:35:50","date_gmt":"2025-09-16T19:35:50","guid":{"rendered":"https:\/\/paymentdiscounter.com\/?post_type=product&#038;p=37564"},"modified":"2025-09-16T19:51:18","modified_gmt":"2025-09-16T19:51:18","slug":"kabura-verifone-e280s-compact","status":"publish","type":"product","link":"https:\/\/paymentdiscounter.com\/pl\/produkt\/kabura-verifone-e280s-compact\/","title":{"rendered":"Verifone E280s Holster Compact"},"content":{"rendered":"<p>Kabura Verifone E280s Holster Compact oferuje bezpieczny i ultralekki spos\u00f3b przenoszenia terminala p\u0142atniczego, wa\u017c\u0105c zaledwie 66 g. Wykonana z Cordury\u00ae, kt\u00f3ra jest do dziesi\u0119ciu razy mocniejsza ni\u017c standardowe tkaniny, kabura ta zapewnia wyj\u0105tkow\u0105 trwa\u0142o\u015b\u0107 i ochron\u0119. Zosta\u0142a zaprojektowana z my\u015bl\u0105 o sprzedawcach detalicznych, dostawcach i sprzedawcach mobilnych, kt\u00f3rzy potrzebuj\u0105 niezawodno\u015bci i wygody ka\u017cdego dnia.<\/p>\n<p>Wyposa\u017cony w ukryte zapi\u0119cie na rzep, zintegrowany uchwyt na d\u0142ugopis i dodatkow\u0105 przegrod\u0119 na drobne przedmioty lub notatki. Zapewnia zar\u00f3wno bezpiecze\u0144stwo, jak i praktyczno\u015b\u0107. Kabura jest dostarczana z 30 mm pasem biodrowym i mo\u017ce by\u0107 r\u00f3wnie\u017c u\u017cywana z opcjonalnym paskiem na rami\u0119 dla elastycznego komfortu noszenia.<\/p>\n<p><strong>Specyfikacja techniczna<\/strong><\/p>\n<ul>\n<li>Wykonany z autentycznej Cordury\u00ae - do 10 razy mocniejszej ni\u017c standardowa tkanina<\/li>\n<li>Lekka konstrukcja - tylko 66 g<\/li>\n<li>Trwa\u0142o\u015b\u0107 gwarantowana 5-letni\u0105 gwarancj\u0105<\/li>\n<li>Odpowiedni dla urz\u0105dze\u0144 p\u0142atniczych wielko\u015bci smartfona<\/li>\n<li>Ukryte zapi\u0119cie na rzep dla bezpiecznego dopasowania<\/li>\n<li>Zawiera pas biodrowy 30 mm<\/li>\n<li>Opcjonalne wsparcie paska na rami\u0119<\/li>\n<li>Dodatkowa kiesze\u0144 na akcesoria lub paragony<\/li>\n<li>Wbudowane gniazdo na d\u0142ugopis do codziennego u\u017cytku<\/li>\n<\/ul>","protected":false},"excerpt":{"rendered":"<p>Kabura Verifone E280s Holster Compact to lekkie, wa\u017c\u0105ce zaledwie 66 gram\u00f3w rozwi\u0105zanie przeznaczone do ochrony i transportu terminali p\u0142atniczych wielko\u015bci smartfona. Wykonana z wytrzyma\u0142ej Cordury\u00ae kabura jest przeznaczona do intensywnego codziennego u\u017cytkowania w handlu detalicznym, dostawach i p\u0142atno\u015bciach mobilnych.<\/p>\n<p>Dostarczany z pasem biodrowym i kompatybilny z opcjonalnym paskiem na rami\u0119, oferuje wszechstronny komfort noszenia, dzi\u0119ki czemu jest idealnym towarzyszem dla profesjonalist\u00f3w w podr\u00f3\u017cy.<\/p>\n<ul>\n<li>Niewielka waga - zaledwie 66 g<\/li>\n<li>Bezpieczny system zapinania na rzep<\/li>\n<li>Opcjonalne wsparcie paska na rami\u0119<\/li>\n<li>Dostarczany z pasem biodrowym<\/li>\n<li>Obj\u0119ty 5-letni\u0105 gwarancj\u0105<\/li>\n<\/ul>","protected":false},"featured_media":37565,"comment_status":"closed","ping_status":"closed","template":"","meta":[],"product_cat":[791,1595],"product_tag":[4034,702,3816,3338,1781,4033,4032],"acf":[],"_links":{"self":[{"href":"https:\/\/paymentdiscounter.com\/pl\/wp-json\/wp\/v2\/product\/37564"}],"collection":[{"href":"https:\/\/paymentdiscounter.com\/pl\/wp-json\/wp\/v2\/product"}],"about":[{"href":"https:\/\/paymentdiscounter.com\/pl\/wp-json\/wp\/v2\/types\/product"}],"replies":[{"embeddable":true,"href":"https:\/\/paymentdiscounter.com\/pl\/wp-json\/wp\/v2\/comments?post=37564"}],"version-history":[{"count":1,"href":"https:\/\/paymentdiscounter.com\/pl\/wp-json\/wp\/v2\/product\/37564\/revisions"}],"predecessor-version":[{"id":37569,"href":"https:\/\/paymentdiscounter.com\/pl\/wp-json\/wp\/v2\/product\/37564\/revisions\/37569"}],"wp:featuredmedia":[{"embeddable":true,"href":"https:\/\/paymentdiscounter.com\/pl\/wp-json\/wp\/v2\/media\/37565"}],"wp:attachment":[{"href":"https:\/\/paymentdiscounter.com\/pl\/wp-json\/wp\/v2\/media?parent=37564"}],"wp:term":[{"taxonomy":"product_cat","embeddable":true,"href":"https:\/\/paymentdiscounter.com\/pl\/wp-json\/wp\/v2\/product_cat?post=37564"},{"taxonomy":"product_tag","embeddable":true,"href":"https:\/\/paymentdiscounter.com\/pl\/wp-json\/wp\/v2\/product_tag?post=37564"}],"curies":[{"name":"wp","href":"https:\/\/api.w.org\/{rel}","templated":true}]}}