{"id":37516,"date":"2025-09-16T18:34:50","date_gmt":"2025-09-16T18:34:50","guid":{"rendered":"https:\/\/paymentdiscounter.com\/?post_type=product&#038;p=37516"},"modified":"2025-09-16T18:38:41","modified_gmt":"2025-09-16T18:38:41","slug":"kabura-pax-a960-duza","status":"publish","type":"product","link":"https:\/\/paymentdiscounter.com\/pl\/produkt\/kabura-pax-a960-duza\/","title":{"rendered":"Kabura PAX A960 du\u017ca"},"content":{"rendered":"<p>Kabura PAX A960 Holster Large zapewnia ochron\u0119, lekko\u015b\u0107 i gotowo\u015b\u0107 do u\u017cycia terminala p\u0142atniczego w wymagaj\u0105cych \u015brodowiskach handlu detalicznego, magazyn\u00f3w i logistyki. Wykonana z wytrzyma\u0142ej Cordury\u00ae, ta smuk\u0142a kabura o wadze 75 g zapewnia niezawodn\u0105 trwa\u0142o\u015b\u0107, codzienny komfort i stabilno\u015b\u0107.<\/p>\n<p>Zaprojektowany dla tradycyjnych modeli terminali, zawiera ukryty pasek na rzep, zintegrowany uchwyt na pi\u00f3ro i opcj\u0119 dodania paska na rami\u0119 dla elastycznego przenoszenia.<\/p>\n<ul>\n<li>Mocna tkanina Cordura\u00ae - 5 lat gwarancji w zestawie<\/li>\n<li>Lekki i praktyczny - tylko 75 g<\/li>\n<li>Wygodny wbudowany uchwyt na d\u0142ugopis<\/li>\n<li>Dyskretny system zapinania na rzep<\/li>\n<li>Opcjonalne wsparcie paska na rami\u0119<\/li>\n<li>Idealne dopasowanie do klasycznych terminali p\u0142atniczych<\/li>\n<\/ul>","protected":false},"excerpt":{"rendered":"<p>Kabura PAX A960 to praktyczne rozwi\u0105zanie do przenoszenia terminali p\u0142atniczych bez u\u017cycia r\u0105k w restauracjach, kawiarniach i \u015brodowiskach eventowych. Wykonana z wysokiej jako\u015bci materia\u0142u Cordura\u00ae kabura o wadze 75 g \u0142\u0105czy w sobie d\u0142ugotrwa\u0142\u0105 wytrzyma\u0142o\u015b\u0107 z lekko\u015bci\u0105, wygod\u0105 i stabilno\u015bci\u0105. Jest wyposa\u017cona w bezpieczny pasek na pasek, zintegrowany uchwyt na d\u0142ugopis i mo\u017ce by\u0107 r\u00f3wnie\u017c sparowana z opcjonalnym paskiem na rami\u0119, dzi\u0119ki czemu jest wszechstronnym akcesorium do standardowych konstrukcji terminali.<\/p>\n<ul>\n<li>Wytrzyma\u0142a konstrukcja Cordura\u00ae - stworzona z my\u015bl\u0105 o d\u0142ugowieczno\u015bci<\/li>\n<li>Opcjonalny pasek na rami\u0119 gotowy<\/li>\n<li>W zestawie wytrzyma\u0142y pasek<\/li>\n<li>Wbudowany praktyczny uchwyt na d\u0142ugopis<\/li>\n<li>Ultralekka waga - tylko 75 g<\/li>\n<li>Obj\u0119ty 5-letni\u0105 gwarancj\u0105<\/li>\n<\/ul>","protected":false},"featured_media":37521,"comment_status":"closed","ping_status":"closed","template":"","meta":[],"product_cat":[730,2652],"product_tag":[2654,4025,702,2653,4024,2611,3983,3816],"acf":[],"_links":{"self":[{"href":"https:\/\/paymentdiscounter.com\/pl\/wp-json\/wp\/v2\/product\/37516"}],"collection":[{"href":"https:\/\/paymentdiscounter.com\/pl\/wp-json\/wp\/v2\/product"}],"about":[{"href":"https:\/\/paymentdiscounter.com\/pl\/wp-json\/wp\/v2\/types\/product"}],"replies":[{"embeddable":true,"href":"https:\/\/paymentdiscounter.com\/pl\/wp-json\/wp\/v2\/comments?post=37516"}],"version-history":[{"count":1,"href":"https:\/\/paymentdiscounter.com\/pl\/wp-json\/wp\/v2\/product\/37516\/revisions"}],"predecessor-version":[{"id":37525,"href":"https:\/\/paymentdiscounter.com\/pl\/wp-json\/wp\/v2\/product\/37516\/revisions\/37525"}],"wp:featuredmedia":[{"embeddable":true,"href":"https:\/\/paymentdiscounter.com\/pl\/wp-json\/wp\/v2\/media\/37521"}],"wp:attachment":[{"href":"https:\/\/paymentdiscounter.com\/pl\/wp-json\/wp\/v2\/media?parent=37516"}],"wp:term":[{"taxonomy":"product_cat","embeddable":true,"href":"https:\/\/paymentdiscounter.com\/pl\/wp-json\/wp\/v2\/product_cat?post=37516"},{"taxonomy":"product_tag","embeddable":true,"href":"https:\/\/paymentdiscounter.com\/pl\/wp-json\/wp\/v2\/product_tag?post=37516"}],"curies":[{"name":"wp","href":"https:\/\/api.w.org\/{rel}","templated":true}]}}