{"id":37475,"date":"2025-09-16T18:11:25","date_gmt":"2025-09-16T18:11:25","guid":{"rendered":"https:\/\/paymentdiscounter.com\/?post_type=product&#038;p=37475"},"modified":"2025-09-16T18:15:56","modified_gmt":"2025-09-16T18:15:56","slug":"kabura-pax-a920-max-duza","status":"publish","type":"product","link":"https:\/\/paymentdiscounter.com\/pl\/produkt\/kabura-pax-a920-max-duza\/","title":{"rendered":"Kabura PAX A920 MAX du\u017ca"},"content":{"rendered":"<p>Kabura PAX A920 MAX Holster Large zapewnia bezpiecze\u0144stwo, lekko\u015b\u0107 i sta\u0142y dost\u0119p do terminala p\u0142atniczego w wymagaj\u0105cych \u015brodowiskach handlu detalicznego, magazyn\u00f3w i logistyki. Wykonana z wytrzyma\u0142ej Cordury\u00ae kabura o wadze 75 g zapewnia wytrzyma\u0142o\u015b\u0107, wygod\u0119 i d\u0142ugotrwa\u0142\u0105 niezawodno\u015b\u0107. Dzi\u0119ki ukrytemu zapi\u0119ciu na rzep, zintegrowanemu uchwytowi na pi\u00f3ro i opcjonalnemu wsparciu paska na rami\u0119 jest niezawodnym rozwi\u0105zaniem dla tradycyjnie ukszta\u0142towanych urz\u0105dze\u0144 p\u0142atniczych.<\/p>\n<ul>\n<li>Mocny materia\u0142 Cordura\u00ae - obj\u0119ty 5-letni\u0105 gwarancj\u0105<\/li>\n<li>Ultralekki - zaledwie 75 g<\/li>\n<li>Wbudowany uchwyt na d\u0142ugopis do codziennego u\u017cytku<\/li>\n<li>Dyskretne zapi\u0119cie na rzep<\/li>\n<li>Kompatybilny z paskiem na rami\u0119<\/li>\n<li>Zaprojektowany dla klasycznych modeli terminali<\/li>\n<\/ul>","protected":false},"excerpt":{"rendered":"<p>Kabura PAX A920 MAX jest idealna do obs\u0142ugi p\u0142atno\u015bci bez u\u017cycia r\u0105k w restauracjach, kawiarniach i \u015brodowiskach eventowych. Wykonana z wytrzyma\u0142ej Cordury\u00ae, ultralekka kabura o wadze 75 g zapewnia codzienny komfort, niezawodn\u0105 stabilno\u015b\u0107 i d\u0142ugotrwa\u0142e u\u017cytkowanie. Wyposa\u017cona w solidny pasek na pasek, zintegrowany uchwyt na pi\u00f3ro i opcjonalne wsparcie paska na rami\u0119, idealnie pasuje do tradycyjnych terminali p\u0142atniczych.<\/p>\n<ul>\n<li>Wytrzyma\u0142y materia\u0142 Cordura\u00ae - stworzony z my\u015bl\u0105 o trwa\u0142o\u015bci<\/li>\n<li>Opcjonalny pasek na rami\u0119 gotowy<\/li>\n<li>W zestawie bezpieczny pasek do paska<\/li>\n<li>Zintegrowany uchwyt na d\u0142ugopis dla wygody<\/li>\n<li>Ultralekki - tylko 75 g<\/li>\n<li>Obj\u0119ty 5-letni\u0105 gwarancj\u0105<\/li>\n<\/ul>","protected":false},"featured_media":37480,"comment_status":"closed","ping_status":"closed","template":"","meta":[],"product_cat":[730,2644],"product_tag":[2646,4017,702,2645,4016,2611,3983,3816],"acf":[],"_links":{"self":[{"href":"https:\/\/paymentdiscounter.com\/pl\/wp-json\/wp\/v2\/product\/37475"}],"collection":[{"href":"https:\/\/paymentdiscounter.com\/pl\/wp-json\/wp\/v2\/product"}],"about":[{"href":"https:\/\/paymentdiscounter.com\/pl\/wp-json\/wp\/v2\/types\/product"}],"replies":[{"embeddable":true,"href":"https:\/\/paymentdiscounter.com\/pl\/wp-json\/wp\/v2\/comments?post=37475"}],"version-history":[{"count":1,"href":"https:\/\/paymentdiscounter.com\/pl\/wp-json\/wp\/v2\/product\/37475\/revisions"}],"predecessor-version":[{"id":37485,"href":"https:\/\/paymentdiscounter.com\/pl\/wp-json\/wp\/v2\/product\/37475\/revisions\/37485"}],"wp:featuredmedia":[{"embeddable":true,"href":"https:\/\/paymentdiscounter.com\/pl\/wp-json\/wp\/v2\/media\/37480"}],"wp:attachment":[{"href":"https:\/\/paymentdiscounter.com\/pl\/wp-json\/wp\/v2\/media?parent=37475"}],"wp:term":[{"taxonomy":"product_cat","embeddable":true,"href":"https:\/\/paymentdiscounter.com\/pl\/wp-json\/wp\/v2\/product_cat?post=37475"},{"taxonomy":"product_tag","embeddable":true,"href":"https:\/\/paymentdiscounter.com\/pl\/wp-json\/wp\/v2\/product_tag?post=37475"}],"curies":[{"name":"wp","href":"https:\/\/api.w.org\/{rel}","templated":true}]}}