{"id":37454,"date":"2025-09-16T17:58:59","date_gmt":"2025-09-16T17:58:59","guid":{"rendered":"https:\/\/paymentdiscounter.com\/?post_type=product&#038;p=37454"},"modified":"2025-09-16T18:11:14","modified_gmt":"2025-09-16T18:11:14","slug":"kabura-pax-a910-duza-2","status":"publish","type":"product","link":"https:\/\/paymentdiscounter.com\/pl\/produkt\/kabura-pax-a910-duza-2\/","title":{"rendered":"Kabura PAX A910s du\u017ca"},"content":{"rendered":"<p>Kabura PAX A910s Holster Large to idealne rozwi\u0105zanie do bezpiecznego przenoszenia terminala p\u0142atniczego bez u\u017cycia r\u0105k w handlu detalicznym, logistyce i magazynach. Wykonana z wytrzyma\u0142ego materia\u0142u Cordura\u00ae, ultralekka kabura o wadze 75 g zapewnia trwa\u0142o\u015b\u0107, wygod\u0119 i stabilno\u015b\u0107. Dzi\u0119ki ukrytemu zapi\u0119ciu na rzep, zintegrowanemu uchwytowi na pi\u00f3ro i opcjonalnej kompatybilno\u015bci z paskiem na rami\u0119, oferuje d\u0142ugotrwa\u0142\u0105 wydajno\u015b\u0107 dla klasycznie ukszta\u0142towanych terminali p\u0142atniczych.<\/p>\n<ul>\n<li>Odporna na rozdarcia Cordura\u00ae z 5-letni\u0105 gwarancj\u0105<\/li>\n<li>Ultralekka waga - tylko 75 g<\/li>\n<li>Praktyczny zintegrowany uchwyt na d\u0142ugopis<\/li>\n<li>Ukryte zapi\u0119cie na rzep<\/li>\n<li>Opcjonalne wsparcie paska na rami\u0119<\/li>\n<li>Pasuje do terminali p\u0142atniczych o klasycznym kszta\u0142cie<\/li>\n<\/ul>","protected":false},"excerpt":{"rendered":"<p>Kabura PAX A910s umo\u017cliwia wydajn\u0105 obs\u0142ug\u0119 p\u0142atno\u015bci bez u\u017cycia r\u0105k w restauracjach, kawiarniach i na imprezach. Wykonana z wytrzyma\u0142ej Cordury\u00ae, ultralekka kabura o wadze 75 g zapewnia wygod\u0119, stabilno\u015b\u0107 i d\u0142ugotrwa\u0142\u0105 wytrzyma\u0142o\u015b\u0107. Dzi\u0119ki bezpiecznemu paskowi na pasek, zintegrowanemu uchwytowi na pi\u00f3ro i opcjonalnemu wspornikowi paska na rami\u0119 idealnie pasuje do tradycyjnie ukszta\u0142towanych terminali p\u0142atniczych.<\/p>\n<ul>\n<li>Wytrzyma\u0142y materia\u0142 Cordura\u00ae - zbudowany z my\u015bl\u0105 o trwa\u0142o\u015bci<\/li>\n<li>Opcjonalna kompatybilno\u015b\u0107 z paskiem na rami\u0119<\/li>\n<li>W zestawie bezpieczny pasek do paska<\/li>\n<li>Praktyczny zintegrowany uchwyt na d\u0142ugopis<\/li>\n<li>Ultralekka waga - tylko 75 g<\/li>\n<li>5 lat gwarancji<\/li>\n<\/ul>","protected":false},"featured_media":37462,"comment_status":"closed","ping_status":"closed","template":"","meta":[],"product_cat":[730,2629],"product_tag":[4013,702,3006,4012,2611,3983,3816],"acf":[],"_links":{"self":[{"href":"https:\/\/paymentdiscounter.com\/pl\/wp-json\/wp\/v2\/product\/37454"}],"collection":[{"href":"https:\/\/paymentdiscounter.com\/pl\/wp-json\/wp\/v2\/product"}],"about":[{"href":"https:\/\/paymentdiscounter.com\/pl\/wp-json\/wp\/v2\/types\/product"}],"replies":[{"embeddable":true,"href":"https:\/\/paymentdiscounter.com\/pl\/wp-json\/wp\/v2\/comments?post=37454"}],"version-history":[{"count":2,"href":"https:\/\/paymentdiscounter.com\/pl\/wp-json\/wp\/v2\/product\/37454\/revisions"}],"predecessor-version":[{"id":37474,"href":"https:\/\/paymentdiscounter.com\/pl\/wp-json\/wp\/v2\/product\/37454\/revisions\/37474"}],"wp:featuredmedia":[{"embeddable":true,"href":"https:\/\/paymentdiscounter.com\/pl\/wp-json\/wp\/v2\/media\/37462"}],"wp:attachment":[{"href":"https:\/\/paymentdiscounter.com\/pl\/wp-json\/wp\/v2\/media?parent=37454"}],"wp:term":[{"taxonomy":"product_cat","embeddable":true,"href":"https:\/\/paymentdiscounter.com\/pl\/wp-json\/wp\/v2\/product_cat?post=37454"},{"taxonomy":"product_tag","embeddable":true,"href":"https:\/\/paymentdiscounter.com\/pl\/wp-json\/wp\/v2\/product_tag?post=37454"}],"curies":[{"name":"wp","href":"https:\/\/api.w.org\/{rel}","templated":true}]}}