{"id":37413,"date":"2025-09-16T07:58:35","date_gmt":"2025-09-16T07:58:35","guid":{"rendered":"https:\/\/paymentdiscounter.com\/?post_type=product&#038;p=37413"},"modified":"2025-09-16T08:19:34","modified_gmt":"2025-09-16T08:19:34","slug":"kabura-pax-a99-duza","status":"publish","type":"product","link":"https:\/\/paymentdiscounter.com\/pl\/produkt\/kabura-pax-a99-duza\/","title":{"rendered":"Pax A99 Kabura du\u017ca"},"content":{"rendered":"<p>Kabura Pax A99 Holster Large zapewnia bezpieczne dopasowanie, doskona\u0142y komfort i d\u0142ugotrwa\u0142\u0105 wytrzyma\u0142o\u015b\u0107. Idealna do u\u017cytku w handlu detalicznym, logistyce lub magazynie. Wykonana z wytrzyma\u0142ego materia\u0142u Cordura\u00ae kabura jest niezwykle trwa\u0142a i wytrzyma\u0142a nawet w wymagaj\u0105cych \u015brodowiskach. Utrzymuje mobilny terminal p\u0142atniczy zawsze w zasi\u0119gu r\u0119ki, \u0142\u0105cz\u0105c wygod\u0119 i stabilno\u015b\u0107.<\/p>\n<ul>\n<li>Trwa\u0142y - odporny na rozdarcia z 5-letni\u0105 gwarancj\u0105<\/li>\n<li>Lekka i wygodna - tylko 75 g<\/li>\n<li>Zintegrowany uchwyt na d\u0142ugopis - praktyczny w codziennym u\u017cytkowaniu<\/li>\n<li>Zapi\u0119cie na rzep (mo\u017ce by\u0107 ukryte)<\/li>\n<li>Kompatybilny z opcjonalnym paskiem na rami\u0119<\/li>\n<li>Pasuje do terminali p\u0142atniczych o klasycznym kszta\u0142cie<\/li>\n<\/ul>","protected":false},"excerpt":{"rendered":"<p>Kabura PAX A99 pozwala pracowa\u0107 wydajniej i wygodniej. Idealna na imprezy, do restauracji lub kawiarni. Zaprojektowana dla terminali p\u0142atniczych o tradycyjnym kszta\u0142cie.<\/p>\n<ul>\n<li>Wytrzyma\u0142y materia\u0142 Cordura<\/li>\n<li>Kompatybilny z opcjonalnym paskiem na rami\u0119<\/li>\n<li>W zestawie z paskiem<\/li>\n<li>Praktyczny uchwyt na d\u0142ugopis<\/li>\n<li>Ultralekki - tylko 75 g<\/li>\n<li>5 lat gwarancji<\/li>\n<\/ul>","protected":false},"featured_media":37419,"comment_status":"closed","ping_status":"closed","template":"","meta":[],"product_cat":[730,3940],"product_tag":[4004,702,4005,4003,2611,3983,3816],"acf":[],"_links":{"self":[{"href":"https:\/\/paymentdiscounter.com\/pl\/wp-json\/wp\/v2\/product\/37413"}],"collection":[{"href":"https:\/\/paymentdiscounter.com\/pl\/wp-json\/wp\/v2\/product"}],"about":[{"href":"https:\/\/paymentdiscounter.com\/pl\/wp-json\/wp\/v2\/types\/product"}],"replies":[{"embeddable":true,"href":"https:\/\/paymentdiscounter.com\/pl\/wp-json\/wp\/v2\/comments?post=37413"}],"version-history":[{"count":1,"href":"https:\/\/paymentdiscounter.com\/pl\/wp-json\/wp\/v2\/product\/37413\/revisions"}],"predecessor-version":[{"id":37422,"href":"https:\/\/paymentdiscounter.com\/pl\/wp-json\/wp\/v2\/product\/37413\/revisions\/37422"}],"wp:featuredmedia":[{"embeddable":true,"href":"https:\/\/paymentdiscounter.com\/pl\/wp-json\/wp\/v2\/media\/37419"}],"wp:attachment":[{"href":"https:\/\/paymentdiscounter.com\/pl\/wp-json\/wp\/v2\/media?parent=37413"}],"wp:term":[{"taxonomy":"product_cat","embeddable":true,"href":"https:\/\/paymentdiscounter.com\/pl\/wp-json\/wp\/v2\/product_cat?post=37413"},{"taxonomy":"product_tag","embeddable":true,"href":"https:\/\/paymentdiscounter.com\/pl\/wp-json\/wp\/v2\/product_tag?post=37413"}],"curies":[{"name":"wp","href":"https:\/\/api.w.org\/{rel}","templated":true}]}}