{"id":3737,"date":"2018-10-15T18:33:17","date_gmt":"2018-10-15T18:33:17","guid":{"rendered":"https:\/\/paymentdiscounter.com\/product\/worldline-yomani-standaard\/"},"modified":"2025-01-13T22:31:33","modified_gmt":"2025-01-13T22:31:33","slug":"worldline-yomani-stand-complete-tailwind","status":"publish","type":"product","link":"https:\/\/paymentdiscounter.com\/pl\/produkt\/worldline-yomani-stand-complete-tailwind\/","title":{"rendered":"Worldline Yomani Stand Complete | Tailwind"},"content":{"rendered":"<p>Worldline Kompletny stojak Yomani<br \/>\nWoldline Yomani Pole jest idealnym rozwi\u0105zaniem dla przedsi\u0119biorc\u00f3w ze sta\u0142\u0105 konfiguracj\u0105 licznika. Obrotowa podstawa zapewnia sta\u0142\u0105 lokalizacj\u0119 terminala worldline i zmniejsza przestrze\u0144 potrzebn\u0105 na ladzie. Zmniejsza ryzyko wypadk\u00f3w i pomaga zapobiega\u0107 uszkodzeniom urz\u0105dzenia przez wod\u0119 lub upadek.<\/p>\n<p>S\u0142upek Worldline jest dost\u0119pny w modelach: Niski | Wysoki | Monta\u017c na \u015bcianie.<br \/>\nS\u0142upek Yomova mo\u017cna przymocowa\u0107 za pomoc\u0105 do\u0142\u0105czonego paska samoprzylepnego lub zestawu \u015brub.<\/p>\n<p>Korzy\u015bci<\/p>\n<ul>\n<li>Zwi\u0119kszone i wzmocnione rozwi\u0105zanie monta\u017cowe.<\/li>\n<li>Mo\u017cliwo\u015b\u0107 pochylenia do 140 stopni.<\/li>\n<li>Mo\u017cliwo\u015b\u0107 obrotu do 330 stopni.<\/li>\n<li>Dostarczany wraz z p\u0142yt\u0105 monta\u017cow\u0105.<\/li>\n<li>Mo\u017ce by\u0107 mocowany za pomoc\u0105 \u015brub lub pask\u00f3w samoprzylepnych.<\/li>\n<li>Zapobiega zerwaniu kabli.<\/li>\n<\/ul>\n<p>&nbsp;<\/p>","protected":false},"excerpt":{"rendered":"<p>Wystarczy przymocowa\u0107 s\u0142upek Worldline Yomani do lady lub \u015bciany, aby uzyska\u0107 wi\u0119ksz\u0105 wygod\u0119 i swobod\u0119 podczas pracy. Tyczka p\u0142atnicza zapewnia dodatkow\u0105 wygod\u0119 i bezpiecze\u0144stwo oraz obraca si\u0119 i przechyla do 330 stopni. Zobacz modele i zam\u00f3w sw\u00f3j s\u0142upek w prosty spos\u00f3b online.<\/p>","protected":false},"featured_media":9897,"comment_status":"closed","ping_status":"closed","template":"","meta":[],"product_cat":[804,833],"product_tag":[3349,1326,768,933,3342,934,1205,3343,935],"acf":[],"_links":{"self":[{"href":"https:\/\/paymentdiscounter.com\/pl\/wp-json\/wp\/v2\/product\/3737"}],"collection":[{"href":"https:\/\/paymentdiscounter.com\/pl\/wp-json\/wp\/v2\/product"}],"about":[{"href":"https:\/\/paymentdiscounter.com\/pl\/wp-json\/wp\/v2\/types\/product"}],"replies":[{"embeddable":true,"href":"https:\/\/paymentdiscounter.com\/pl\/wp-json\/wp\/v2\/comments?post=3737"}],"version-history":[{"count":8,"href":"https:\/\/paymentdiscounter.com\/pl\/wp-json\/wp\/v2\/product\/3737\/revisions"}],"predecessor-version":[{"id":26886,"href":"https:\/\/paymentdiscounter.com\/pl\/wp-json\/wp\/v2\/product\/3737\/revisions\/26886"}],"wp:featuredmedia":[{"embeddable":true,"href":"https:\/\/paymentdiscounter.com\/pl\/wp-json\/wp\/v2\/media\/9897"}],"wp:attachment":[{"href":"https:\/\/paymentdiscounter.com\/pl\/wp-json\/wp\/v2\/media?parent=3737"}],"wp:term":[{"taxonomy":"product_cat","embeddable":true,"href":"https:\/\/paymentdiscounter.com\/pl\/wp-json\/wp\/v2\/product_cat?post=3737"},{"taxonomy":"product_tag","embeddable":true,"href":"https:\/\/paymentdiscounter.com\/pl\/wp-json\/wp\/v2\/product_tag?post=3737"}],"curies":[{"name":"wp","href":"https:\/\/api.w.org\/{rel}","templated":true}]}}