{"id":36744,"date":"2025-08-09T19:37:34","date_gmt":"2025-08-09T19:37:34","guid":{"rendered":"https:\/\/paymentdiscounter.com\/?post_type=product&#038;p=36744"},"modified":"2025-08-09T19:45:22","modified_gmt":"2025-08-09T19:45:22","slug":"axium-rx5000-stand-stack","status":"publish","type":"product","link":"https:\/\/paymentdiscounter.com\/pl\/produkt\/axium-rx5000-stand-stack\/","title":{"rendered":"Axium RX5000 Stand - Stack"},"content":{"rendered":"<p>Axium RX5000 Spacepole Stack to innowacyjny stojak na terminal p\u0142atniczy od Ergonomic Solutions o modu\u0142owej i ergonomicznej konstrukcji.<\/p>\n<p>- Mo\u017cliwo\u015b\u0107 pochylania do 70\u00b0 i obracania do 310\u00b0<br \/>\n- Poprawiona stabilno\u015b\u0107 dla wi\u0119kszych terminali<br \/>\n- Regulowana wysoko\u015b\u0107: 96 mm\/3,77 cala lub 124 mm\/4,88 cala<br \/>\n- Szersza konstrukcja dla efektywnego zarz\u0105dzania kablami i ochrony<br \/>\n- Monta\u017c: \u0141atwy monta\u017c za pomoc\u0105 ta\u015bmy dwustronnej i\/lub \u015brub<\/p>\n<p><strong>Bezpiecze\u0144stwo:<\/strong><br \/>\nW razie potrzeby stojak mo\u017cna rozszerzy\u0107 o opcj\u0119 bezpiecze\u0144stwa ClickSafe\u00ae, aby zapobiec kradzie\u017cy i uszkodzeniom.<\/p>\n<p><strong>Aktualizacja:<\/strong><br \/>\nPrzechodzisz na inny terminal p\u0142atniczy Axium?<br \/>\nNast\u0119pnie wystarczy zmieni\u0107 p\u0142yt\u0119 monta\u017cow\u0105. Podstawa zawsze pozostaje taka sama.<\/p>\n<p><strong>Materia\u0142y:<\/strong><br \/>\n- Stojak wykonany jest z wytrzyma\u0142ego kompozytu<br \/>\n- Aby zapewni\u0107 d\u0142u\u017csz\u0105 \u017cywotno\u015b\u0107, p\u0142yta monta\u017cowa jest wykonana z metalu<\/p>","protected":false},"excerpt":{"rendered":"<p>Axium RX5000 Stack to stojak na lad\u0119, kt\u00f3rego wysoko\u015b\u0107 mo\u017cna \u0142atwo regulowa\u0107. Stojak sk\u0142ada si\u0119 z 4 cz\u0119\u015bci. Podstawa, podnoszona cz\u0119\u015b\u0107 \u015brodkowa i odchylana cz\u0119\u015b\u0107 g\u00f3rna. Wraz z wykonan\u0105 na zam\u00f3wienie metalow\u0105 p\u0142yt\u0105 monta\u017cow\u0105 stojak mo\u017cna \u0142atwo regulowa\u0107 na wysoko\u015b\u0107.<\/p>","protected":false},"featured_media":36745,"comment_status":"closed","ping_status":"closed","template":"","meta":[],"product_cat":[705,3001],"product_tag":[2662,3413,3003,3971,703,3411,3004,3972],"acf":[],"_links":{"self":[{"href":"https:\/\/paymentdiscounter.com\/pl\/wp-json\/wp\/v2\/product\/36744"}],"collection":[{"href":"https:\/\/paymentdiscounter.com\/pl\/wp-json\/wp\/v2\/product"}],"about":[{"href":"https:\/\/paymentdiscounter.com\/pl\/wp-json\/wp\/v2\/types\/product"}],"replies":[{"embeddable":true,"href":"https:\/\/paymentdiscounter.com\/pl\/wp-json\/wp\/v2\/comments?post=36744"}],"version-history":[{"count":1,"href":"https:\/\/paymentdiscounter.com\/pl\/wp-json\/wp\/v2\/product\/36744\/revisions"}],"predecessor-version":[{"id":36750,"href":"https:\/\/paymentdiscounter.com\/pl\/wp-json\/wp\/v2\/product\/36744\/revisions\/36750"}],"wp:featuredmedia":[{"embeddable":true,"href":"https:\/\/paymentdiscounter.com\/pl\/wp-json\/wp\/v2\/media\/36745"}],"wp:attachment":[{"href":"https:\/\/paymentdiscounter.com\/pl\/wp-json\/wp\/v2\/media?parent=36744"}],"wp:term":[{"taxonomy":"product_cat","embeddable":true,"href":"https:\/\/paymentdiscounter.com\/pl\/wp-json\/wp\/v2\/product_cat?post=36744"},{"taxonomy":"product_tag","embeddable":true,"href":"https:\/\/paymentdiscounter.com\/pl\/wp-json\/wp\/v2\/product_tag?post=36744"}],"curies":[{"name":"wp","href":"https:\/\/api.w.org\/{rel}","templated":true}]}}