{"id":36741,"date":"2025-08-09T19:30:58","date_gmt":"2025-08-09T19:30:58","guid":{"rendered":"https:\/\/paymentdiscounter.com\/?post_type=product&#038;p=36741"},"modified":"2025-11-20T21:24:39","modified_gmt":"2025-11-20T21:24:39","slug":"oslona-ekranu-axium-rx5000","status":"publish","type":"product","link":"https:\/\/paymentdiscounter.com\/pl\/produkt\/oslona-ekranu-axium-rx5000\/","title":{"rendered":"Os\u0142ona ekranu Axium RX5000"},"content":{"rendered":"<p><strong>Os\u0142ona ekranu Axium RX5000<\/strong><br \/>\nOs\u0142ona Axium RX5000 jest wysoce odporna na zarysowania i \u0142atwa w aplikacji. Posiada pow\u0142ok\u0119 zapobiegaj\u0105c\u0105 pozostawianiu odcisk\u00f3w palc\u00f3w, dzi\u0119ki czemu mo\u017cna \u0142atwo usun\u0105\u0107 smugi i zabrudzenia. Bezproblemowo wsp\u00f3\u0142pracuje r\u00f3wnie\u017c z ekranem dotykowym.<\/p>\n<p><strong>Korzy\u015bci z ochraniacza ekranu<\/strong><br \/>\nInnowacyjna warstwa kleju pozwala na \u0142atw\u0105 aplikacj\u0119, dzi\u0119ki czemu ochrona ekranu jest wolna od p\u0119cherzyk\u00f3w powietrza.<\/p>","protected":false},"excerpt":{"rendered":"<p>Je\u015bli korzystasz z mobilnego terminala p\u0142atniczego, naturalnie b\u0119dziesz chcia\u0142 chroni\u0107 go przed wypadkami i uszkodzeniami. Os\u0142ona Axium RX5000 Screenprotector zapewnia dodatkow\u0105 ochron\u0119 bez uszczerbku dla funkcjonalno\u015bci. Stanowi dodatkow\u0105 warstw\u0119 ochronn\u0105 dla cennego terminala, zabezpieczaj\u0105c ekran przed zarysowaniami i przed\u0142u\u017caj\u0105c \u017cywotno\u015b\u0107 terminala p\u0142atniczego.<\/p>\n<ul>\n<li>Krystalicznie czysty<\/li>\n<li>Twarda pow\u0142oka<\/li>\n<li>Odporny na zabrudzenia<\/li>\n<li>\u0141atwy monta\u017c i demonta\u017c<\/li>\n<\/ul>","protected":false},"featured_media":36768,"comment_status":"closed","ping_status":"closed","template":"","meta":[],"product_cat":[705,3001],"product_tag":[2662,3413,3003,3969,703,3411,3004,3970,762],"acf":[],"_links":{"self":[{"href":"https:\/\/paymentdiscounter.com\/pl\/wp-json\/wp\/v2\/product\/36741"}],"collection":[{"href":"https:\/\/paymentdiscounter.com\/pl\/wp-json\/wp\/v2\/product"}],"about":[{"href":"https:\/\/paymentdiscounter.com\/pl\/wp-json\/wp\/v2\/types\/product"}],"replies":[{"embeddable":true,"href":"https:\/\/paymentdiscounter.com\/pl\/wp-json\/wp\/v2\/comments?post=36741"}],"version-history":[{"count":4,"href":"https:\/\/paymentdiscounter.com\/pl\/wp-json\/wp\/v2\/product\/36741\/revisions"}],"predecessor-version":[{"id":38143,"href":"https:\/\/paymentdiscounter.com\/pl\/wp-json\/wp\/v2\/product\/36741\/revisions\/38143"}],"wp:featuredmedia":[{"embeddable":true,"href":"https:\/\/paymentdiscounter.com\/pl\/wp-json\/wp\/v2\/media\/36768"}],"wp:attachment":[{"href":"https:\/\/paymentdiscounter.com\/pl\/wp-json\/wp\/v2\/media?parent=36741"}],"wp:term":[{"taxonomy":"product_cat","embeddable":true,"href":"https:\/\/paymentdiscounter.com\/pl\/wp-json\/wp\/v2\/product_cat?post=36741"},{"taxonomy":"product_tag","embeddable":true,"href":"https:\/\/paymentdiscounter.com\/pl\/wp-json\/wp\/v2\/product_tag?post=36741"}],"curies":[{"name":"wp","href":"https:\/\/api.w.org\/{rel}","templated":true}]}}