{"id":36241,"date":"2025-07-10T18:23:10","date_gmt":"2025-07-10T18:23:10","guid":{"rendered":"https:\/\/paymentdiscounter.com\/?post_type=product&#038;p=36241"},"modified":"2025-09-15T17:32:24","modified_gmt":"2025-09-15T17:32:24","slug":"kabura-na-terminal-sumup","status":"publish","type":"product","link":"https:\/\/paymentdiscounter.com\/pl\/produkt\/kabura-na-terminal-sumup\/","title":{"rendered":"Uchwyt terminala Sumup"},"content":{"rendered":"<p><strong>Maksymalny komfort w podr\u00f3\u017cy:<\/strong><br \/>\nKabura u\u0142atwia noszenie r\u0119cznego terminala POS przez ca\u0142y dzie\u0144, zapewniaj\u0105c wi\u0119kszy komfort podczas d\u0142ugich zmian. Uwalniaj\u0105c r\u0119ce i zmniejszaj\u0105c zm\u0119czenie ramion, zwi\u0119ksza mobilno\u015b\u0107 i zmniejsza ryzyko przypadkowych po\u015blizgni\u0119\u0107 lub upadk\u00f3w podczas obs\u0142ugi klient\u00f3w.<\/p>\n<p><strong>Zwi\u0119kszona produktywno\u015b\u0107:<\/strong><br \/>\nDzi\u0119ki uchwytowi na terminal Sumup urz\u0105dzenie p\u0142atnicze jest zawsze w zasi\u0119gu r\u0119ki, umo\u017cliwiaj\u0105c pracownikom szybsz\u0105 realizacj\u0119 transakcji. Trzymanie terminala w pobli\u017cu przyspiesza realizacj\u0119 transakcji i poprawia og\u00f3ln\u0105 obs\u0142ug\u0119 klienta. Niezb\u0119dny w szybko zmieniaj\u0105cych si\u0119 \u015brodowiskach detalicznych i hotelarskich.<\/p>\n<p><strong>Niezawodna ochrona urz\u0105dzenia:<\/strong><br \/>\nSpecjalistyczna kabura zapewnia dodatkow\u0105 warstw\u0119 ochrony przed zarysowaniami ekranu, uderzeniami i codziennym zu\u017cyciem. Os\u0142aniaj\u0105c terminal p\u0142atniczy Sumup, pomaga zmniejszy\u0107 nieoczekiwane koszty naprawy i wyd\u0142u\u017ca \u017cywotno\u015b\u0107 urz\u0105dzenia.<\/p>","protected":false},"excerpt":{"rendered":"<p>Kabura na terminal SumUp umo\u017cliwia bezpieczne przenoszenie mobilnego terminala p\u0142atniczego. Korzystanie z kabury jest idealne dla przedsi\u0119biorc\u00f3w, kt\u00f3rzy cz\u0119sto przyjmuj\u0105 p\u0142atno\u015bci od klient\u00f3w w miejscach na zewn\u0105trz, takich jak kawiarnie lub restauracje z tarasem. Kabura zapewnia bezpieczne miejsce do przechowywania i pomaga zapobiega\u0107 uszkodzeniom terminala p\u0142atniczego.<\/p>\n<p>\u0141atwe mocowanie do paska.<\/p>","protected":false},"featured_media":36403,"comment_status":"closed","ping_status":"closed","template":"","meta":[],"product_cat":[842,3867],"product_tag":[702,3915,3816,767,3870,3874,3914,3873],"acf":[],"_links":{"self":[{"href":"https:\/\/paymentdiscounter.com\/pl\/wp-json\/wp\/v2\/product\/36241"}],"collection":[{"href":"https:\/\/paymentdiscounter.com\/pl\/wp-json\/wp\/v2\/product"}],"about":[{"href":"https:\/\/paymentdiscounter.com\/pl\/wp-json\/wp\/v2\/types\/product"}],"replies":[{"embeddable":true,"href":"https:\/\/paymentdiscounter.com\/pl\/wp-json\/wp\/v2\/comments?post=36241"}],"version-history":[{"count":4,"href":"https:\/\/paymentdiscounter.com\/pl\/wp-json\/wp\/v2\/product\/36241\/revisions"}],"predecessor-version":[{"id":37320,"href":"https:\/\/paymentdiscounter.com\/pl\/wp-json\/wp\/v2\/product\/36241\/revisions\/37320"}],"wp:featuredmedia":[{"embeddable":true,"href":"https:\/\/paymentdiscounter.com\/pl\/wp-json\/wp\/v2\/media\/36403"}],"wp:attachment":[{"href":"https:\/\/paymentdiscounter.com\/pl\/wp-json\/wp\/v2\/media?parent=36241"}],"wp:term":[{"taxonomy":"product_cat","embeddable":true,"href":"https:\/\/paymentdiscounter.com\/pl\/wp-json\/wp\/v2\/product_cat?post=36241"},{"taxonomy":"product_tag","embeddable":true,"href":"https:\/\/paymentdiscounter.com\/pl\/wp-json\/wp\/v2\/product_tag?post=36241"}],"curies":[{"name":"wp","href":"https:\/\/api.w.org\/{rel}","templated":true}]}}