{"id":36209,"date":"2025-07-05T19:59:21","date_gmt":"2025-07-05T19:59:21","guid":{"rendered":"https:\/\/paymentdiscounter.com\/?post_type=product&#038;p=36209"},"modified":"2026-04-23T18:46:59","modified_gmt":"2026-04-23T18:46:59","slug":"kabura-sunmi-m3","status":"publish","type":"product","link":"https:\/\/paymentdiscounter.com\/pl\/produkt\/kabura-sunmi-m3\/","title":{"rendered":"Kabura Sunmi M3"},"content":{"rendered":"<p><strong>Zwi\u0119kszone bezpiecze\u0144stwo:<\/strong><br \/>\nWyposa\u017cona w wytrzyma\u0142y metalowy pier\u015bcie\u0144 z ty\u0142u kabura na terminal p\u0142atniczy pozwala bezpiecznie przymocowa\u0107 urz\u0105dzenie do paska lub paska na szyj\u0119. Ta solidna konstrukcja minimalizuje ryzyko przypadkowego upuszczenia, zgubienia lub kradzie\u017cy. Dzi\u0119ki temu mobilny terminal p\u0142atniczy Sunmi M3 jest zawsze bezpieczny.<\/p>\n<p><strong>Maksymalny komfort w podr\u00f3\u017cy:<\/strong><br \/>\nKabura u\u0142atwia noszenie r\u0119cznego terminala POS przez ca\u0142y dzie\u0144, czyni\u0105c go wygodniejszym podczas d\u0142ugich zmian. Uwalniaj\u0105c r\u0119ce i zmniejszaj\u0105c zm\u0119czenie ramion, pomaga poprawi\u0107 mobilno\u015b\u0107 i zmniejsza ryzyko przypadkowych po\u015blizgni\u0119\u0107 lub upadk\u00f3w podczas obs\u0142ugi klient\u00f3w.<\/p>\n<p><strong>Zwi\u0119kszona produktywno\u015b\u0107:<\/strong><br \/>\nDzi\u0119ki kaburze Sunmi M3 urz\u0105dzenie p\u0142atnicze jest zawsze dost\u0119pne, co pozwala pracownikom szybciej realizowa\u0107 transakcje. Posiadanie terminala pod r\u0119k\u0105 przyspiesza procesy kasowe i poprawia og\u00f3ln\u0105 obs\u0142ug\u0119 klienta. Niezb\u0119dny w szybko zmieniaj\u0105cych si\u0119 \u015brodowiskach handlu detalicznego i hotelarstwa.<\/p>\n<p><strong>Niezawodna ochrona urz\u0105dzenia:<\/strong><br \/>\nSpecjalistyczna kabura dzia\u0142a jako dodatkowa warstwa ochronna przed zarysowaniami ekranu, uderzeniami i innym codziennym zu\u017cyciem. Chroni\u0105c terminal p\u0142atniczy Sunmi, mo\u017cna zmniejszy\u0107 nieoczekiwane koszty naprawy i wyd\u0142u\u017cy\u0107 \u017cywotno\u015b\u0107 urz\u0105dzenia.<\/p>","protected":false},"excerpt":{"rendered":"<p>Kabura Sunmi M3 Holster to bezpieczny i praktyczny spos\u00f3b na przenoszenie mobilnego urz\u0105dzenia p\u0142atniczego w dowolne miejsce. Stworzona specjalnie dla przedsi\u0119biorc\u00f3w i profesjonalist\u00f3w w ruchu. Od food truck\u00f3w po kawiarnie na \u015bwie\u017cym powietrzu, ta kabura zapewnia ochron\u0119 terminala p\u0142atniczego i \u0142atwy dost\u0119p do niego przez ca\u0142y czas.<\/p>\n<p>W zestawie pasek do wygodnego u\u017cytkowania bez u\u017cycia r\u0105k<\/p>","protected":false},"featured_media":38287,"comment_status":"closed","ping_status":"closed","template":"","meta":[],"product_cat":[1555,3811],"product_tag":[702,3846,3855,3864,3816,2704,3522,3849,4407,3865],"acf":[],"_links":{"self":[{"href":"https:\/\/paymentdiscounter.com\/pl\/wp-json\/wp\/v2\/product\/36209"}],"collection":[{"href":"https:\/\/paymentdiscounter.com\/pl\/wp-json\/wp\/v2\/product"}],"about":[{"href":"https:\/\/paymentdiscounter.com\/pl\/wp-json\/wp\/v2\/types\/product"}],"replies":[{"embeddable":true,"href":"https:\/\/paymentdiscounter.com\/pl\/wp-json\/wp\/v2\/comments?post=36209"}],"version-history":[{"count":4,"href":"https:\/\/paymentdiscounter.com\/pl\/wp-json\/wp\/v2\/product\/36209\/revisions"}],"predecessor-version":[{"id":36248,"href":"https:\/\/paymentdiscounter.com\/pl\/wp-json\/wp\/v2\/product\/36209\/revisions\/36248"}],"wp:featuredmedia":[{"embeddable":true,"href":"https:\/\/paymentdiscounter.com\/pl\/wp-json\/wp\/v2\/media\/38287"}],"wp:attachment":[{"href":"https:\/\/paymentdiscounter.com\/pl\/wp-json\/wp\/v2\/media?parent=36209"}],"wp:term":[{"taxonomy":"product_cat","embeddable":true,"href":"https:\/\/paymentdiscounter.com\/pl\/wp-json\/wp\/v2\/product_cat?post=36209"},{"taxonomy":"product_tag","embeddable":true,"href":"https:\/\/paymentdiscounter.com\/pl\/wp-json\/wp\/v2\/product_tag?post=36209"}],"curies":[{"name":"wp","href":"https:\/\/api.w.org\/{rel}","templated":true}]}}