{"id":36206,"date":"2025-07-05T19:56:53","date_gmt":"2025-07-05T19:56:53","guid":{"rendered":"https:\/\/paymentdiscounter.com\/?post_type=product&#038;p=36206"},"modified":"2026-02-03T11:47:53","modified_gmt":"2026-02-03T11:47:53","slug":"oslona-ekranu-sunmi-m3","status":"publish","type":"product","link":"https:\/\/paymentdiscounter.com\/pl\/produkt\/oslona-ekranu-sunmi-m3\/","title":{"rendered":"Ochraniacz ekranu Sunmi M3"},"content":{"rendered":"<p>Chro\u0144 sw\u00f3j Sunmi M3 za pomoc\u0105 wysokiej jako\u015bci ochraniacza ekranu zaprojektowanego w celu ochrony przed zadrapaniami, wstrz\u0105sami i codziennym brudem.<\/p>\n<p>Mobilne urz\u0105dzenie p\u0142atnicze jest niezb\u0119dne do p\u0142ynnego przeprowadzania transakcji i tworzenia profesjonalnego do\u015bwiadczenia. P\u0119kni\u0119ty lub rozmazany ekran mo\u017ce zak\u0142\u00f3ci\u0107 wydajno\u015b\u0107 i zaszkodzi\u0107 wizerunkowi marki. Ta trwa\u0142a os\u0142ona ekranu chroni wy\u015bwietlacz terminala, zapewniaj\u0105c jego nieskazitelny wygl\u0105d, wysok\u0105 responsywno\u015b\u0107 i \u0142atwo\u015b\u0107 przegl\u0105dania przez ca\u0142y czas.<\/p>\n<p><strong>G\u0142\u00f3wne zalety:<\/strong><br \/>\nUltra-czysta przezroczysto\u015b\u0107 zapewniaj\u0105ca ostry obraz i nieskaziteln\u0105 dok\u0142adno\u015b\u0107 dotyku<br \/>\nMocna, odporna na zarysowania i zabrudzenia powierzchnia zapewniaj\u0105ca maksymaln\u0105 trwa\u0142o\u015b\u0107<br \/>\nProsta instalacja i usuwanie bez p\u0119cherzyk\u00f3w powietrza bez lepkich pozosta\u0142o\u015bci<br \/>\nIdealny dla sprzedawc\u00f3w i przedsi\u0119biorc\u00f3w, kt\u00f3rzy polegaj\u0105 na swoich urz\u0105dzeniach p\u0142atniczych w wymagaj\u0105cych \u015brodowiskach.<\/p>","protected":false},"excerpt":{"rendered":"<p>Chro\u0144 swoje urz\u0105dzenie Sunmi M3 za pomoc\u0105 tej wytrzyma\u0142ej os\u0142ony ekranu zaprojektowanej w celu ochrony przed zarysowaniami i codziennym zu\u017cyciem. Zachowaj nieskazitelny wy\u015bwietlacz i upewnij si\u0119, \u017ce Tw\u00f3j terminal p\u0142atniczy pozostanie niezawodny i profesjonalnie wygl\u0105daj\u0105cy w wymagaj\u0105cych \u015brodowiskach detalicznych i hotelarskich.<\/p>","protected":false},"featured_media":36207,"comment_status":"closed","ping_status":"closed","template":"","meta":[],"product_cat":[1555,3811],"product_tag":[3846,3855,3862,2704,3849,4407,3863,3748],"acf":[],"_links":{"self":[{"href":"https:\/\/paymentdiscounter.com\/pl\/wp-json\/wp\/v2\/product\/36206"}],"collection":[{"href":"https:\/\/paymentdiscounter.com\/pl\/wp-json\/wp\/v2\/product"}],"about":[{"href":"https:\/\/paymentdiscounter.com\/pl\/wp-json\/wp\/v2\/types\/product"}],"replies":[{"embeddable":true,"href":"https:\/\/paymentdiscounter.com\/pl\/wp-json\/wp\/v2\/comments?post=36206"}],"version-history":[{"count":4,"href":"https:\/\/paymentdiscounter.com\/pl\/wp-json\/wp\/v2\/product\/36206\/revisions"}],"predecessor-version":[{"id":39055,"href":"https:\/\/paymentdiscounter.com\/pl\/wp-json\/wp\/v2\/product\/36206\/revisions\/39055"}],"wp:featuredmedia":[{"embeddable":true,"href":"https:\/\/paymentdiscounter.com\/pl\/wp-json\/wp\/v2\/media\/36207"}],"wp:attachment":[{"href":"https:\/\/paymentdiscounter.com\/pl\/wp-json\/wp\/v2\/media?parent=36206"}],"wp:term":[{"taxonomy":"product_cat","embeddable":true,"href":"https:\/\/paymentdiscounter.com\/pl\/wp-json\/wp\/v2\/product_cat?post=36206"},{"taxonomy":"product_tag","embeddable":true,"href":"https:\/\/paymentdiscounter.com\/pl\/wp-json\/wp\/v2\/product_tag?post=36206"}],"curies":[{"name":"wp","href":"https:\/\/api.w.org\/{rel}","templated":true}]}}