{"id":36124,"date":"2025-07-05T12:21:24","date_gmt":"2025-07-05T12:21:24","guid":{"rendered":"https:\/\/paymentdiscounter.com\/?post_type=product&#038;p=36124"},"modified":"2025-12-05T14:18:00","modified_gmt":"2025-12-05T14:18:00","slug":"sunmi-l3-stacja-dokujaca-multi","status":"publish","type":"product","link":"https:\/\/paymentdiscounter.com\/pl\/produkt\/sunmi-l3-stacja-dokujaca-multi\/","title":{"rendered":"Sunmi L3 Dockingstation Multi"},"content":{"rendered":"<p><strong>Zaawansowana i wielofunkcyjna stacja dokuj\u0105ca<\/strong><br \/>\nStacja dokuj\u0105ca Sunmi L3 zosta\u0142a zaprojektowana specjalnie dla firm, kt\u00f3re korzystaj\u0105 z wielu mobilnych terminali p\u0142atniczych jednocze\u015bnie. Jest to idealne rozwi\u0105zanie dla bran\u017cy hotelarskiej, handlu detalicznego i logistyki, gdzie szybko\u015b\u0107 i wydajno\u015b\u0107 maj\u0105 kluczowe znaczenie.<\/p>\n<p><strong>\u0141adowanie do czterech terminali p\u0142atniczych jednocze\u015bnie<\/strong><br \/>\nDzi\u0119ki eleganckiej i kompaktowej konstrukcji mo\u017cna \u0142adowa\u0107 do czterech terminali p\u0142atniczych Sunmi jednocze\u015bnie. Eliminuje to potrzeb\u0119 stosowania oddzielnych kabli do \u0142adowania i wielu gniazdek elektrycznych, utrzymuj\u0105c porz\u0105dek i organizacj\u0119 w miejscu pracy.<\/p>\n<p><strong>Bezpieczne przechowywanie i organizacja<\/strong><br \/>\nStacja dokuj\u0105ca zapewnia bezpieczne miejsce do przechowywania terminali, gdy nie s\u0105 u\u017cywane. Zapobiega to uszkodzeniom i utracie, jednocze\u015bnie wyd\u0142u\u017caj\u0105c \u017cywotno\u015b\u0107 urz\u0105dze\u0144.<\/p>\n<p><strong>Wydajny i przyjazny dla u\u017cytkownika<\/strong><br \/>\nDzi\u0119ki solidnej konstrukcji i stabilnemu umiejscowieniu mo\u017cna \u0142atwo chwyci\u0107 terminale, gdy tylko zajdzie taka potrzeba. Dzi\u0119ki temu codzienne operacje przebiegaj\u0105 sprawnie i zawsze jeste\u015b gotowy do pomocy klientom przy kasie.<\/p>","protected":false},"excerpt":{"rendered":"<p>Stacja dokuj\u0105ca Sunmi L3 zosta\u0142a zaprojektowana specjalnie dla firm, kt\u00f3re korzystaj\u0105 z wielu mobilnych terminali p\u0142atniczych w tym samym czasie. Dzi\u0119ki eleganckiej i kompaktowej konstrukcji mo\u017cna \u0142adowa\u0107 do czterech terminali p\u0142atniczych Sunmi jednocze\u015bnie.<\/p>\n<p>Doskonale sprawdza si\u0119 w hotelarstwie, handlu detalicznym i logistyce, gdzie szybko\u015b\u0107 i wydajno\u015b\u0107 maj\u0105 kluczowe znaczenie.<br \/>\n<\/p>\n<p><h1 style=\"color: #ed0000; font-size: 13px;\">* Czas dostawy 7 dni<\/h1>","protected":false},"featured_media":36126,"comment_status":"closed","ping_status":"closed","template":"","meta":[],"product_cat":[1555,3706],"product_tag":[2707,690,694,3708,3838,3835,2704,3605,3839,3836],"acf":[],"_links":{"self":[{"href":"https:\/\/paymentdiscounter.com\/pl\/wp-json\/wp\/v2\/product\/36124"}],"collection":[{"href":"https:\/\/paymentdiscounter.com\/pl\/wp-json\/wp\/v2\/product"}],"about":[{"href":"https:\/\/paymentdiscounter.com\/pl\/wp-json\/wp\/v2\/types\/product"}],"replies":[{"embeddable":true,"href":"https:\/\/paymentdiscounter.com\/pl\/wp-json\/wp\/v2\/comments?post=36124"}],"version-history":[{"count":5,"href":"https:\/\/paymentdiscounter.com\/pl\/wp-json\/wp\/v2\/product\/36124\/revisions"}],"predecessor-version":[{"id":38157,"href":"https:\/\/paymentdiscounter.com\/pl\/wp-json\/wp\/v2\/product\/36124\/revisions\/38157"}],"wp:featuredmedia":[{"embeddable":true,"href":"https:\/\/paymentdiscounter.com\/pl\/wp-json\/wp\/v2\/media\/36126"}],"wp:attachment":[{"href":"https:\/\/paymentdiscounter.com\/pl\/wp-json\/wp\/v2\/media?parent=36124"}],"wp:term":[{"taxonomy":"product_cat","embeddable":true,"href":"https:\/\/paymentdiscounter.com\/pl\/wp-json\/wp\/v2\/product_cat?post=36124"},{"taxonomy":"product_tag","embeddable":true,"href":"https:\/\/paymentdiscounter.com\/pl\/wp-json\/wp\/v2\/product_tag?post=36124"}],"curies":[{"name":"wp","href":"https:\/\/api.w.org\/{rel}","templated":true}]}}