{"id":36101,"date":"2025-07-05T11:35:29","date_gmt":"2025-07-05T11:35:29","guid":{"rendered":"https:\/\/paymentdiscounter.com\/?post_type=product&#038;p=36101"},"modified":"2025-10-06T19:19:28","modified_gmt":"2025-10-06T19:19:28","slug":"sunmi-l3-screenprotector","status":"publish","type":"product","link":"https:\/\/paymentdiscounter.com\/pl\/produkt\/sunmi-l3-screenprotector\/","title":{"rendered":"Sunmi L3 Screenprotector"},"content":{"rendered":"<p>Ochraniacz ekranu Sunmi L3 zosta\u0142 specjalnie zaprojektowany, aby chroni\u0107 terminal mobilny przed zadrapaniami, uderzeniami i zabrudzeniami.<\/p>\n<p>Tw\u00f3j terminal p\u0142atniczy jest wa\u017cnym narz\u0119dziem dla Twojej firmy, a uszkodzony ekran mo\u017ce nie tylko zmniejszy\u0107 jego funkcjonalno\u015b\u0107, ale tak\u017ce pozostawi\u0107 nieprofesjonalne wra\u017cenie na klientach. Dzi\u0119ki temu wysokiej jako\u015bci ochraniaczowi ekranu wyd\u0142u\u017cysz \u017cywotno\u015b\u0107 urz\u0105dzenia i zachowasz czytelny wy\u015bwietlacz.<\/p>\n<p><strong>Korzy\u015bci:<\/strong><\/p>\n<p>Krystalicznie czysty wy\u015bwietlacz bez ograniczania funkcji dotykowych<br \/>\nOdporna na zarysowania i zabrudzenia pow\u0142oka zapewniaj\u0105ca d\u0142ugotrwa\u0142\u0105 ochron\u0119<br \/>\n\u0141atwa do na\u0142o\u017cenia i usuni\u0119cia bez pozostawiania \u015blad\u00f3w kleju<br \/>\nIdealny dla firm, kt\u00f3re intensywnie korzystaj\u0105 z terminala p\u0142atniczego<\/p>","protected":false},"excerpt":{"rendered":"<p>Chro\u0144 sw\u00f3j terminal Sunmi L3 za pomoc\u0105 tego wytrzyma\u0142ego ochraniacza ekranu, aby zapobiec zarysowaniom i utrzyma\u0107 ekran w doskona\u0142ym stanie. Wyd\u0142u\u017c \u017cywotno\u015b\u0107 swojego terminala p\u0142atniczego - doskonale zaprojektowanego do intensywnego u\u017cytkowania w \u015brodowiskach detalicznych i hotelarskich.<\/p>","protected":false},"featured_media":36102,"comment_status":"closed","ping_status":"closed","template":"","meta":[],"product_cat":[1555,3706],"product_tag":[3708,3814,3818,2704,3707,3819,3748],"acf":[],"_links":{"self":[{"href":"https:\/\/paymentdiscounter.com\/pl\/wp-json\/wp\/v2\/product\/36101"}],"collection":[{"href":"https:\/\/paymentdiscounter.com\/pl\/wp-json\/wp\/v2\/product"}],"about":[{"href":"https:\/\/paymentdiscounter.com\/pl\/wp-json\/wp\/v2\/types\/product"}],"replies":[{"embeddable":true,"href":"https:\/\/paymentdiscounter.com\/pl\/wp-json\/wp\/v2\/comments?post=36101"}],"version-history":[{"count":3,"href":"https:\/\/paymentdiscounter.com\/pl\/wp-json\/wp\/v2\/product\/36101\/revisions"}],"predecessor-version":[{"id":38079,"href":"https:\/\/paymentdiscounter.com\/pl\/wp-json\/wp\/v2\/product\/36101\/revisions\/38079"}],"wp:featuredmedia":[{"embeddable":true,"href":"https:\/\/paymentdiscounter.com\/pl\/wp-json\/wp\/v2\/media\/36102"}],"wp:attachment":[{"href":"https:\/\/paymentdiscounter.com\/pl\/wp-json\/wp\/v2\/media?parent=36101"}],"wp:term":[{"taxonomy":"product_cat","embeddable":true,"href":"https:\/\/paymentdiscounter.com\/pl\/wp-json\/wp\/v2\/product_cat?post=36101"},{"taxonomy":"product_tag","embeddable":true,"href":"https:\/\/paymentdiscounter.com\/pl\/wp-json\/wp\/v2\/product_tag?post=36101"}],"curies":[{"name":"wp","href":"https:\/\/api.w.org\/{rel}","templated":true}]}}