{"id":36090,"date":"2025-07-05T11:08:39","date_gmt":"2025-07-05T11:08:39","guid":{"rendered":"https:\/\/paymentdiscounter.com\/?post_type=product&#038;p=36090"},"modified":"2025-12-05T14:18:47","modified_gmt":"2025-12-05T14:18:47","slug":"kabura-sunmi-l3","status":"publish","type":"product","link":"https:\/\/paymentdiscounter.com\/pl\/produkt\/kabura-sunmi-l3\/","title":{"rendered":"Sunmi L3 Holster Compact"},"content":{"rendered":"<p><strong>Sunmi L3 Holster Compact<\/strong><\/p>\n<p>Kabura Sunmi L3 Holster Compact zosta\u0142a zaprojektowana z my\u015bl\u0105 o profesjonalistach w handlu detalicznym, logistyce i dostawach, kt\u00f3rzy codziennie korzystaj\u0105 z mobilnych terminali p\u0142atniczych. Wa\u017c\u0105c zaledwie 66 gram\u00f3w, jest wyj\u0105tkowo lekki, a jednocze\u015bnie zapewnia niezawodn\u0105 ochron\u0119.<\/p>\n<p>Wykonana z autentycznej Cordury\u00ae (znanej z odporno\u015bci na rozdarcia i d\u0142ugiej \u017cywotno\u015bci) wytrzymuje intensywne u\u017cytkowanie w wymagaj\u0105cych warunkach. Dla maksymalnej praktyczno\u015bci kabura posiada mocne zapi\u0119cie na rzep, zintegrowany uchwyt na d\u0142ugopis oraz dodatkow\u0105 kiesze\u0144 na notatki lub akcesoria.<\/p>\n<p>Wyposa\u017cony w 30 mm pas biodrowy i oferuj\u0105cy punkty mocowania opcjonalnego paska na rami\u0119, zapewnia wszechstronne opcje noszenia. Obj\u0119ty 5-letni\u0105 gwarancj\u0105.<\/p>\n<p><strong>Specyfikacja techniczna<\/strong><\/p>\n<ul>\n<li>Lekka jak pi\u00f3rko konstrukcja: Tylko 66 g<\/li>\n<li>Wykonana z oryginalnej Cordury\u00ae<\/li>\n<li>Bezpieczne zapi\u0119cie na rzep zapewnia niezawodno\u015b\u0107<\/li>\n<li>Dodatkowa kiesze\u0144 na akcesoria lub notatki<\/li>\n<li>Wbudowany uchwyt na d\u0142ugopis<\/li>\n<li>Zawiera pas biodrowy 30 mm<\/li>\n<li>Opcjonalny kompatybilny pasek na rami\u0119<\/li>\n<li>Idealne dopasowanie do urz\u0105dze\u0144 p\u0142atniczych wielko\u015bci smartfona<\/li>\n<li>5 lat gwarancji z gwarancj\u0105 odporno\u015bci na rozdarcie<\/li>\n<\/ul>","protected":false},"excerpt":{"rendered":"<p>Sunmi L3 Holster Compact to lekkie i niezawodne etui do terminali p\u0142atniczych z systemem Android w formacie smartfona. Oferuje wyj\u0105tkow\u0105 odporno\u015b\u0107 na zu\u017cycie i d\u0142ugotrwa\u0142\u0105 ochron\u0119, dzi\u0119ki czemu jest idealnym wyborem dla profesjonalist\u00f3w zajmuj\u0105cych si\u0119 handlem detalicznym, logistyk\u0105 i sprzeda\u017c\u0105 mobiln\u0105.<\/p>\n<ul>\n<li>Ultralekka konstrukcja: Tylko 66 g<\/li>\n<li>Wytrzyma\u0142a konstrukcja Cordura<\/li>\n<li>Zintegrowany uchwyt na d\u0142ugopis do codziennych zada\u0144<\/li>\n<li>Dostarczany z pasem biodrowym<\/li>\n<li>Opcjonalny kompatybilny pasek na rami\u0119<\/li>\n<li>5-letnia gwarancja w zestawie<\/li>\n<\/ul>","protected":false},"featured_media":37711,"comment_status":"closed","ping_status":"closed","template":"","meta":[],"product_cat":[1555,3706],"product_tag":[702,3708,3814,3815,3816,2704,3522,3707,3817],"acf":[],"_links":{"self":[{"href":"https:\/\/paymentdiscounter.com\/pl\/wp-json\/wp\/v2\/product\/36090"}],"collection":[{"href":"https:\/\/paymentdiscounter.com\/pl\/wp-json\/wp\/v2\/product"}],"about":[{"href":"https:\/\/paymentdiscounter.com\/pl\/wp-json\/wp\/v2\/types\/product"}],"replies":[{"embeddable":true,"href":"https:\/\/paymentdiscounter.com\/pl\/wp-json\/wp\/v2\/comments?post=36090"}],"version-history":[{"count":7,"href":"https:\/\/paymentdiscounter.com\/pl\/wp-json\/wp\/v2\/product\/36090\/revisions"}],"predecessor-version":[{"id":37713,"href":"https:\/\/paymentdiscounter.com\/pl\/wp-json\/wp\/v2\/product\/36090\/revisions\/37713"}],"wp:featuredmedia":[{"embeddable":true,"href":"https:\/\/paymentdiscounter.com\/pl\/wp-json\/wp\/v2\/media\/37711"}],"wp:attachment":[{"href":"https:\/\/paymentdiscounter.com\/pl\/wp-json\/wp\/v2\/media?parent=36090"}],"wp:term":[{"taxonomy":"product_cat","embeddable":true,"href":"https:\/\/paymentdiscounter.com\/pl\/wp-json\/wp\/v2\/product_cat?post=36090"},{"taxonomy":"product_tag","embeddable":true,"href":"https:\/\/paymentdiscounter.com\/pl\/wp-json\/wp\/v2\/product_tag?post=36090"}],"curies":[{"name":"wp","href":"https:\/\/api.w.org\/{rel}","templated":true}]}}