{"id":35548,"date":"2025-03-16T20:31:16","date_gmt":"2025-03-16T20:31:16","guid":{"rendered":"https:\/\/paymentdiscounter.com\/?post_type=product&#038;p=35548"},"modified":"2025-07-21T10:21:15","modified_gmt":"2025-07-21T10:21:15","slug":"pax-a920-pro-pokrowiec-ochronny-bialy","status":"publish","type":"product","link":"https:\/\/paymentdiscounter.com\/pl\/produkt\/pax-a920-pro-pokrowiec-ochronny-bialy\/","title":{"rendered":"Pax Pokrowiec ochronny A920 PRO Bia\u0142y"},"content":{"rendered":"<p>Zapobiegaj uszkodzeniom i kosztownym naprawom, korzystaj\u0105c z naszej os\u0142ony ochronnej dla mobilnych terminali p\u0142atniczych. Dodatkowo, os\u0142ona ochronna jest lekka i \u0142atwa do zamocowania, co czyni j\u0105 wygodnym akcesorium dla ka\u017cdej firmy, kt\u00f3ra polega na przetwarzaniu p\u0142atno\u015bci mobilnych.<\/p>","protected":false},"excerpt":{"rendered":"<p>Korzystanie z os\u0142ony ochronnej Pax A920 PRO do terminala p\u0142atniczego to prosty spos\u00f3b na zapobieganie uszkodzeniom mobilnego terminala p\u0142atniczego. Utrzymuje on terminal d\u0142u\u017cej w dobrym stanie i pomaga zapobiega\u0107 kosztownym naprawom. Ten bia\u0142y pokrowiec ochronny zapewnia lepsz\u0105 ochron\u0119 mobilnego terminala p\u0142atniczego przed wod\u0105, uderzeniami i uszkodzeniami spowodowanymi upadkiem.<\/p>","protected":false},"featured_media":35571,"comment_status":"open","ping_status":"closed","template":"","meta":[],"product_cat":[730,1489],"product_tag":[3768,3840,901,728,1492,3769,2611,1536,891,735,3844,996],"acf":[],"_links":{"self":[{"href":"https:\/\/paymentdiscounter.com\/pl\/wp-json\/wp\/v2\/product\/35548"}],"collection":[{"href":"https:\/\/paymentdiscounter.com\/pl\/wp-json\/wp\/v2\/product"}],"about":[{"href":"https:\/\/paymentdiscounter.com\/pl\/wp-json\/wp\/v2\/types\/product"}],"replies":[{"embeddable":true,"href":"https:\/\/paymentdiscounter.com\/pl\/wp-json\/wp\/v2\/comments?post=35548"}],"version-history":[{"count":5,"href":"https:\/\/paymentdiscounter.com\/pl\/wp-json\/wp\/v2\/product\/35548\/revisions"}],"predecessor-version":[{"id":36648,"href":"https:\/\/paymentdiscounter.com\/pl\/wp-json\/wp\/v2\/product\/35548\/revisions\/36648"}],"wp:featuredmedia":[{"embeddable":true,"href":"https:\/\/paymentdiscounter.com\/pl\/wp-json\/wp\/v2\/media\/35571"}],"wp:attachment":[{"href":"https:\/\/paymentdiscounter.com\/pl\/wp-json\/wp\/v2\/media?parent=35548"}],"wp:term":[{"taxonomy":"product_cat","embeddable":true,"href":"https:\/\/paymentdiscounter.com\/pl\/wp-json\/wp\/v2\/product_cat?post=35548"},{"taxonomy":"product_tag","embeddable":true,"href":"https:\/\/paymentdiscounter.com\/pl\/wp-json\/wp\/v2\/product_tag?post=35548"}],"curies":[{"name":"wp","href":"https:\/\/api.w.org\/{rel}","templated":true}]}}