{"id":35547,"date":"2025-03-16T20:27:14","date_gmt":"2025-03-16T20:27:14","guid":{"rendered":"https:\/\/paymentdiscounter.com\/?post_type=product&#038;p=35547"},"modified":"2026-03-26T12:38:39","modified_gmt":"2026-03-26T12:38:39","slug":"pokrywa-drukarki-pax-a920-pro","status":"publish","type":"product","link":"https:\/\/paymentdiscounter.com\/pl\/produkt\/pokrywa-drukarki-pax-a920-pro\/","title":{"rendered":"Pax Pokrywa drukarki A920 PRO"},"content":{"rendered":"<p>Pokrywa drukarki Pax A920 PRO jest niezb\u0119dnym elementem mobilnego terminala p\u0142atniczego. Posiada rolk\u0119 drukuj\u0105c\u0105, kt\u00f3ra podaje papier paragonowy i zapewnia wyra\u017ane pokwitowania transakcji. Nale\u017cy pami\u0119ta\u0107, \u017ce z czasem rolka drukuj\u0105ca mo\u017ce si\u0119 zu\u017cy\u0107, co jest wskazaniem do wymiany pokrywy drukarki.<\/p>\n<p>Warto wspomnie\u0107, \u017ce dbanie o pokryw\u0119 drukarki terminala p\u0142atniczego mo\u017ce wyd\u0142u\u017cy\u0107 jej \u017cywotno\u015b\u0107 i zmniejszy\u0107 cz\u0119stotliwo\u015b\u0107 potrzebnych wymian. Dodatkowo, regularne czyszczenie wa\u0142ka drukuj\u0105cego mo\u017ce poprawi\u0107 jako\u015b\u0107 wydruk\u00f3w potwierdze\u0144 transakcji.<\/p>","protected":false},"excerpt":{"rendered":"<p>Pokrywa drukarki Pax A920 PRO jest niezb\u0119dnym elementem mobilnego terminala p\u0142atniczego. Posiada rolk\u0119 drukuj\u0105c\u0105, kt\u00f3ra podaje papier paragonowy i zapewnia wyra\u017ane pokwitowania transakcji. Nale\u017cy pami\u0119ta\u0107, \u017ce z czasem rolka drukuj\u0105ca mo\u017ce ulec zu\u017cyciu, co jest wskazaniem do wymiany pokrywy drukarki.<\/p>\n<p>Na szcz\u0119\u015bcie wymiana pokrywy drukarki Pax jest prostym procesem i jest \u0142atwo dost\u0119pna w naszym magazynie. W przypadku zam\u00f3wienia przed godzin\u0105 16:00 mo\u017cemy wys\u0142a\u0107 j\u0105 tego samego dnia.<\/p>","protected":false},"featured_media":35605,"comment_status":"closed","ping_status":"closed","template":"","meta":[],"product_cat":[730,1489],"product_tag":[3768,728,1492,3769,2611,2613,1539,851],"acf":[],"_links":{"self":[{"href":"https:\/\/paymentdiscounter.com\/pl\/wp-json\/wp\/v2\/product\/35547"}],"collection":[{"href":"https:\/\/paymentdiscounter.com\/pl\/wp-json\/wp\/v2\/product"}],"about":[{"href":"https:\/\/paymentdiscounter.com\/pl\/wp-json\/wp\/v2\/types\/product"}],"replies":[{"embeddable":true,"href":"https:\/\/paymentdiscounter.com\/pl\/wp-json\/wp\/v2\/comments?post=35547"}],"version-history":[{"count":3,"href":"https:\/\/paymentdiscounter.com\/pl\/wp-json\/wp\/v2\/product\/35547\/revisions"}],"predecessor-version":[{"id":35606,"href":"https:\/\/paymentdiscounter.com\/pl\/wp-json\/wp\/v2\/product\/35547\/revisions\/35606"}],"wp:featuredmedia":[{"embeddable":true,"href":"https:\/\/paymentdiscounter.com\/pl\/wp-json\/wp\/v2\/media\/35605"}],"wp:attachment":[{"href":"https:\/\/paymentdiscounter.com\/pl\/wp-json\/wp\/v2\/media?parent=35547"}],"wp:term":[{"taxonomy":"product_cat","embeddable":true,"href":"https:\/\/paymentdiscounter.com\/pl\/wp-json\/wp\/v2\/product_cat?post=35547"},{"taxonomy":"product_tag","embeddable":true,"href":"https:\/\/paymentdiscounter.com\/pl\/wp-json\/wp\/v2\/product_tag?post=35547"}],"curies":[{"name":"wp","href":"https:\/\/api.w.org\/{rel}","templated":true}]}}