{"id":35543,"date":"2025-03-16T20:26:48","date_gmt":"2025-03-16T20:26:48","guid":{"rendered":"https:\/\/paymentdiscounter.com\/?post_type=product&#038;p=35543"},"modified":"2025-07-31T15:09:12","modified_gmt":"2025-07-31T15:09:12","slug":"pax-a920-pro-stand-contour","status":"publish","type":"product","link":"https:\/\/paymentdiscounter.com\/pl\/produkt\/pax-a920-pro-stand-contour\/","title":{"rendered":"Pax A920 PRO Stand Contour"},"content":{"rendered":"<p><strong>Pax A920 PRO Stand Contour<\/strong><br \/>\nKontur Pax A920 PRO to bezpieczna i trwa\u0142a metoda monta\u017cu terminala p\u0142atniczego na \u015bcianie. Obrotowa podstawa zapewnia sta\u0142\u0105 lokalizacj\u0119 terminala Pax i zmniejsza przestrze\u0144 potrzebn\u0105 na ladzie. Zmniejsza ryzyko wypadk\u00f3w i pomaga zapobiega\u0107 uszkodzeniu urz\u0105dzenia przez wod\u0119 lub upadek.<\/p>\n<p>Stojak jest dost\u0119pny w modelach: Niski | Wysoki | Monta\u017c na \u015bcianie.<br \/>\nPodstawk\u0119 terminala mo\u017cna przymocowa\u0107 za pomoc\u0105 paska samoprzylepnego lub zestawu \u015brub.<\/p>\n<p><strong>Korzy\u015bci:<\/strong><\/p>\n<ul>\n<li>Zwi\u0119kszone i wzmocnione rozwi\u0105zanie monta\u017cowe.<\/li>\n<li>Mo\u017cliwo\u015b\u0107 pochylenia do 140 stopni.<\/li>\n<li>Mo\u017cliwo\u015b\u0107 obrotu do 330 stopni.<\/li>\n<li>Dostarczany wraz z p\u0142yt\u0105 monta\u017cow\u0105.<\/li>\n<li>Mo\u017ce by\u0107 mocowany za pomoc\u0105 \u015brub lub pask\u00f3w samoprzylepnych.<\/li>\n<li>Zapobiega zerwaniu kabli.<\/li>\n<\/ul>\n<p>&nbsp;<\/p>","protected":false},"excerpt":{"rendered":"<p>Kontur Pax A920 PRO to bezpieczna i trwa\u0142a metoda monta\u017cu terminala p\u0142atniczego na \u015bcianie. Idealny dla przedsi\u0119biorc\u00f3w gastronomicznych, w\u0142a\u015bcicieli kawiarni lub firm, kt\u00f3re chc\u0105 zachowa\u0107 przegl\u0105d i chc\u0105 zapobiec wypadkom podczas kas.<\/p>\n<p>Mo\u017cliwo\u015b\u0107 pochylania do 140 stopni i obracania do 330 stopni.<\/p>","protected":false},"featured_media":35583,"comment_status":"open","ping_status":"closed","template":"","meta":[],"product_cat":[730,1489],"product_tag":[3768,1917,3349,2615,2618,728,1492,3769,2611,908,909,1326],"acf":[],"_links":{"self":[{"href":"https:\/\/paymentdiscounter.com\/pl\/wp-json\/wp\/v2\/product\/35543"}],"collection":[{"href":"https:\/\/paymentdiscounter.com\/pl\/wp-json\/wp\/v2\/product"}],"about":[{"href":"https:\/\/paymentdiscounter.com\/pl\/wp-json\/wp\/v2\/types\/product"}],"replies":[{"embeddable":true,"href":"https:\/\/paymentdiscounter.com\/pl\/wp-json\/wp\/v2\/comments?post=35543"}],"version-history":[{"count":2,"href":"https:\/\/paymentdiscounter.com\/pl\/wp-json\/wp\/v2\/product\/35543\/revisions"}],"predecessor-version":[{"id":35586,"href":"https:\/\/paymentdiscounter.com\/pl\/wp-json\/wp\/v2\/product\/35543\/revisions\/35586"}],"wp:featuredmedia":[{"embeddable":true,"href":"https:\/\/paymentdiscounter.com\/pl\/wp-json\/wp\/v2\/media\/35583"}],"wp:attachment":[{"href":"https:\/\/paymentdiscounter.com\/pl\/wp-json\/wp\/v2\/media?parent=35543"}],"wp:term":[{"taxonomy":"product_cat","embeddable":true,"href":"https:\/\/paymentdiscounter.com\/pl\/wp-json\/wp\/v2\/product_cat?post=35543"},{"taxonomy":"product_tag","embeddable":true,"href":"https:\/\/paymentdiscounter.com\/pl\/wp-json\/wp\/v2\/product_tag?post=35543"}],"curies":[{"name":"wp","href":"https:\/\/api.w.org\/{rel}","templated":true}]}}